{"id":13437,"date":"2025-01-18T12:48:39","date_gmt":"2025-01-18T09:48:39","guid":{"rendered":"https:\/\/ceoparts.com\/?post_type=product&#038;p=13437"},"modified":"2026-05-16T19:25:16","modified_gmt":"2026-05-16T16:25:16","slug":"still-fmx-reach-sensoru-51903608902","status":"publish","type":"product","link":"https:\/\/ceoparts.com\/tr\/urun\/still-fmx-reach-sensoru-51903608902\/","title":{"rendered":"Still Fmx Reach Sens\u00f6r\u00fc &#8211; 51903608902"},"content":{"rendered":"<p>Still Fmx Reach Sens\u00f6r\u00fc &#8211; 51903608902<\/p>","protected":false},"excerpt":{"rendered":"<p data-start=\"0\" data-end=\"203\"><br data-start=\"5\" data-end=\"8\" \/>Still FMX Reach Sens\u00f6r\u00fc, forkliftlerde y\u00fck ta\u015f\u0131ma mesafesini ve mast pozisyonunu hassas \u015fekilde \u00f6l\u00e7en elektronik bir sens\u00f6rd\u00fcr. Y\u00fcksek do\u011frulukla veri sa\u011flayarak g\u00fcvenli ve verimli \u00e7al\u0131\u015fma sunar.<\/p>\n<p data-start=\"205\" data-end=\"463\"><strong data-start=\"205\" data-end=\"220\">\u00d6zellikler:<\/strong><br data-start=\"220\" data-end=\"223\" \/><strong data-start=\"223\" data-end=\"236\">\u00dcr\u00fcn Ad\u0131:<\/strong> Still FMX Reach Sens\u00f6r\u00fc<br data-start=\"260\" data-end=\"263\" \/><strong data-start=\"263\" data-end=\"278\">Par\u00e7a Kodu:<\/strong> 51903608902<br data-start=\"290\" data-end=\"293\" \/><strong data-start=\"293\" data-end=\"305\">Malzeme:<\/strong> Dayan\u0131kl\u0131 elektronik bile\u015fenler<br data-start=\"337\" data-end=\"340\" \/><strong data-start=\"340\" data-end=\"359\">Kullan\u0131m Alan\u0131:<\/strong> Still FMX reach forklift sistemleri<br data-start=\"395\" data-end=\"398\" \/><strong data-start=\"398\" data-end=\"410\">Avantaj:<\/strong> Y\u00fcksek hassasiyet, g\u00fcvenilir performans, uzun \u00f6m\u00fcr<\/p>\n<p data-start=\"465\" data-end=\"659\">\n","protected":false},"featured_media":13440,"template":"","meta":[],"product_brand":[],"product_cat":[241,469,524],"product_tag":[],"class_list":{"0":"post-13437","1":"product","2":"type-product","3":"status-publish","4":"has-post-thumbnail","6":"product_cat-still","7":"product_cat-elektrik-ve-sistem-parcalari","8":"product_cat-yedek-parca-still","10":"first","11":"instock","12":"taxable","13":"shipping-taxable","14":"purchasable","15":"product-type-simple"},"_links":{"self":[{"href":"https:\/\/ceoparts.com\/tr\/wp-json\/wp\/v2\/product\/13437","targetHints":{"allow":["GET"]}}],"collection":[{"href":"https:\/\/ceoparts.com\/tr\/wp-json\/wp\/v2\/product"}],"about":[{"href":"https:\/\/ceoparts.com\/tr\/wp-json\/wp\/v2\/types\/product"}],"wp:featuredmedia":[{"embeddable":true,"href":"https:\/\/ceoparts.com\/tr\/wp-json\/wp\/v2\/media\/13440"}],"wp:attachment":[{"href":"https:\/\/ceoparts.com\/tr\/wp-json\/wp\/v2\/media?parent=13437"}],"wp:term":[{"taxonomy":"product_brand","embeddable":true,"href":"https:\/\/ceoparts.com\/tr\/wp-json\/wp\/v2\/product_brand?post=13437"},{"taxonomy":"product_cat","embeddable":true,"href":"https:\/\/ceoparts.com\/tr\/wp-json\/wp\/v2\/product_cat?post=13437"},{"taxonomy":"product_tag","embeddable":true,"href":"https:\/\/ceoparts.com\/tr\/wp-json\/wp\/v2\/product_tag?post=13437"}],"curies":[{"name":"wp","href":"https:\/\/api.w.org\/{rel}","templated":true}]}}