{"id":13442,"date":"2025-01-20T14:43:45","date_gmt":"2025-01-20T11:43:45","guid":{"rendered":"https:\/\/ceoparts.com\/?post_type=product&#038;p=13442"},"modified":"2026-05-16T13:24:30","modified_gmt":"2026-05-16T10:24:30","slug":"bt-lpe-lwe-kol-sensoru-243770-14596775","status":"publish","type":"product","link":"https:\/\/ceoparts.com\/tr\/urun\/bt-lpe-lwe-kol-sensoru-243770-14596775\/","title":{"rendered":"BT LPE\/LWE Kol Sens\u00f6r\u00fc &#8211; 243770 , 14596775"},"content":{"rendered":"<p>BT LPE\/LWE Kol Sens\u00f6r\u00fc &#8211; 243770 , 14596775<\/p>","protected":false},"excerpt":{"rendered":"<p data-start=\"0\" data-end=\"202\"><br data-start=\"5\" data-end=\"8\" \/>BT LPE\/LWE Kol Sens\u00f6r\u00fc, forkliftlerin kol kontrol sistemlerinde kullan\u0131lan hassas bir elektronik sens\u00f6rd\u00fcr. Operat\u00f6r\u00fcn hareketlerini do\u011fru \u015fekilde alg\u0131layarak g\u00fcvenli ve verimli kullan\u0131m sa\u011flar.<\/p>\n<p data-start=\"204\" data-end=\"467\"><strong data-start=\"204\" data-end=\"219\">\u00d6zellikler:<\/strong><br data-start=\"219\" data-end=\"222\" \/><strong data-start=\"222\" data-end=\"235\">\u00dcr\u00fcn Ad\u0131:<\/strong> BT LPE\/LWE Kol Sens\u00f6r\u00fc<br data-start=\"258\" data-end=\"261\" \/><strong data-start=\"261\" data-end=\"276\">Par\u00e7a Kodu:<\/strong> 243770, 14596775<br data-start=\"293\" data-end=\"296\" \/><strong data-start=\"296\" data-end=\"308\">Malzeme:<\/strong> Dayan\u0131kl\u0131 elektronik bile\u015fenler<br data-start=\"340\" data-end=\"343\" \/><strong data-start=\"343\" data-end=\"362\">Kullan\u0131m Alan\u0131:<\/strong> BT LPE ve LWE forklift kol kontrol sistemleri<br data-start=\"408\" data-end=\"411\" \/><strong data-start=\"411\" data-end=\"423\">Avantaj:<\/strong> Y\u00fcksek hassasiyet, h\u0131zl\u0131 tepki, uzun \u00f6m\u00fcr<\/p>\n<p data-start=\"469\" data-end=\"656\">\n","protected":false},"featured_media":18668,"template":"","meta":[],"product_brand":[],"product_cat":[251,469,518],"product_tag":[],"class_list":{"0":"post-13442","1":"product","2":"type-product","3":"status-publish","4":"has-post-thumbnail","6":"product_cat-bt","7":"product_cat-elektrik-ve-sistem-parcalari","8":"product_cat-yedek-parca-bt","10":"first","11":"instock","12":"taxable","13":"shipping-taxable","14":"purchasable","15":"product-type-simple"},"_links":{"self":[{"href":"https:\/\/ceoparts.com\/tr\/wp-json\/wp\/v2\/product\/13442","targetHints":{"allow":["GET"]}}],"collection":[{"href":"https:\/\/ceoparts.com\/tr\/wp-json\/wp\/v2\/product"}],"about":[{"href":"https:\/\/ceoparts.com\/tr\/wp-json\/wp\/v2\/types\/product"}],"wp:featuredmedia":[{"embeddable":true,"href":"https:\/\/ceoparts.com\/tr\/wp-json\/wp\/v2\/media\/18668"}],"wp:attachment":[{"href":"https:\/\/ceoparts.com\/tr\/wp-json\/wp\/v2\/media?parent=13442"}],"wp:term":[{"taxonomy":"product_brand","embeddable":true,"href":"https:\/\/ceoparts.com\/tr\/wp-json\/wp\/v2\/product_brand?post=13442"},{"taxonomy":"product_cat","embeddable":true,"href":"https:\/\/ceoparts.com\/tr\/wp-json\/wp\/v2\/product_cat?post=13442"},{"taxonomy":"product_tag","embeddable":true,"href":"https:\/\/ceoparts.com\/tr\/wp-json\/wp\/v2\/product_tag?post=13442"}],"curies":[{"name":"wp","href":"https:\/\/api.w.org\/{rel}","templated":true}]}}