{"id":13448,"date":"2025-01-20T14:54:12","date_gmt":"2025-01-20T11:54:12","guid":{"rendered":"https:\/\/ceoparts.com\/?post_type=product&#038;p=13448"},"modified":"2026-05-16T14:40:04","modified_gmt":"2026-05-16T11:40:04","slug":"bt-rre-160h-asansor-kablosu-006-7656550006-7578722006","status":"publish","type":"product","link":"https:\/\/ceoparts.com\/tr\/urun\/bt-rre-160h-asansor-kablosu-006-7656550006-7578722006\/","title":{"rendered":"BT RRE 160H Asans\u00f6r Kablosu 006 &#8211; 7656550006 , 7578722006"},"content":{"rendered":"<p>BT RRE 160H Asans\u00f6r Kablosu 006 &#8211; 7656550006 , 7578722006<\/p>","protected":false},"excerpt":{"rendered":"<p data-start=\"0\" data-end=\"174\"><br data-start=\"5\" data-end=\"8\" \/>BT RRE 160H Asans\u00f6r Kablosu 006, forklift asans\u00f6r sistemlerinde kullan\u0131lan dayan\u0131kl\u0131 ve esnek bir kablodur. Y\u00fck kald\u0131rma i\u015flemlerinde g\u00fcvenli elektrik iletimi sa\u011flar.<\/p>\n<p data-start=\"176\" data-end=\"479\"><strong data-start=\"176\" data-end=\"191\">\u00d6zellikler:<\/strong><br data-start=\"191\" data-end=\"194\" \/><strong data-start=\"194\" data-end=\"207\">\u00dcr\u00fcn Ad\u0131:<\/strong> BT RRE 160H Asans\u00f6r Kablosu 006<br data-start=\"239\" data-end=\"242\" \/><strong data-start=\"242\" data-end=\"257\">Par\u00e7a Kodu:<\/strong> 7656550006, 7578722006<br data-start=\"280\" data-end=\"283\" \/><strong data-start=\"283\" data-end=\"295\">Malzeme:<\/strong> Dayan\u0131kl\u0131 bak\u0131r iletken ve izolasyon malzemesi<br data-start=\"342\" data-end=\"345\" \/><strong data-start=\"345\" data-end=\"364\">Kullan\u0131m Alan\u0131:<\/strong> BT RRE 160H forklift asans\u00f6r sistemleri<br data-start=\"404\" data-end=\"407\" \/><strong data-start=\"407\" data-end=\"419\">Avantaj:<\/strong> Esnek yap\u0131, y\u00fcksek dayan\u0131kl\u0131l\u0131k, g\u00fcvenli elektrik iletimi<\/p>\n<p data-start=\"481\" data-end=\"651\">\n","protected":false},"featured_media":13450,"template":"","meta":[],"product_brand":[],"product_cat":[251,469,518],"product_tag":[],"class_list":{"0":"post-13448","1":"product","2":"type-product","3":"status-publish","4":"has-post-thumbnail","6":"product_cat-bt","7":"product_cat-elektrik-ve-sistem-parcalari","8":"product_cat-yedek-parca-bt","10":"first","11":"instock","12":"taxable","13":"shipping-taxable","14":"purchasable","15":"product-type-simple"},"_links":{"self":[{"href":"https:\/\/ceoparts.com\/tr\/wp-json\/wp\/v2\/product\/13448","targetHints":{"allow":["GET"]}}],"collection":[{"href":"https:\/\/ceoparts.com\/tr\/wp-json\/wp\/v2\/product"}],"about":[{"href":"https:\/\/ceoparts.com\/tr\/wp-json\/wp\/v2\/types\/product"}],"wp:featuredmedia":[{"embeddable":true,"href":"https:\/\/ceoparts.com\/tr\/wp-json\/wp\/v2\/media\/13450"}],"wp:attachment":[{"href":"https:\/\/ceoparts.com\/tr\/wp-json\/wp\/v2\/media?parent=13448"}],"wp:term":[{"taxonomy":"product_brand","embeddable":true,"href":"https:\/\/ceoparts.com\/tr\/wp-json\/wp\/v2\/product_brand?post=13448"},{"taxonomy":"product_cat","embeddable":true,"href":"https:\/\/ceoparts.com\/tr\/wp-json\/wp\/v2\/product_cat?post=13448"},{"taxonomy":"product_tag","embeddable":true,"href":"https:\/\/ceoparts.com\/tr\/wp-json\/wp\/v2\/product_tag?post=13448"}],"curies":[{"name":"wp","href":"https:\/\/api.w.org\/{rel}","templated":true}]}}