{"id":13459,"date":"2025-01-20T16:14:19","date_gmt":"2025-01-20T13:14:19","guid":{"rendered":"https:\/\/ceoparts.com\/?post_type=product&#038;p=13459"},"modified":"2026-05-16T17:24:40","modified_gmt":"2026-05-16T14:24:40","slug":"still-rx20-20-devir-sensoru-9356313-0737866-50430956","status":"publish","type":"product","link":"https:\/\/ceoparts.com\/tr\/urun\/still-rx20-20-devir-sensoru-9356313-0737866-50430956\/","title":{"rendered":"Still RX20-20 Devir Sens\u00f6r\u00fc &#8211; 9356313 , 0737866 , 50430956"},"content":{"rendered":"<p>Still RX20-20 Devir Sens\u00f6r\u00fc &#8211; 9356313 , 0737866 , 50430956<\/p>","protected":false},"excerpt":{"rendered":"<article class=\"text-token-text-primary w-full\" dir=\"auto\" data-testid=\"conversation-turn-80\" data-scroll-anchor=\"true\">\n<div class=\"text-base my-auto mx-auto py-5 [--thread-content-margin:--spacing(4)] @[37rem]:[--thread-content-margin:--spacing(6)] @[72rem]:[--thread-content-margin:--spacing(16)] px-(--thread-content-margin)\">\n<div class=\"[--thread-content-max-width:32rem] @[34rem]:[--thread-content-max-width:40rem] @[64rem]:[--thread-content-max-width:48rem] mx-auto flex max-w-(--thread-content-max-width) flex-1 text-base gap-4 md:gap-5 lg:gap-6 group\/turn-messages focus-visible:outline-hidden\">\n<div class=\"group\/conversation-turn relative flex w-full min-w-0 flex-col agent-turn\">\n<div class=\"relative flex-col gap-1 md:gap-3\">\n<div class=\"flex max-w-full flex-col grow\">\n<div class=\"min-h-8 text-message relative flex w-full flex-col items-end gap-2 text-start break-words whitespace-normal [.text-message+&amp;]:mt-5\" dir=\"auto\" data-message-author-role=\"assistant\" data-message-id=\"3a1e2f7e-743b-4a39-8e7e-05b3535581f6\" data-message-model-slug=\"gpt-4-1-mini\">\n<div class=\"flex w-full flex-col gap-1 empty:hidden first:pt-[3px]\">\n<div class=\"markdown prose dark:prose-invert w-full break-words light\">\n<p data-start=\"0\" data-end=\"181\"><br data-start=\"5\" data-end=\"8\" \/>Still RX20-20 Devir Sens\u00f6r\u00fc, forklift motorunun d\u00f6n\u00fc\u015f h\u0131z\u0131n\u0131 hassas \u015fekilde \u00f6l\u00e7en elektronik bir sens\u00f6rd\u00fcr. Motor performans\u0131n\u0131n do\u011fru ve verimli y\u00f6netilmesine katk\u0131 sa\u011flar.<\/p>\n<p data-start=\"183\" data-end=\"459\"><strong data-start=\"183\" data-end=\"198\">\u00d6zellikler:<\/strong><br data-start=\"198\" data-end=\"201\" \/><strong data-start=\"201\" data-end=\"214\">\u00dcr\u00fcn Ad\u0131:<\/strong> Still RX20-20 Devir Sens\u00f6r\u00fc<br data-start=\"242\" data-end=\"245\" \/><strong data-start=\"245\" data-end=\"260\">Par\u00e7a Kodu:<\/strong> 9356313, 0737866, 50430956<br data-start=\"287\" data-end=\"290\" \/><strong data-start=\"290\" data-end=\"302\">Malzeme:<\/strong> Dayan\u0131kl\u0131 elektronik bile\u015fenler<br data-start=\"334\" data-end=\"337\" \/><strong data-start=\"337\" data-end=\"356\">Kullan\u0131m Alan\u0131:<\/strong> Still RX20-20 forklift motor sistemleri<br data-start=\"396\" data-end=\"399\" \/><strong data-start=\"399\" data-end=\"411\">Avantaj:<\/strong> Y\u00fcksek hassasiyet, g\u00fcvenilir \u00f6l\u00e7\u00fcm, uzun \u00f6m\u00fcr<\/p>\n<p data-start=\"461\" data-end=\"650\">\n<\/div>\n<\/div>\n<\/div>\n<\/div>\n<\/div>\n<\/div>\n<\/div>\n<\/div>\n<\/article>\n","protected":false},"featured_media":13464,"template":"","meta":[],"product_brand":[],"product_cat":[469,524,241],"product_tag":[],"class_list":{"0":"post-13459","1":"product","2":"type-product","3":"status-publish","4":"has-post-thumbnail","6":"product_cat-elektrik-ve-sistem-parcalari","7":"product_cat-yedek-parca-still","8":"product_cat-still","10":"first","11":"instock","12":"taxable","13":"shipping-taxable","14":"purchasable","15":"product-type-simple"},"_links":{"self":[{"href":"https:\/\/ceoparts.com\/tr\/wp-json\/wp\/v2\/product\/13459","targetHints":{"allow":["GET"]}}],"collection":[{"href":"https:\/\/ceoparts.com\/tr\/wp-json\/wp\/v2\/product"}],"about":[{"href":"https:\/\/ceoparts.com\/tr\/wp-json\/wp\/v2\/types\/product"}],"wp:featuredmedia":[{"embeddable":true,"href":"https:\/\/ceoparts.com\/tr\/wp-json\/wp\/v2\/media\/13464"}],"wp:attachment":[{"href":"https:\/\/ceoparts.com\/tr\/wp-json\/wp\/v2\/media?parent=13459"}],"wp:term":[{"taxonomy":"product_brand","embeddable":true,"href":"https:\/\/ceoparts.com\/tr\/wp-json\/wp\/v2\/product_brand?post=13459"},{"taxonomy":"product_cat","embeddable":true,"href":"https:\/\/ceoparts.com\/tr\/wp-json\/wp\/v2\/product_cat?post=13459"},{"taxonomy":"product_tag","embeddable":true,"href":"https:\/\/ceoparts.com\/tr\/wp-json\/wp\/v2\/product_tag?post=13459"}],"curies":[{"name":"wp","href":"https:\/\/api.w.org\/{rel}","templated":true}]}}