{"id":13468,"date":"2025-01-20T16:33:38","date_gmt":"2025-01-20T13:33:38","guid":{"rendered":"https:\/\/ceoparts.com\/?post_type=product&#038;p=13468"},"modified":"2026-05-16T13:30:10","modified_gmt":"2026-05-16T10:30:10","slug":"bt-rre160-direksiyon-sensorlu-rulman-ahe5402d-228989","status":"publish","type":"product","link":"https:\/\/ceoparts.com\/tr\/urun\/bt-rre160-direksiyon-sensorlu-rulman-ahe5402d-228989\/","title":{"rendered":"BT RRE160 Direksiyon Sens\u00f6rl\u00fc Rulman AHE5402D &#8211; 228989"},"content":{"rendered":"<p>BT RRE160 Direksiyon Sens\u00f6rl\u00fc Rulman AHE5402D &#8211; 228989<\/p>","protected":false},"excerpt":{"rendered":"<p data-start=\"0\" data-end=\"174\"><br data-start=\"5\" data-end=\"8\" \/>BT RRE160 Direksiyon Sens\u00f6rl\u00fc Rulman AHE5402D, forkliftlerde direksiyon sistemine entegre sens\u00f6rl\u00fc dayan\u0131kl\u0131 rulmand\u0131r. Hassas direksiyon kontrol\u00fc ve uzun \u00f6m\u00fcr sunar.<\/p>\n<p data-start=\"176\" data-end=\"457\"><strong data-start=\"176\" data-end=\"191\">\u00d6zellikler:<\/strong><br data-start=\"191\" data-end=\"194\" \/><strong data-start=\"194\" data-end=\"207\">\u00dcr\u00fcn Ad\u0131:<\/strong> BT RRE160 Direksiyon Sens\u00f6rl\u00fc Rulman AHE5402D<br data-start=\"253\" data-end=\"256\" \/><strong data-start=\"256\" data-end=\"271\">Par\u00e7a Kodu:<\/strong> 228989<br data-start=\"278\" data-end=\"281\" \/><strong data-start=\"281\" data-end=\"293\">Malzeme:<\/strong> Y\u00fcksek kaliteli rulman \u00e7elik malzeme<br data-start=\"330\" data-end=\"333\" \/><strong data-start=\"333\" data-end=\"352\">Kullan\u0131m Alan\u0131:<\/strong> BT RRE160 forklift direksiyon sistemleri<br data-start=\"393\" data-end=\"396\" \/><strong data-start=\"396\" data-end=\"408\">Avantaj:<\/strong> Entegre sens\u00f6r, hassas kontrol, dayan\u0131kl\u0131 yap\u0131<\/p>\n<p data-start=\"459\" data-end=\"646\">\n","protected":false},"featured_media":13470,"template":"","meta":[],"product_brand":[],"product_cat":[251,469,518],"product_tag":[],"class_list":{"0":"post-13468","1":"product","2":"type-product","3":"status-publish","4":"has-post-thumbnail","6":"product_cat-bt","7":"product_cat-elektrik-ve-sistem-parcalari","8":"product_cat-yedek-parca-bt","10":"first","11":"instock","12":"taxable","13":"shipping-taxable","14":"purchasable","15":"product-type-simple"},"_links":{"self":[{"href":"https:\/\/ceoparts.com\/tr\/wp-json\/wp\/v2\/product\/13468","targetHints":{"allow":["GET"]}}],"collection":[{"href":"https:\/\/ceoparts.com\/tr\/wp-json\/wp\/v2\/product"}],"about":[{"href":"https:\/\/ceoparts.com\/tr\/wp-json\/wp\/v2\/types\/product"}],"wp:featuredmedia":[{"embeddable":true,"href":"https:\/\/ceoparts.com\/tr\/wp-json\/wp\/v2\/media\/13470"}],"wp:attachment":[{"href":"https:\/\/ceoparts.com\/tr\/wp-json\/wp\/v2\/media?parent=13468"}],"wp:term":[{"taxonomy":"product_brand","embeddable":true,"href":"https:\/\/ceoparts.com\/tr\/wp-json\/wp\/v2\/product_brand?post=13468"},{"taxonomy":"product_cat","embeddable":true,"href":"https:\/\/ceoparts.com\/tr\/wp-json\/wp\/v2\/product_cat?post=13468"},{"taxonomy":"product_tag","embeddable":true,"href":"https:\/\/ceoparts.com\/tr\/wp-json\/wp\/v2\/product_tag?post=13468"}],"curies":[{"name":"wp","href":"https:\/\/api.w.org\/{rel}","templated":true}]}}