{"id":13472,"date":"2025-01-20T17:22:56","date_gmt":"2025-01-20T14:22:56","guid":{"rendered":"https:\/\/ceoparts.com\/?post_type=product&#038;p=13472"},"modified":"2026-05-16T14:02:04","modified_gmt":"2026-05-16T11:02:04","slug":"still-rt-devir-sensoru-7917415321-7917415537-8434292","status":"publish","type":"product","link":"https:\/\/ceoparts.com\/tr\/urun\/still-rt-devir-sensoru-7917415321-7917415537-8434292\/","title":{"rendered":"Still RT Devir Sens\u00f6r\u00fc &#8211; 7917415321 , 7917415537 , 8434292"},"content":{"rendered":"<p>Still RT Devir Sens\u00f6r\u00fc &#8211; 7917415321 , 7917415537 , 8434292<\/p>","protected":false},"excerpt":{"rendered":"<p data-start=\"0\" data-end=\"184\"><br data-start=\"5\" data-end=\"8\" \/>Still RT Devir Sens\u00f6r\u00fc, forklift motorunun d\u00f6n\u00fc\u015f h\u0131z\u0131n\u0131 hassas \u015fekilde \u00f6l\u00e7en elektronik bir sens\u00f6rd\u00fcr. Motor performans\u0131n\u0131n do\u011fru ve verimli \u015fekilde y\u00f6netilmesine katk\u0131 sa\u011flar.<\/p>\n<p data-start=\"186\" data-end=\"457\"><strong data-start=\"186\" data-end=\"201\">\u00d6zellikler:<\/strong><br data-start=\"201\" data-end=\"204\" \/><strong data-start=\"204\" data-end=\"217\">\u00dcr\u00fcn Ad\u0131:<\/strong> Still RT Devir Sens\u00f6r\u00fc<br data-start=\"240\" data-end=\"243\" \/><strong data-start=\"243\" data-end=\"258\">Par\u00e7a Kodu:<\/strong> 7917415321, 7917415537, 8434292<br data-start=\"290\" data-end=\"293\" \/><strong data-start=\"293\" data-end=\"305\">Malzeme:<\/strong> Dayan\u0131kl\u0131 elektronik bile\u015fenler<br data-start=\"337\" data-end=\"340\" \/><strong data-start=\"340\" data-end=\"359\">Kullan\u0131m Alan\u0131:<\/strong> Still RT forklift motor sistemleri<br data-start=\"394\" data-end=\"397\" \/><strong data-start=\"397\" data-end=\"409\">Avantaj:<\/strong> Y\u00fcksek hassasiyet, g\u00fcvenilir \u00f6l\u00e7\u00fcm, uzun \u00f6m\u00fcr<\/p>\n<p data-start=\"459\" data-end=\"643\">\n","protected":false},"featured_media":13474,"template":"","meta":[],"product_brand":[],"product_cat":[524,241,469],"product_tag":[],"class_list":{"0":"post-13472","1":"product","2":"type-product","3":"status-publish","4":"has-post-thumbnail","6":"product_cat-yedek-parca-still","7":"product_cat-still","8":"product_cat-elektrik-ve-sistem-parcalari","10":"first","11":"instock","12":"taxable","13":"shipping-taxable","14":"purchasable","15":"product-type-simple"},"_links":{"self":[{"href":"https:\/\/ceoparts.com\/tr\/wp-json\/wp\/v2\/product\/13472","targetHints":{"allow":["GET"]}}],"collection":[{"href":"https:\/\/ceoparts.com\/tr\/wp-json\/wp\/v2\/product"}],"about":[{"href":"https:\/\/ceoparts.com\/tr\/wp-json\/wp\/v2\/types\/product"}],"wp:featuredmedia":[{"embeddable":true,"href":"https:\/\/ceoparts.com\/tr\/wp-json\/wp\/v2\/media\/13474"}],"wp:attachment":[{"href":"https:\/\/ceoparts.com\/tr\/wp-json\/wp\/v2\/media?parent=13472"}],"wp:term":[{"taxonomy":"product_brand","embeddable":true,"href":"https:\/\/ceoparts.com\/tr\/wp-json\/wp\/v2\/product_brand?post=13472"},{"taxonomy":"product_cat","embeddable":true,"href":"https:\/\/ceoparts.com\/tr\/wp-json\/wp\/v2\/product_cat?post=13472"},{"taxonomy":"product_tag","embeddable":true,"href":"https:\/\/ceoparts.com\/tr\/wp-json\/wp\/v2\/product_tag?post=13472"}],"curies":[{"name":"wp","href":"https:\/\/api.w.org\/{rel}","templated":true}]}}