{"id":13476,"date":"2025-01-20T17:28:35","date_gmt":"2025-01-20T14:28:35","guid":{"rendered":"https:\/\/ceoparts.com\/?post_type=product&#038;p=13476"},"modified":"2026-05-16T15:55:37","modified_gmt":"2026-05-16T12:55:37","slug":"linde-devir-sensoru-7917415679-7917415809-7917415538","status":"publish","type":"product","link":"https:\/\/ceoparts.com\/tr\/urun\/linde-devir-sensoru-7917415679-7917415809-7917415538\/","title":{"rendered":"Still \/ Linde Devir Sens\u00f6r\u00fc &#8211; 7917415679 , 7917415809 , 7917415538, 7917415402"},"content":{"rendered":"<p>Still \/ Linde Devir Sens\u00f6r\u00fc &#8211; 7917415679 , 7917415809 , 7917415538, 7917415402<\/p>","protected":false},"excerpt":{"rendered":"<p data-start=\"0\" data-end=\"173\"><br data-start=\"5\" data-end=\"8\" \/>Still \/ Linde Devir Sens\u00f6r\u00fc, forklift motorlar\u0131n\u0131n d\u00f6n\u00fc\u015f h\u0131z\u0131n\u0131 hassas \u015fekilde \u00f6l\u00e7en elektronik bir sens\u00f6rd\u00fcr. Motor performans\u0131n\u0131n optimize edilmesine katk\u0131 sa\u011flar.<\/p>\n<p data-start=\"175\" data-end=\"472\"><strong data-start=\"175\" data-end=\"190\">\u00d6zellikler:<\/strong><br data-start=\"190\" data-end=\"193\" \/><strong data-start=\"193\" data-end=\"206\">\u00dcr\u00fcn Ad\u0131:<\/strong> Still \/ Linde Devir Sens\u00f6r\u00fc<br data-start=\"234\" data-end=\"237\" \/><strong data-start=\"237\" data-end=\"252\">Par\u00e7a Kodu:<\/strong> 7917415679, 7917415809, 7917415538, 7917415402<br data-start=\"299\" data-end=\"302\" \/><strong data-start=\"302\" data-end=\"314\">Malzeme:<\/strong> Dayan\u0131kl\u0131 elektronik bile\u015fenler<br data-start=\"346\" data-end=\"349\" \/><strong data-start=\"349\" data-end=\"368\">Kullan\u0131m Alan\u0131:<\/strong> Still ve Linde forklift motor sistemleri<br data-start=\"409\" data-end=\"412\" \/><strong data-start=\"412\" data-end=\"424\">Avantaj:<\/strong> Y\u00fcksek hassasiyet, g\u00fcvenilir \u00f6l\u00e7\u00fcm, uzun \u00f6m\u00fcr<\/p>\n<p data-start=\"474\" data-end=\"632\">\n","protected":false},"featured_media":13478,"template":"","meta":[],"product_brand":[],"product_cat":[246,469,523,524,241],"product_tag":[],"class_list":{"0":"post-13476","1":"product","2":"type-product","3":"status-publish","4":"has-post-thumbnail","6":"product_cat-linde","7":"product_cat-elektrik-ve-sistem-parcalari","8":"product_cat-yedek-parca-linde","9":"product_cat-yedek-parca-still","10":"product_cat-still","12":"first","13":"instock","14":"taxable","15":"shipping-taxable","16":"purchasable","17":"product-type-simple"},"_links":{"self":[{"href":"https:\/\/ceoparts.com\/tr\/wp-json\/wp\/v2\/product\/13476","targetHints":{"allow":["GET"]}}],"collection":[{"href":"https:\/\/ceoparts.com\/tr\/wp-json\/wp\/v2\/product"}],"about":[{"href":"https:\/\/ceoparts.com\/tr\/wp-json\/wp\/v2\/types\/product"}],"wp:featuredmedia":[{"embeddable":true,"href":"https:\/\/ceoparts.com\/tr\/wp-json\/wp\/v2\/media\/13478"}],"wp:attachment":[{"href":"https:\/\/ceoparts.com\/tr\/wp-json\/wp\/v2\/media?parent=13476"}],"wp:term":[{"taxonomy":"product_brand","embeddable":true,"href":"https:\/\/ceoparts.com\/tr\/wp-json\/wp\/v2\/product_brand?post=13476"},{"taxonomy":"product_cat","embeddable":true,"href":"https:\/\/ceoparts.com\/tr\/wp-json\/wp\/v2\/product_cat?post=13476"},{"taxonomy":"product_tag","embeddable":true,"href":"https:\/\/ceoparts.com\/tr\/wp-json\/wp\/v2\/product_tag?post=13476"}],"curies":[{"name":"wp","href":"https:\/\/api.w.org\/{rel}","templated":true}]}}