{"id":13481,"date":"2025-01-20T17:48:15","date_gmt":"2025-01-20T14:48:15","guid":{"rendered":"https:\/\/ceoparts.com\/?post_type=product&#038;p=13481"},"modified":"2026-05-16T14:33:25","modified_gmt":"2026-05-16T11:33:25","slug":"curtis-calisma-saati-gostergesi-24-48v-111tr55-8560499","status":"publish","type":"product","link":"https:\/\/ceoparts.com\/tr\/urun\/curtis-calisma-saati-gostergesi-24-48v-111tr55-8560499\/","title":{"rendered":"Curtis \u00c7al\u0131\u015fma Saati G\u00f6stergesi 24-48V &#8211; 8560499"},"content":{"rendered":"<p>Curtis \u00c7al\u0131\u015fma Saati G\u00f6stergesi 24-48V &#8211; 8560499<\/p>","protected":false},"excerpt":{"rendered":"<p data-start=\"0\" data-end=\"211\"><br data-start=\"5\" data-end=\"8\" \/>Curtis \u00c7al\u0131\u015fma Saati G\u00f6stergesi 24-48V, forklift ve i\u015f makinelerinde kullan\u0131lan, cihaz\u0131n toplam \u00e7al\u0131\u015fma s\u00fcresini \u00f6l\u00e7\u00fcp g\u00f6steren dayan\u0131kl\u0131 ve g\u00fcvenilir bir g\u00f6stergedir. 24-48 volt aras\u0131 gerilimle \u00e7al\u0131\u015f\u0131r.<\/p>\n<p data-start=\"213\" data-end=\"504\"><strong data-start=\"213\" data-end=\"228\">\u00d6zellikler:<\/strong><br data-start=\"228\" data-end=\"231\" \/><strong data-start=\"231\" data-end=\"244\">\u00dcr\u00fcn Ad\u0131:<\/strong> Curtis \u00c7al\u0131\u015fma Saati G\u00f6stergesi 24-48V<br data-start=\"283\" data-end=\"286\" \/><strong data-start=\"286\" data-end=\"301\">Par\u00e7a Kodu:<\/strong> 8560499<br data-start=\"309\" data-end=\"312\" \/><strong data-start=\"312\" data-end=\"324\">Malzeme:<\/strong> Sa\u011flam plastik ve elektronik bile\u015fenler<br data-start=\"364\" data-end=\"367\" \/><strong data-start=\"367\" data-end=\"386\">Kullan\u0131m Alan\u0131:<\/strong> Forklift ve i\u015f makinesi \u00e7al\u0131\u015fma saat takibi<br data-start=\"430\" data-end=\"433\" \/><strong data-start=\"433\" data-end=\"445\">Avantaj:<\/strong> Uzun \u00f6m\u00fcrl\u00fc, kolay okunabilir ekran, hassas zaman \u00f6l\u00e7\u00fcm\u00fc<\/p>\n<p data-start=\"506\" data-end=\"709\">\n","protected":false},"featured_media":13487,"template":"","meta":[],"product_brand":[],"product_cat":[431],"product_tag":[],"class_list":{"0":"post-13481","1":"product","2":"type-product","3":"status-publish","4":"has-post-thumbnail","6":"product_cat-ekranlar-ve-kartlar","8":"first","9":"instock","10":"taxable","11":"shipping-taxable","12":"purchasable","13":"product-type-simple"},"_links":{"self":[{"href":"https:\/\/ceoparts.com\/tr\/wp-json\/wp\/v2\/product\/13481","targetHints":{"allow":["GET"]}}],"collection":[{"href":"https:\/\/ceoparts.com\/tr\/wp-json\/wp\/v2\/product"}],"about":[{"href":"https:\/\/ceoparts.com\/tr\/wp-json\/wp\/v2\/types\/product"}],"wp:featuredmedia":[{"embeddable":true,"href":"https:\/\/ceoparts.com\/tr\/wp-json\/wp\/v2\/media\/13487"}],"wp:attachment":[{"href":"https:\/\/ceoparts.com\/tr\/wp-json\/wp\/v2\/media?parent=13481"}],"wp:term":[{"taxonomy":"product_brand","embeddable":true,"href":"https:\/\/ceoparts.com\/tr\/wp-json\/wp\/v2\/product_brand?post=13481"},{"taxonomy":"product_cat","embeddable":true,"href":"https:\/\/ceoparts.com\/tr\/wp-json\/wp\/v2\/product_cat?post=13481"},{"taxonomy":"product_tag","embeddable":true,"href":"https:\/\/ceoparts.com\/tr\/wp-json\/wp\/v2\/product_tag?post=13481"}],"curies":[{"name":"wp","href":"https:\/\/api.w.org\/{rel}","templated":true}]}}