{"id":13488,"date":"2025-01-20T17:52:51","date_gmt":"2025-01-20T14:52:51","guid":{"rendered":"https:\/\/ceoparts.com\/?post_type=product&#038;p=13488"},"modified":"2026-05-16T12:12:29","modified_gmt":"2026-05-16T09:12:29","slug":"bt-kablo-tesisati-255378-14598719","status":"publish","type":"product","link":"https:\/\/ceoparts.com\/tr\/urun\/bt-kablo-tesisati-255378-14598719\/","title":{"rendered":"BT Kablo Tesisat\u0131 &#8211; 255378 , 14598719"},"content":{"rendered":"<p>BT Kablo Tesisat\u0131 &#8211; 255378 , 14598719<\/p>","protected":false},"excerpt":{"rendered":"<p data-start=\"0\" data-end=\"160\"><br data-start=\"5\" data-end=\"8\" \/>BT Kablo Tesisat\u0131, forkliftlerde kullan\u0131lan elektrik kablo tesisat\u0131d\u0131r. Ara\u00e7 i\u00e7i elektrik ba\u011flant\u0131lar\u0131n\u0131n d\u00fczenli ve g\u00fcvenli \u015fekilde yap\u0131lmas\u0131n\u0131 sa\u011flar.<\/p>\n<p data-start=\"162\" data-end=\"420\"><strong data-start=\"162\" data-end=\"177\">\u00d6zellikler:<\/strong><br data-start=\"177\" data-end=\"180\" \/><strong data-start=\"180\" data-end=\"193\">\u00dcr\u00fcn Ad\u0131:<\/strong> BT Kablo Tesisat\u0131<br data-start=\"211\" data-end=\"214\" \/><strong data-start=\"214\" data-end=\"229\">Par\u00e7a Kodu:<\/strong> 255378, 14598719<br data-start=\"246\" data-end=\"249\" \/><strong data-start=\"249\" data-end=\"261\">Malzeme:<\/strong> Dayan\u0131kl\u0131 bak\u0131r teller ve izolasyon malzemesi<br data-start=\"307\" data-end=\"310\" \/><strong data-start=\"310\" data-end=\"329\">Kullan\u0131m Alan\u0131:<\/strong> BT forklift elektrik sistemleri<br data-start=\"361\" data-end=\"364\" \/><strong data-start=\"364\" data-end=\"376\">Avantaj:<\/strong> G\u00fcvenli ba\u011flant\u0131, kolay montaj, uzun \u00f6m\u00fcr<\/p>\n<p data-start=\"422\" data-end=\"569\">\n","protected":false},"featured_media":13489,"template":"","meta":[],"product_brand":[],"product_cat":[251,469,518],"product_tag":[],"class_list":{"0":"post-13488","1":"product","2":"type-product","3":"status-publish","4":"has-post-thumbnail","6":"product_cat-bt","7":"product_cat-elektrik-ve-sistem-parcalari","8":"product_cat-yedek-parca-bt","10":"first","11":"instock","12":"taxable","13":"shipping-taxable","14":"purchasable","15":"product-type-simple"},"_links":{"self":[{"href":"https:\/\/ceoparts.com\/tr\/wp-json\/wp\/v2\/product\/13488","targetHints":{"allow":["GET"]}}],"collection":[{"href":"https:\/\/ceoparts.com\/tr\/wp-json\/wp\/v2\/product"}],"about":[{"href":"https:\/\/ceoparts.com\/tr\/wp-json\/wp\/v2\/types\/product"}],"wp:featuredmedia":[{"embeddable":true,"href":"https:\/\/ceoparts.com\/tr\/wp-json\/wp\/v2\/media\/13489"}],"wp:attachment":[{"href":"https:\/\/ceoparts.com\/tr\/wp-json\/wp\/v2\/media?parent=13488"}],"wp:term":[{"taxonomy":"product_brand","embeddable":true,"href":"https:\/\/ceoparts.com\/tr\/wp-json\/wp\/v2\/product_brand?post=13488"},{"taxonomy":"product_cat","embeddable":true,"href":"https:\/\/ceoparts.com\/tr\/wp-json\/wp\/v2\/product_cat?post=13488"},{"taxonomy":"product_tag","embeddable":true,"href":"https:\/\/ceoparts.com\/tr\/wp-json\/wp\/v2\/product_tag?post=13488"}],"curies":[{"name":"wp","href":"https:\/\/api.w.org\/{rel}","templated":true}]}}