{"id":13494,"date":"2025-01-20T17:55:37","date_gmt":"2025-01-20T14:55:37","guid":{"rendered":"https:\/\/ceoparts.com\/?post_type=product&#038;p=13494"},"modified":"2026-05-16T17:05:12","modified_gmt":"2026-05-16T14:05:12","slug":"bt-rre-160h-asansor-kablosu-005-7578722005","status":"publish","type":"product","link":"https:\/\/ceoparts.com\/tr\/urun\/bt-rre-160h-asansor-kablosu-005-7578722005\/","title":{"rendered":"BT RRE 160H Asans\u00f6r Kablosu 005 &#8211; 7578722005"},"content":{"rendered":"<p>BT RRE 160H Asans\u00f6r Kablosu 005 &#8211; 7578722005<\/p>","protected":false},"excerpt":{"rendered":"<p data-start=\"0\" data-end=\"189\"><br data-start=\"5\" data-end=\"8\" \/>BT RRE 160H Asans\u00f6r Kablosu 005, forkliftlerde asans\u00f6r sistemlerinde kullan\u0131lan dayan\u0131kl\u0131 ve esnek bir kablodur. Y\u00fck ta\u015f\u0131ma ve kald\u0131rma i\u015flemlerinde g\u00fcvenli elektrik iletimi sa\u011flar.<\/p>\n<p data-start=\"191\" data-end=\"482\"><strong data-start=\"191\" data-end=\"206\">\u00d6zellikler:<\/strong><br data-start=\"206\" data-end=\"209\" \/><strong data-start=\"209\" data-end=\"222\">\u00dcr\u00fcn Ad\u0131:<\/strong> BT RRE 160H Asans\u00f6r Kablosu 005<br data-start=\"254\" data-end=\"257\" \/><strong data-start=\"257\" data-end=\"272\">Par\u00e7a Kodu:<\/strong> 7578722005<br data-start=\"283\" data-end=\"286\" \/><strong data-start=\"286\" data-end=\"298\">Malzeme:<\/strong> Dayan\u0131kl\u0131 bak\u0131r iletken ve izolasyon malzemesi<br data-start=\"345\" data-end=\"348\" \/><strong data-start=\"348\" data-end=\"367\">Kullan\u0131m Alan\u0131:<\/strong> BT RRE 160H forklift asans\u00f6r sistemleri<br data-start=\"407\" data-end=\"410\" \/><strong data-start=\"410\" data-end=\"422\">Avantaj:<\/strong> Esnek yap\u0131, y\u00fcksek dayan\u0131kl\u0131l\u0131k, g\u00fcvenli elektrik iletimi<\/p>\n<p data-start=\"484\" data-end=\"667\">\n","protected":false},"featured_media":13496,"template":"","meta":[],"product_brand":[],"product_cat":[251,469,518],"product_tag":[],"class_list":{"0":"post-13494","1":"product","2":"type-product","3":"status-publish","4":"has-post-thumbnail","6":"product_cat-bt","7":"product_cat-elektrik-ve-sistem-parcalari","8":"product_cat-yedek-parca-bt","10":"first","11":"instock","12":"taxable","13":"shipping-taxable","14":"purchasable","15":"product-type-simple"},"_links":{"self":[{"href":"https:\/\/ceoparts.com\/tr\/wp-json\/wp\/v2\/product\/13494","targetHints":{"allow":["GET"]}}],"collection":[{"href":"https:\/\/ceoparts.com\/tr\/wp-json\/wp\/v2\/product"}],"about":[{"href":"https:\/\/ceoparts.com\/tr\/wp-json\/wp\/v2\/types\/product"}],"wp:featuredmedia":[{"embeddable":true,"href":"https:\/\/ceoparts.com\/tr\/wp-json\/wp\/v2\/media\/13496"}],"wp:attachment":[{"href":"https:\/\/ceoparts.com\/tr\/wp-json\/wp\/v2\/media?parent=13494"}],"wp:term":[{"taxonomy":"product_brand","embeddable":true,"href":"https:\/\/ceoparts.com\/tr\/wp-json\/wp\/v2\/product_brand?post=13494"},{"taxonomy":"product_cat","embeddable":true,"href":"https:\/\/ceoparts.com\/tr\/wp-json\/wp\/v2\/product_cat?post=13494"},{"taxonomy":"product_tag","embeddable":true,"href":"https:\/\/ceoparts.com\/tr\/wp-json\/wp\/v2\/product_tag?post=13494"}],"curies":[{"name":"wp","href":"https:\/\/api.w.org\/{rel}","templated":true}]}}