{"id":13503,"date":"2025-01-21T09:48:46","date_gmt":"2025-01-21T06:48:46","guid":{"rendered":"https:\/\/ceoparts.com\/?post_type=product&#038;p=13503"},"modified":"2026-05-16T13:07:31","modified_gmt":"2026-05-16T10:07:31","slug":"bt-lpe-devir-sensoru-255119-14596942","status":"publish","type":"product","link":"https:\/\/ceoparts.com\/tr\/urun\/bt-lpe-devir-sensoru-255119-14596942\/","title":{"rendered":"BT LPE Devir Sens\u00f6r\u00fc &#8211; 255119 , 14596942"},"content":{"rendered":"<p>BT LPE Devir Sens\u00f6r\u00fc &#8211; 255119 , 14596942<\/p>","protected":false},"excerpt":{"rendered":"<p data-start=\"0\" data-end=\"188\"><br data-start=\"5\" data-end=\"8\" \/>BT LPE Devir Sens\u00f6r\u00fc, forklift motorunun d\u00f6n\u00fc\u015f h\u0131z\u0131n\u0131 \u00f6l\u00e7en y\u00fcksek hassasiyetli bir elektronik sens\u00f6rd\u00fcr. Motor performans\u0131n\u0131n do\u011fru ve verimli \u015fekilde y\u00f6netilmesine olanak sa\u011flar.<\/p>\n<p data-start=\"190\" data-end=\"442\"><strong data-start=\"190\" data-end=\"205\">\u00d6zellikler:<\/strong><br data-start=\"205\" data-end=\"208\" \/><strong data-start=\"208\" data-end=\"221\">\u00dcr\u00fcn Ad\u0131:<\/strong> BT LPE Devir Sens\u00f6r\u00fc<br data-start=\"242\" data-end=\"245\" \/><strong data-start=\"245\" data-end=\"260\">Par\u00e7a Kodu:<\/strong> 255119, 14596942<br data-start=\"277\" data-end=\"280\" \/><strong data-start=\"280\" data-end=\"292\">Malzeme:<\/strong> Dayan\u0131kl\u0131 elektronik bile\u015fenler<br data-start=\"324\" data-end=\"327\" \/><strong data-start=\"327\" data-end=\"346\">Kullan\u0131m Alan\u0131:<\/strong> BT LPE forklift motor sistemleri<br data-start=\"379\" data-end=\"382\" \/><strong data-start=\"382\" data-end=\"394\">Avantaj:<\/strong> Y\u00fcksek hassasiyet, g\u00fcvenilir \u00f6l\u00e7\u00fcm, uzun \u00f6m\u00fcr<\/p>\n<p data-start=\"444\" data-end=\"629\">\n","protected":false},"featured_media":13505,"template":"","meta":[],"product_brand":[],"product_cat":[251,469,518],"product_tag":[],"class_list":{"0":"post-13503","1":"product","2":"type-product","3":"status-publish","4":"has-post-thumbnail","6":"product_cat-bt","7":"product_cat-elektrik-ve-sistem-parcalari","8":"product_cat-yedek-parca-bt","10":"first","11":"instock","12":"taxable","13":"shipping-taxable","14":"purchasable","15":"product-type-simple"},"_links":{"self":[{"href":"https:\/\/ceoparts.com\/tr\/wp-json\/wp\/v2\/product\/13503","targetHints":{"allow":["GET"]}}],"collection":[{"href":"https:\/\/ceoparts.com\/tr\/wp-json\/wp\/v2\/product"}],"about":[{"href":"https:\/\/ceoparts.com\/tr\/wp-json\/wp\/v2\/types\/product"}],"wp:featuredmedia":[{"embeddable":true,"href":"https:\/\/ceoparts.com\/tr\/wp-json\/wp\/v2\/media\/13505"}],"wp:attachment":[{"href":"https:\/\/ceoparts.com\/tr\/wp-json\/wp\/v2\/media?parent=13503"}],"wp:term":[{"taxonomy":"product_brand","embeddable":true,"href":"https:\/\/ceoparts.com\/tr\/wp-json\/wp\/v2\/product_brand?post=13503"},{"taxonomy":"product_cat","embeddable":true,"href":"https:\/\/ceoparts.com\/tr\/wp-json\/wp\/v2\/product_cat?post=13503"},{"taxonomy":"product_tag","embeddable":true,"href":"https:\/\/ceoparts.com\/tr\/wp-json\/wp\/v2\/product_tag?post=13503"}],"curies":[{"name":"wp","href":"https:\/\/api.w.org\/{rel}","templated":true}]}}