{"id":13512,"date":"2025-01-21T10:03:44","date_gmt":"2025-01-21T07:03:44","guid":{"rendered":"https:\/\/ceoparts.com\/?post_type=product&#038;p=13512"},"modified":"2026-05-16T15:09:26","modified_gmt":"2026-05-16T12:09:26","slug":"linde-devir-sensoru-16656177-0009785008","status":"publish","type":"product","link":"https:\/\/ceoparts.com\/tr\/urun\/linde-devir-sensoru-16656177-0009785008\/","title":{"rendered":"Linde Devir Sens\u00f6r\u00fc &#8211; 16656177, 0009785008"},"content":{"rendered":"<p>Linde Devir Sens\u00f6r\u00fc &#8211; 16656177, 0009785008<\/p>","protected":false},"excerpt":{"rendered":"<article class=\"text-token-text-primary w-full\" dir=\"auto\" data-testid=\"conversation-turn-60\" data-scroll-anchor=\"true\">\n<div class=\"text-base my-auto mx-auto py-5 [--thread-content-margin:--spacing(4)] @[37rem]:[--thread-content-margin:--spacing(6)] @[72rem]:[--thread-content-margin:--spacing(16)] px-(--thread-content-margin)\">\n<div class=\"[--thread-content-max-width:32rem] @[34rem]:[--thread-content-max-width:40rem] @[64rem]:[--thread-content-max-width:48rem] mx-auto flex max-w-(--thread-content-max-width) flex-1 text-base gap-4 md:gap-5 lg:gap-6 group\/turn-messages focus-visible:outline-hidden\" tabindex=\"-1\">\n<div class=\"group\/conversation-turn relative flex w-full min-w-0 flex-col agent-turn\">\n<div class=\"relative flex-col gap-1 md:gap-3\">\n<div class=\"flex max-w-full flex-col grow\">\n<div class=\"min-h-8 text-message relative flex w-full flex-col items-end gap-2 text-start break-words whitespace-normal [.text-message+&amp;]:mt-5\" dir=\"auto\" data-message-author-role=\"assistant\" data-message-id=\"835a3520-c837-457a-96d9-f55b7e71823e\" data-message-model-slug=\"gpt-4-1-mini\">\n<div class=\"flex w-full flex-col gap-1 empty:hidden first:pt-[3px]\">\n<div class=\"markdown prose dark:prose-invert w-full break-words light\">\n<p data-start=\"0\" data-end=\"159\"><br data-start=\"5\" data-end=\"8\" \/>Linde Devir Sens\u00f6r\u00fc, forklift motorunun d\u00f6n\u00fc\u015f h\u0131z\u0131n\u0131 hassas \u015fekilde \u00f6l\u00e7en elektronik bir par\u00e7ad\u0131r. Motor performans\u0131n\u0131 optimize etmek i\u00e7in veri sa\u011flar.<\/p>\n<p data-start=\"161\" data-end=\"415\"><strong data-start=\"161\" data-end=\"176\">\u00d6zellikler:<\/strong><br data-start=\"176\" data-end=\"179\" \/><strong data-start=\"179\" data-end=\"192\">\u00dcr\u00fcn Ad\u0131:<\/strong> Linde Devir Sens\u00f6r\u00fc<br data-start=\"212\" data-end=\"215\" \/><strong data-start=\"215\" data-end=\"230\">Par\u00e7a Kodu:<\/strong> 16656177, 0009785008<br data-start=\"251\" data-end=\"254\" \/><strong data-start=\"254\" data-end=\"266\">Malzeme:<\/strong> Dayan\u0131kl\u0131 elektronik bile\u015fenler<br data-start=\"298\" data-end=\"301\" \/><strong data-start=\"301\" data-end=\"320\">Kullan\u0131m Alan\u0131:<\/strong> Linde forklift motor sistemleri<br data-start=\"352\" data-end=\"355\" \/><strong data-start=\"355\" data-end=\"367\">Avantaj:<\/strong> Y\u00fcksek hassasiyet, g\u00fcvenilir \u00f6l\u00e7\u00fcm, uzun \u00f6m\u00fcr<\/p>\n<p data-start=\"417\" data-end=\"576\">\n<\/div>\n<\/div>\n<\/div>\n<\/div>\n<\/div>\n<\/div>\n<\/div>\n<\/div>\n<\/article>\n","protected":false},"featured_media":13515,"template":"","meta":[],"product_brand":[],"product_cat":[246,469,523],"product_tag":[],"class_list":{"0":"post-13512","1":"product","2":"type-product","3":"status-publish","4":"has-post-thumbnail","6":"product_cat-linde","7":"product_cat-elektrik-ve-sistem-parcalari","8":"product_cat-yedek-parca-linde","10":"first","11":"instock","12":"taxable","13":"shipping-taxable","14":"purchasable","15":"product-type-simple"},"_links":{"self":[{"href":"https:\/\/ceoparts.com\/tr\/wp-json\/wp\/v2\/product\/13512","targetHints":{"allow":["GET"]}}],"collection":[{"href":"https:\/\/ceoparts.com\/tr\/wp-json\/wp\/v2\/product"}],"about":[{"href":"https:\/\/ceoparts.com\/tr\/wp-json\/wp\/v2\/types\/product"}],"wp:featuredmedia":[{"embeddable":true,"href":"https:\/\/ceoparts.com\/tr\/wp-json\/wp\/v2\/media\/13515"}],"wp:attachment":[{"href":"https:\/\/ceoparts.com\/tr\/wp-json\/wp\/v2\/media?parent=13512"}],"wp:term":[{"taxonomy":"product_brand","embeddable":true,"href":"https:\/\/ceoparts.com\/tr\/wp-json\/wp\/v2\/product_brand?post=13512"},{"taxonomy":"product_cat","embeddable":true,"href":"https:\/\/ceoparts.com\/tr\/wp-json\/wp\/v2\/product_cat?post=13512"},{"taxonomy":"product_tag","embeddable":true,"href":"https:\/\/ceoparts.com\/tr\/wp-json\/wp\/v2\/product_tag?post=13512"}],"curies":[{"name":"wp","href":"https:\/\/api.w.org\/{rel}","templated":true}]}}