{"id":13518,"date":"2025-01-21T11:36:04","date_gmt":"2025-01-21T08:36:04","guid":{"rendered":"https:\/\/ceoparts.com\/?post_type=product&#038;p=13518"},"modified":"2026-05-16T11:47:26","modified_gmt":"2026-05-16T08:47:26","slug":"still-ecu-devir-sensoru-11397163-7917415417","status":"publish","type":"product","link":"https:\/\/ceoparts.com\/tr\/urun\/still-ecu-devir-sensoru-11397163-7917415417\/","title":{"rendered":"Still ECU Devir Sens\u00f6r\u00fc &#8211; 11397163, 7917415417"},"content":{"rendered":"<p>Still ECU Devir Sens\u00f6r\u00fc &#8211; 11397163, 7917415417<\/p>","protected":false},"excerpt":{"rendered":"<p data-start=\"0\" data-end=\"202\"><br data-start=\"5\" data-end=\"8\" \/>Still ECU Devir Sens\u00f6r\u00fc, forklift motorunun devrini \u00f6l\u00e7en ve elektronik kontrol \u00fcnitesine hassas veri ileten y\u00fcksek kaliteli bir sens\u00f6rd\u00fcr. Motor performans\u0131n\u0131n optimize edilmesine katk\u0131 sa\u011flar.<\/p>\n<p data-start=\"204\" data-end=\"469\"><strong data-start=\"204\" data-end=\"219\">\u00d6zellikler:<\/strong><br data-start=\"219\" data-end=\"222\" \/><strong data-start=\"222\" data-end=\"235\">\u00dcr\u00fcn Ad\u0131:<\/strong> Still ECU Devir Sens\u00f6r\u00fc<br data-start=\"259\" data-end=\"262\" \/><strong data-start=\"262\" data-end=\"277\">Par\u00e7a Kodu:<\/strong> 11397163, 7917415417<br data-start=\"298\" data-end=\"301\" \/><strong data-start=\"301\" data-end=\"313\">Malzeme:<\/strong> Dayan\u0131kl\u0131 elektronik komponentler<br data-start=\"347\" data-end=\"350\" \/><strong data-start=\"350\" data-end=\"369\">Kullan\u0131m Alan\u0131:<\/strong> Still forklift motor sistemleri<br data-start=\"401\" data-end=\"404\" \/><strong data-start=\"404\" data-end=\"416\">Avantaj:<\/strong> Y\u00fcksek hassasiyet, g\u00fcvenilir performans, uzun \u00f6m\u00fcr<\/p>\n<p data-start=\"471\" data-end=\"672\">\n","protected":false},"featured_media":13522,"template":"","meta":[],"product_brand":[],"product_cat":[241,469,524],"product_tag":[],"class_list":{"0":"post-13518","1":"product","2":"type-product","3":"status-publish","4":"has-post-thumbnail","6":"product_cat-still","7":"product_cat-elektrik-ve-sistem-parcalari","8":"product_cat-yedek-parca-still","10":"first","11":"instock","12":"taxable","13":"shipping-taxable","14":"purchasable","15":"product-type-simple"},"_links":{"self":[{"href":"https:\/\/ceoparts.com\/tr\/wp-json\/wp\/v2\/product\/13518","targetHints":{"allow":["GET"]}}],"collection":[{"href":"https:\/\/ceoparts.com\/tr\/wp-json\/wp\/v2\/product"}],"about":[{"href":"https:\/\/ceoparts.com\/tr\/wp-json\/wp\/v2\/types\/product"}],"wp:featuredmedia":[{"embeddable":true,"href":"https:\/\/ceoparts.com\/tr\/wp-json\/wp\/v2\/media\/13522"}],"wp:attachment":[{"href":"https:\/\/ceoparts.com\/tr\/wp-json\/wp\/v2\/media?parent=13518"}],"wp:term":[{"taxonomy":"product_brand","embeddable":true,"href":"https:\/\/ceoparts.com\/tr\/wp-json\/wp\/v2\/product_brand?post=13518"},{"taxonomy":"product_cat","embeddable":true,"href":"https:\/\/ceoparts.com\/tr\/wp-json\/wp\/v2\/product_cat?post=13518"},{"taxonomy":"product_tag","embeddable":true,"href":"https:\/\/ceoparts.com\/tr\/wp-json\/wp\/v2\/product_tag?post=13518"}],"curies":[{"name":"wp","href":"https:\/\/api.w.org\/{rel}","templated":true}]}}