{"id":13523,"date":"2025-01-21T11:50:20","date_gmt":"2025-01-21T08:50:20","guid":{"rendered":"https:\/\/ceoparts.com\/?post_type=product&#038;p=13523"},"modified":"2026-05-16T18:41:12","modified_gmt":"2026-05-16T15:41:12","slug":"linde-yakinlik-sensoru-12051073-7917415652","status":"publish","type":"product","link":"https:\/\/ceoparts.com\/tr\/urun\/linde-yakinlik-sensoru-12051073-7917415652\/","title":{"rendered":"Linde Yak\u0131nl\u0131k Sens\u00f6r\u00fc &#8211; 12051073 , 7917415652"},"content":{"rendered":"<p>Linde Yak\u0131nl\u0131k Sens\u00f6r\u00fc &#8211; 12051073 , 7917415652<\/p>","protected":false},"excerpt":{"rendered":"<p data-start=\"0\" data-end=\"187\"><br data-start=\"5\" data-end=\"8\" \/>Linde Yak\u0131nl\u0131k Sens\u00f6r\u00fc, forkliftlerde kullan\u0131lan y\u00fcksek hassasiyetli bir sens\u00f6rd\u00fcr. Yak\u0131nl\u0131k alg\u0131lamada g\u00fcvenilir performans sa\u011flar ve ekipman\u0131n do\u011fru \u00e7al\u0131\u015fmas\u0131na katk\u0131da bulunur.<\/p>\n<p data-start=\"189\" data-end=\"440\"><strong data-start=\"189\" data-end=\"204\">\u00d6zellikler:<\/strong><br data-start=\"204\" data-end=\"207\" \/><strong data-start=\"207\" data-end=\"220\">\u00dcr\u00fcn Ad\u0131:<\/strong> Linde Yak\u0131nl\u0131k Sens\u00f6r\u00fc<br data-start=\"243\" data-end=\"246\" \/><strong data-start=\"246\" data-end=\"261\">Par\u00e7a Kodu:<\/strong> 12051073, 7917415652<br data-start=\"282\" data-end=\"285\" \/><strong data-start=\"285\" data-end=\"297\">Malzeme:<\/strong> Dayan\u0131kl\u0131 elektronik malzeme<br data-start=\"326\" data-end=\"329\" \/><strong data-start=\"329\" data-end=\"348\">Kullan\u0131m Alan\u0131:<\/strong> Linde forklift sistemleri<br data-start=\"374\" data-end=\"377\" \/><strong data-start=\"377\" data-end=\"389\">Avantaj:<\/strong> Y\u00fcksek hassasiyet, g\u00fcvenilir alg\u0131lama, uzun \u00f6m\u00fcr<\/p>\n<p data-start=\"442\" data-end=\"631\">\n","protected":false},"featured_media":13526,"template":"","meta":[],"product_brand":[],"product_cat":[246,469,523],"product_tag":[],"class_list":{"0":"post-13523","1":"product","2":"type-product","3":"status-publish","4":"has-post-thumbnail","6":"product_cat-linde","7":"product_cat-elektrik-ve-sistem-parcalari","8":"product_cat-yedek-parca-linde","10":"first","11":"instock","12":"taxable","13":"shipping-taxable","14":"purchasable","15":"product-type-simple"},"_links":{"self":[{"href":"https:\/\/ceoparts.com\/tr\/wp-json\/wp\/v2\/product\/13523","targetHints":{"allow":["GET"]}}],"collection":[{"href":"https:\/\/ceoparts.com\/tr\/wp-json\/wp\/v2\/product"}],"about":[{"href":"https:\/\/ceoparts.com\/tr\/wp-json\/wp\/v2\/types\/product"}],"wp:featuredmedia":[{"embeddable":true,"href":"https:\/\/ceoparts.com\/tr\/wp-json\/wp\/v2\/media\/13526"}],"wp:attachment":[{"href":"https:\/\/ceoparts.com\/tr\/wp-json\/wp\/v2\/media?parent=13523"}],"wp:term":[{"taxonomy":"product_brand","embeddable":true,"href":"https:\/\/ceoparts.com\/tr\/wp-json\/wp\/v2\/product_brand?post=13523"},{"taxonomy":"product_cat","embeddable":true,"href":"https:\/\/ceoparts.com\/tr\/wp-json\/wp\/v2\/product_cat?post=13523"},{"taxonomy":"product_tag","embeddable":true,"href":"https:\/\/ceoparts.com\/tr\/wp-json\/wp\/v2\/product_tag?post=13523"}],"curies":[{"name":"wp","href":"https:\/\/api.w.org\/{rel}","templated":true}]}}