{"id":13527,"date":"2025-01-21T12:02:48","date_gmt":"2025-01-21T09:02:48","guid":{"rendered":"https:\/\/ceoparts.com\/?post_type=product&#038;p=13527"},"modified":"2026-05-16T15:27:16","modified_gmt":"2026-05-16T12:27:16","slug":"still-rx20-direksiyon-sensoru-10464331-0702667","status":"publish","type":"product","link":"https:\/\/ceoparts.com\/tr\/urun\/still-rx20-direksiyon-sensoru-10464331-0702667\/","title":{"rendered":"Still RX20 Direksiyon Sens\u00f6r\u00fc &#8211; 10464331 , 0702667"},"content":{"rendered":"<p>Still RX20 Direksiyon Sens\u00f6r\u00fc &#8211; 10464331 , 0702667<\/p>","protected":false},"excerpt":{"rendered":"<p data-start=\"0\" data-end=\"212\"><br data-start=\"5\" data-end=\"8\" \/>Still RX20 Direksiyon Sens\u00f6r\u00fc, forkliftlerin direksiyon sisteminde kullan\u0131lan hassas bir sens\u00f6rd\u00fcr. Ara\u00e7 kontrol\u00fcn\u00fcn do\u011fru ve g\u00fcvenilir olmas\u0131n\u0131 sa\u011flar, direksiyon hareketlerini elektronik olarak alg\u0131lar.<\/p>\n<p data-start=\"214\" data-end=\"492\"><strong data-start=\"214\" data-end=\"229\">\u00d6zellikler:<\/strong><br data-start=\"229\" data-end=\"232\" \/><strong data-start=\"232\" data-end=\"245\">\u00dcr\u00fcn Ad\u0131:<\/strong> Still RX20 Direksiyon Sens\u00f6r\u00fc<br data-start=\"275\" data-end=\"278\" \/><strong data-start=\"278\" data-end=\"293\">Par\u00e7a Kodu:<\/strong> 10464331, 0702667<br data-start=\"311\" data-end=\"314\" \/><strong data-start=\"314\" data-end=\"326\">Malzeme:<\/strong> Dayan\u0131kl\u0131 elektronik komponentler<br data-start=\"360\" data-end=\"363\" \/><strong data-start=\"363\" data-end=\"382\">Kullan\u0131m Alan\u0131:<\/strong> Still RX20 forklift direksiyon sistemleri<br data-start=\"424\" data-end=\"427\" \/><strong data-start=\"427\" data-end=\"439\">Avantaj:<\/strong> Y\u00fcksek hassasiyet, g\u00fcvenilir performans, uzun \u00f6m\u00fcr<\/p>\n<p data-start=\"494\" data-end=\"680\">\n","protected":false},"featured_media":13529,"template":"","meta":[],"product_brand":[],"product_cat":[241,469,524],"product_tag":[],"class_list":{"0":"post-13527","1":"product","2":"type-product","3":"status-publish","4":"has-post-thumbnail","6":"product_cat-still","7":"product_cat-elektrik-ve-sistem-parcalari","8":"product_cat-yedek-parca-still","10":"first","11":"instock","12":"taxable","13":"shipping-taxable","14":"purchasable","15":"product-type-simple"},"_links":{"self":[{"href":"https:\/\/ceoparts.com\/tr\/wp-json\/wp\/v2\/product\/13527","targetHints":{"allow":["GET"]}}],"collection":[{"href":"https:\/\/ceoparts.com\/tr\/wp-json\/wp\/v2\/product"}],"about":[{"href":"https:\/\/ceoparts.com\/tr\/wp-json\/wp\/v2\/types\/product"}],"wp:featuredmedia":[{"embeddable":true,"href":"https:\/\/ceoparts.com\/tr\/wp-json\/wp\/v2\/media\/13529"}],"wp:attachment":[{"href":"https:\/\/ceoparts.com\/tr\/wp-json\/wp\/v2\/media?parent=13527"}],"wp:term":[{"taxonomy":"product_brand","embeddable":true,"href":"https:\/\/ceoparts.com\/tr\/wp-json\/wp\/v2\/product_brand?post=13527"},{"taxonomy":"product_cat","embeddable":true,"href":"https:\/\/ceoparts.com\/tr\/wp-json\/wp\/v2\/product_cat?post=13527"},{"taxonomy":"product_tag","embeddable":true,"href":"https:\/\/ceoparts.com\/tr\/wp-json\/wp\/v2\/product_tag?post=13527"}],"curies":[{"name":"wp","href":"https:\/\/api.w.org\/{rel}","templated":true}]}}