{"id":13532,"date":"2025-01-21T13:08:15","date_gmt":"2025-01-21T10:08:15","guid":{"rendered":"https:\/\/ceoparts.com\/?post_type=product&#038;p=13532"},"modified":"2026-05-18T00:41:57","modified_gmt":"2026-05-17T21:41:57","slug":"jungheinrich-kablo-seti-canbox-51094915","status":"publish","type":"product","link":"https:\/\/ceoparts.com\/tr\/urun\/jungheinrich-kablo-seti-canbox-51094915\/","title":{"rendered":"Jungheinrich Kablo Seti  Canbox &#8211; 51094915"},"content":{"rendered":"<p>Jungheinrich Kablo Seti  Canbox &#8211; 51094915<\/p>","protected":false},"excerpt":{"rendered":"<article class=\"text-token-text-primary w-full\" dir=\"auto\" data-testid=\"conversation-turn-52\" data-scroll-anchor=\"true\">\n<div class=\"text-base my-auto mx-auto py-5 [--thread-content-margin:--spacing(4)] @[37rem]:[--thread-content-margin:--spacing(6)] @[72rem]:[--thread-content-margin:--spacing(16)] px-(--thread-content-margin)\">\n<div class=\"[--thread-content-max-width:32rem] @[34rem]:[--thread-content-max-width:40rem] @[64rem]:[--thread-content-max-width:48rem] mx-auto flex max-w-(--thread-content-max-width) flex-1 text-base gap-4 md:gap-5 lg:gap-6 group\/turn-messages focus-visible:outline-hidden\" tabindex=\"-1\">\n<div class=\"group\/conversation-turn relative flex w-full min-w-0 flex-col agent-turn\">\n<div class=\"relative flex-col gap-1 md:gap-3\">\n<div class=\"flex max-w-full flex-col grow\">\n<div class=\"min-h-8 text-message relative flex w-full flex-col items-end gap-2 text-start break-words whitespace-normal [.text-message+&amp;]:mt-5\" dir=\"auto\" data-message-author-role=\"assistant\" data-message-id=\"40371191-b30d-4f56-a509-8f233ead13e9\" data-message-model-slug=\"gpt-4-1-mini\">\n<div class=\"flex w-full flex-col gap-1 empty:hidden first:pt-[3px]\">\n<div class=\"markdown prose dark:prose-invert w-full break-words light\">\n<p data-start=\"0\" data-end=\"197\"><br data-start=\"5\" data-end=\"8\" \/>Jungheinrich Kablo Seti Canbox, forkliftlerin elektrik sistemlerinde kullan\u0131lan dayan\u0131kl\u0131 ve kaliteli kablo setidir. Ara\u00e7 i\u00e7i elektronik ba\u011flant\u0131lar\u0131n g\u00fcvenli ve d\u00fczenli yap\u0131lmas\u0131n\u0131 sa\u011flar.<\/p>\n<p data-start=\"199\" data-end=\"476\"><strong data-start=\"199\" data-end=\"214\">\u00d6zellikler:<\/strong><br data-start=\"214\" data-end=\"217\" \/><strong data-start=\"217\" data-end=\"230\">\u00dcr\u00fcn Ad\u0131:<\/strong> Jungheinrich Kablo Seti Canbox<br data-start=\"261\" data-end=\"264\" \/><strong data-start=\"264\" data-end=\"279\">Par\u00e7a Kodu:<\/strong> 51094915<br data-start=\"288\" data-end=\"291\" \/><strong data-start=\"291\" data-end=\"303\">Malzeme:<\/strong> Y\u00fcksek kaliteli bak\u0131r ve izolasyon malzemesi<br data-start=\"348\" data-end=\"351\" \/><strong data-start=\"351\" data-end=\"370\">Kullan\u0131m Alan\u0131:<\/strong> Jungheinrich forklift elektrik sistemleri<br data-start=\"412\" data-end=\"415\" \/><strong data-start=\"415\" data-end=\"427\">Avantaj:<\/strong> Dayan\u0131kl\u0131 yap\u0131, kolay montaj, g\u00fcvenli ba\u011flant\u0131<\/p>\n<p data-start=\"478\" data-end=\"665\">\n<\/div>\n<\/div>\n<\/div>\n<\/div>\n<\/div>\n<\/div>\n<\/div>\n<\/div>\n<\/article>\n","protected":false},"featured_media":13534,"template":"","meta":[],"product_brand":[],"product_cat":[236,469,522],"product_tag":[],"class_list":{"0":"post-13532","1":"product","2":"type-product","3":"status-publish","4":"has-post-thumbnail","6":"product_cat-jungheinrich","7":"product_cat-elektrik-ve-sistem-parcalari","8":"product_cat-yedek-parca-jungheinrich","10":"first","11":"instock","12":"taxable","13":"shipping-taxable","14":"purchasable","15":"product-type-simple"},"_links":{"self":[{"href":"https:\/\/ceoparts.com\/tr\/wp-json\/wp\/v2\/product\/13532","targetHints":{"allow":["GET"]}}],"collection":[{"href":"https:\/\/ceoparts.com\/tr\/wp-json\/wp\/v2\/product"}],"about":[{"href":"https:\/\/ceoparts.com\/tr\/wp-json\/wp\/v2\/types\/product"}],"wp:featuredmedia":[{"embeddable":true,"href":"https:\/\/ceoparts.com\/tr\/wp-json\/wp\/v2\/media\/13534"}],"wp:attachment":[{"href":"https:\/\/ceoparts.com\/tr\/wp-json\/wp\/v2\/media?parent=13532"}],"wp:term":[{"taxonomy":"product_brand","embeddable":true,"href":"https:\/\/ceoparts.com\/tr\/wp-json\/wp\/v2\/product_brand?post=13532"},{"taxonomy":"product_cat","embeddable":true,"href":"https:\/\/ceoparts.com\/tr\/wp-json\/wp\/v2\/product_cat?post=13532"},{"taxonomy":"product_tag","embeddable":true,"href":"https:\/\/ceoparts.com\/tr\/wp-json\/wp\/v2\/product_tag?post=13532"}],"curies":[{"name":"wp","href":"https:\/\/api.w.org\/{rel}","templated":true}]}}