{"id":13545,"date":"2025-01-21T15:52:05","date_gmt":"2025-01-21T12:52:05","guid":{"rendered":"https:\/\/ceoparts.com\/?post_type=product&#038;p=13545"},"modified":"2026-05-16T17:51:39","modified_gmt":"2026-05-16T14:51:39","slug":"kontak-anahtari-seti-801-5455576","status":"publish","type":"product","link":"https:\/\/ceoparts.com\/tr\/urun\/kontak-anahtari-seti-801-5455576\/","title":{"rendered":"Kontak Anahtar\u0131 Seti 801 &#8211; 5455576"},"content":{"rendered":"<p>Kontak Anahtar\u0131 Seti 801 &#8211; 5455576<\/p>","protected":false},"excerpt":{"rendered":"<p data-start=\"0\" data-end=\"181\"><br data-start=\"5\" data-end=\"8\" \/>Kontak Anahtar\u0131 Seti 801, forkliftlerin elektrik sistemleri i\u00e7in dayan\u0131kl\u0131 ve g\u00fcvenilir bir anahtard\u0131r. Kolay montaj\u0131 ile makinenizin g\u00fcvenli ve sorunsuz \u00e7al\u0131\u015fmas\u0131n\u0131 sa\u011flar.<\/p>\n<p data-start=\"183\" data-end=\"430\"><strong data-start=\"183\" data-end=\"198\">\u00d6zellikler:<\/strong><br data-start=\"198\" data-end=\"201\" \/><strong data-start=\"201\" data-end=\"214\">\u00dcr\u00fcn Ad\u0131:<\/strong> Kontak Anahtar\u0131 Seti 801<br data-start=\"239\" data-end=\"242\" \/><strong data-start=\"242\" data-end=\"257\">Par\u00e7a Kodu:<\/strong> 5455576<br data-start=\"265\" data-end=\"268\" \/><strong data-start=\"268\" data-end=\"280\">Malzeme:<\/strong> Dayan\u0131kl\u0131 plastik ve metal<br data-start=\"307\" data-end=\"310\" \/><strong data-start=\"310\" data-end=\"329\">Kullan\u0131m Alan\u0131:<\/strong> Forklift elektrik sistemleri<br data-start=\"358\" data-end=\"361\" \/><strong data-start=\"361\" data-end=\"373\">Avantaj:<\/strong> Kolay montaj, uzun \u00f6m\u00fcrl\u00fc kullan\u0131m, g\u00fcvenilir ba\u011flant\u0131<\/p>\n<p data-start=\"432\" data-end=\"611\">\n","protected":false},"featured_media":13547,"template":"","meta":[],"product_brand":[],"product_cat":[469],"product_tag":[],"class_list":{"0":"post-13545","1":"product","2":"type-product","3":"status-publish","4":"has-post-thumbnail","6":"product_cat-elektrik-ve-sistem-parcalari","8":"first","9":"instock","10":"taxable","11":"shipping-taxable","12":"purchasable","13":"product-type-simple"},"_links":{"self":[{"href":"https:\/\/ceoparts.com\/tr\/wp-json\/wp\/v2\/product\/13545","targetHints":{"allow":["GET"]}}],"collection":[{"href":"https:\/\/ceoparts.com\/tr\/wp-json\/wp\/v2\/product"}],"about":[{"href":"https:\/\/ceoparts.com\/tr\/wp-json\/wp\/v2\/types\/product"}],"wp:featuredmedia":[{"embeddable":true,"href":"https:\/\/ceoparts.com\/tr\/wp-json\/wp\/v2\/media\/13547"}],"wp:attachment":[{"href":"https:\/\/ceoparts.com\/tr\/wp-json\/wp\/v2\/media?parent=13545"}],"wp:term":[{"taxonomy":"product_brand","embeddable":true,"href":"https:\/\/ceoparts.com\/tr\/wp-json\/wp\/v2\/product_brand?post=13545"},{"taxonomy":"product_cat","embeddable":true,"href":"https:\/\/ceoparts.com\/tr\/wp-json\/wp\/v2\/product_cat?post=13545"},{"taxonomy":"product_tag","embeddable":true,"href":"https:\/\/ceoparts.com\/tr\/wp-json\/wp\/v2\/product_tag?post=13545"}],"curies":[{"name":"wp","href":"https:\/\/api.w.org\/{rel}","templated":true}]}}