{"id":13549,"date":"2025-01-21T15:53:12","date_gmt":"2025-01-21T12:53:12","guid":{"rendered":"https:\/\/ceoparts.com\/?post_type=product&#038;p=13549"},"modified":"2026-05-16T16:17:38","modified_gmt":"2026-05-16T13:17:38","slug":"kontak-anahtari-seti-802-111tr37","status":"publish","type":"product","link":"https:\/\/ceoparts.com\/tr\/urun\/kontak-anahtari-seti-802-111tr37\/","title":{"rendered":"Kontak Anahtar\u0131 Seti 802 &#8211; 7915492618"},"content":{"rendered":"<p>Kontak Anahtar\u0131 Seti 802 &#8211; 7915492618<\/p>\n<p>Linde 7915492618 2 kluczyki \/ 2 keys<\/p>\n<p>Family Model<br \/>\n1151 T16\/T16P\/T20\/T20P<br \/>\n1152 T16\/T18\/T20\/T16L<br \/>\n1158 T30\/T30AP<br \/>\n1158 T20AP-04\/T20SP<br \/>\n1169 L10\/L12\/L14C<br \/>\n1170 L06\/10\/12\/16AC<br \/>\n1172 L10\/L12\/L12i<br \/>\n131 T20AP\/T20SP<br \/>\n131 T30<br \/>\n131 L14\/16AS<br \/>\n131 P50<br \/>\n133 L12\/L14-L12L\/L14L-L12LHP<br \/>\n141 P30\/50<br \/>\n141 T20AP<br \/>\n141 T20\/30<br \/>\n141 L12L\/L12LP<br \/>\n141 L16AS<br \/>\n336-31 E25\/30 Ex S &#8211; Zone 2, 22 (3G, 3D) with gas safety system<br \/>\n360 T16\/T18\/T20\/T16L<br \/>\n360 T16\/T18\/T20\/T16L<br \/>\n372 L14\/16<br \/>\n372 L14\/16<br \/>\n372 L14\/16\/L14AP\/16AP<br \/>\n372 L14\/16\/L14AP\/<\/p>","protected":false},"excerpt":{"rendered":"<p data-start=\"0\" data-end=\"193\"><br data-start=\"5\" data-end=\"8\" \/>Kontak Anahtar\u0131 Seti 802, forkliftlerin elektrik sistemleri i\u00e7in tasarlanm\u0131\u015f dayan\u0131kl\u0131 ve g\u00fcvenilir bir anahtard\u0131r. Kolay montaj\u0131 ile makinenizin g\u00fcvenli ve sorunsuz \u00e7al\u0131\u015fmas\u0131n\u0131 sa\u011flar.<\/p>\n<p data-start=\"195\" data-end=\"445\"><strong data-start=\"195\" data-end=\"210\">\u00d6zellikler:<\/strong><br data-start=\"210\" data-end=\"213\" \/><strong data-start=\"213\" data-end=\"226\">\u00dcr\u00fcn Ad\u0131:<\/strong> Kontak Anahtar\u0131 Seti 802<br data-start=\"251\" data-end=\"254\" \/><strong data-start=\"254\" data-end=\"269\">Par\u00e7a Kodu:<\/strong> 7915492618<br data-start=\"280\" data-end=\"283\" \/><strong data-start=\"283\" data-end=\"295\">Malzeme:<\/strong> Dayan\u0131kl\u0131 plastik ve metal<br data-start=\"322\" data-end=\"325\" \/><strong data-start=\"325\" data-end=\"344\">Kullan\u0131m Alan\u0131:<\/strong> Forklift elektrik sistemleri<br data-start=\"373\" data-end=\"376\" \/><strong data-start=\"376\" data-end=\"388\">Avantaj:<\/strong> Kolay montaj, uzun \u00f6m\u00fcrl\u00fc kullan\u0131m, g\u00fcvenilir ba\u011flant\u0131<\/p>\n<p data-start=\"447\" data-end=\"626\">\n","protected":false},"featured_media":13547,"template":"","meta":[],"product_brand":[],"product_cat":[469],"product_tag":[],"class_list":{"0":"post-13549","1":"product","2":"type-product","3":"status-publish","4":"has-post-thumbnail","6":"product_cat-elektrik-ve-sistem-parcalari","8":"first","9":"instock","10":"taxable","11":"shipping-taxable","12":"purchasable","13":"product-type-simple"},"_links":{"self":[{"href":"https:\/\/ceoparts.com\/tr\/wp-json\/wp\/v2\/product\/13549","targetHints":{"allow":["GET"]}}],"collection":[{"href":"https:\/\/ceoparts.com\/tr\/wp-json\/wp\/v2\/product"}],"about":[{"href":"https:\/\/ceoparts.com\/tr\/wp-json\/wp\/v2\/types\/product"}],"wp:featuredmedia":[{"embeddable":true,"href":"https:\/\/ceoparts.com\/tr\/wp-json\/wp\/v2\/media\/13547"}],"wp:attachment":[{"href":"https:\/\/ceoparts.com\/tr\/wp-json\/wp\/v2\/media?parent=13549"}],"wp:term":[{"taxonomy":"product_brand","embeddable":true,"href":"https:\/\/ceoparts.com\/tr\/wp-json\/wp\/v2\/product_brand?post=13549"},{"taxonomy":"product_cat","embeddable":true,"href":"https:\/\/ceoparts.com\/tr\/wp-json\/wp\/v2\/product_cat?post=13549"},{"taxonomy":"product_tag","embeddable":true,"href":"https:\/\/ceoparts.com\/tr\/wp-json\/wp\/v2\/product_tag?post=13549"}],"curies":[{"name":"wp","href":"https:\/\/api.w.org\/{rel}","templated":true}]}}