{"id":13550,"date":"2025-01-21T15:54:38","date_gmt":"2025-01-21T12:54:38","guid":{"rendered":"https:\/\/ceoparts.com\/?post_type=product&#038;p=13550"},"modified":"2026-05-16T15:34:26","modified_gmt":"2026-05-16T12:34:26","slug":"kontak-anahtari-seti-701-28528240","status":"publish","type":"product","link":"https:\/\/ceoparts.com\/tr\/urun\/kontak-anahtari-seti-701-28528240\/","title":{"rendered":"Kontak Anahtar\u0131 Seti 701 &#8211; 28528240"},"content":{"rendered":"<p>Kontak Anahtar\u0131 Seti 701 &#8211; 28528240<\/p>","protected":false},"excerpt":{"rendered":"<p data-start=\"0\" data-end=\"181\"><br data-start=\"5\" data-end=\"8\" \/>Kontak Anahtar\u0131 Seti 701, forkliftlerin elektrik sistemleri i\u00e7in dayan\u0131kl\u0131 ve g\u00fcvenilir bir anahtard\u0131r. Kolay montaj\u0131 ile makinenizin g\u00fcvenli ve sorunsuz \u00e7al\u0131\u015fmas\u0131n\u0131 sa\u011flar.<\/p>\n<p data-start=\"183\" data-end=\"431\"><strong data-start=\"183\" data-end=\"198\">\u00d6zellikler:<\/strong><br data-start=\"198\" data-end=\"201\" \/><strong data-start=\"201\" data-end=\"214\">\u00dcr\u00fcn Ad\u0131:<\/strong> Kontak Anahtar\u0131 Seti 701<br data-start=\"239\" data-end=\"242\" \/><strong data-start=\"242\" data-end=\"257\">Par\u00e7a Kodu:<\/strong> 28528240<br data-start=\"266\" data-end=\"269\" \/><strong data-start=\"269\" data-end=\"281\">Malzeme:<\/strong> Dayan\u0131kl\u0131 plastik ve metal<br data-start=\"308\" data-end=\"311\" \/><strong data-start=\"311\" data-end=\"330\">Kullan\u0131m Alan\u0131:<\/strong> Forklift elektrik sistemleri<br data-start=\"359\" data-end=\"362\" \/><strong data-start=\"362\" data-end=\"374\">Avantaj:<\/strong> Kolay montaj, uzun \u00f6m\u00fcrl\u00fc kullan\u0131m, g\u00fcvenilir ba\u011flant\u0131<\/p>\n<p data-start=\"433\" data-end=\"612\">\n","protected":false},"featured_media":13552,"template":"","meta":[],"product_brand":[],"product_cat":[469],"product_tag":[],"class_list":{"0":"post-13550","1":"product","2":"type-product","3":"status-publish","4":"has-post-thumbnail","6":"product_cat-elektrik-ve-sistem-parcalari","8":"first","9":"instock","10":"taxable","11":"shipping-taxable","12":"purchasable","13":"product-type-simple"},"_links":{"self":[{"href":"https:\/\/ceoparts.com\/tr\/wp-json\/wp\/v2\/product\/13550","targetHints":{"allow":["GET"]}}],"collection":[{"href":"https:\/\/ceoparts.com\/tr\/wp-json\/wp\/v2\/product"}],"about":[{"href":"https:\/\/ceoparts.com\/tr\/wp-json\/wp\/v2\/types\/product"}],"wp:featuredmedia":[{"embeddable":true,"href":"https:\/\/ceoparts.com\/tr\/wp-json\/wp\/v2\/media\/13552"}],"wp:attachment":[{"href":"https:\/\/ceoparts.com\/tr\/wp-json\/wp\/v2\/media?parent=13550"}],"wp:term":[{"taxonomy":"product_brand","embeddable":true,"href":"https:\/\/ceoparts.com\/tr\/wp-json\/wp\/v2\/product_brand?post=13550"},{"taxonomy":"product_cat","embeddable":true,"href":"https:\/\/ceoparts.com\/tr\/wp-json\/wp\/v2\/product_cat?post=13550"},{"taxonomy":"product_tag","embeddable":true,"href":"https:\/\/ceoparts.com\/tr\/wp-json\/wp\/v2\/product_tag?post=13550"}],"curies":[{"name":"wp","href":"https:\/\/api.w.org\/{rel}","templated":true}]}}