{"id":13554,"date":"2025-01-21T15:57:42","date_gmt":"2025-01-21T12:57:42","guid":{"rendered":"https:\/\/ceoparts.com\/?post_type=product&#038;p=13554"},"modified":"2026-05-16T15:26:34","modified_gmt":"2026-05-16T12:26:34","slug":"kontak-anahtari-seti-702-28526100","status":"publish","type":"product","link":"https:\/\/ceoparts.com\/tr\/urun\/kontak-anahtari-seti-702-28526100\/","title":{"rendered":"Kontak Anahtar\u0131 Seti 702 &#8211; 28526100"},"content":{"rendered":"<p>Kontak Anahtar\u0131 Seti 702 &#8211; 28526100<\/p>","protected":false},"excerpt":{"rendered":"<p data-start=\"0\" data-end=\"199\"><br data-start=\"5\" data-end=\"8\" \/>Kontak Anahtar\u0131 Seti 702, forkliftlerin elektrik sistemleri i\u00e7in tasarlanm\u0131\u015f dayan\u0131kl\u0131 ve g\u00fcvenilir bir anahtard\u0131r. Kolay montaj\u0131 sayesinde makinenizin g\u00fcvenli ve sorunsuz \u00e7al\u0131\u015fmas\u0131n\u0131 sa\u011flar.<\/p>\n<p data-start=\"201\" data-end=\"449\"><strong data-start=\"201\" data-end=\"216\">\u00d6zellikler:<\/strong><br data-start=\"216\" data-end=\"219\" \/><strong data-start=\"219\" data-end=\"232\">\u00dcr\u00fcn Ad\u0131:<\/strong> Kontak Anahtar\u0131 Seti 702<br data-start=\"257\" data-end=\"260\" \/><strong data-start=\"260\" data-end=\"275\">Par\u00e7a Kodu:<\/strong> 28526100<br data-start=\"284\" data-end=\"287\" \/><strong data-start=\"287\" data-end=\"299\">Malzeme:<\/strong> Dayan\u0131kl\u0131 plastik ve metal<br data-start=\"326\" data-end=\"329\" \/><strong data-start=\"329\" data-end=\"348\">Kullan\u0131m Alan\u0131:<\/strong> Forklift elektrik sistemleri<br data-start=\"377\" data-end=\"380\" \/><strong data-start=\"380\" data-end=\"392\">Avantaj:<\/strong> Kolay montaj, uzun \u00f6m\u00fcrl\u00fc kullan\u0131m, g\u00fcvenilir ba\u011flant\u0131<\/p>\n<p data-start=\"451\" data-end=\"630\">\n","protected":false},"featured_media":13552,"template":"","meta":[],"product_brand":[],"product_cat":[469],"product_tag":[],"class_list":{"0":"post-13554","1":"product","2":"type-product","3":"status-publish","4":"has-post-thumbnail","6":"product_cat-elektrik-ve-sistem-parcalari","8":"first","9":"instock","10":"taxable","11":"shipping-taxable","12":"purchasable","13":"product-type-simple"},"_links":{"self":[{"href":"https:\/\/ceoparts.com\/tr\/wp-json\/wp\/v2\/product\/13554","targetHints":{"allow":["GET"]}}],"collection":[{"href":"https:\/\/ceoparts.com\/tr\/wp-json\/wp\/v2\/product"}],"about":[{"href":"https:\/\/ceoparts.com\/tr\/wp-json\/wp\/v2\/types\/product"}],"wp:featuredmedia":[{"embeddable":true,"href":"https:\/\/ceoparts.com\/tr\/wp-json\/wp\/v2\/media\/13552"}],"wp:attachment":[{"href":"https:\/\/ceoparts.com\/tr\/wp-json\/wp\/v2\/media?parent=13554"}],"wp:term":[{"taxonomy":"product_brand","embeddable":true,"href":"https:\/\/ceoparts.com\/tr\/wp-json\/wp\/v2\/product_brand?post=13554"},{"taxonomy":"product_cat","embeddable":true,"href":"https:\/\/ceoparts.com\/tr\/wp-json\/wp\/v2\/product_cat?post=13554"},{"taxonomy":"product_tag","embeddable":true,"href":"https:\/\/ceoparts.com\/tr\/wp-json\/wp\/v2\/product_tag?post=13554"}],"curies":[{"name":"wp","href":"https:\/\/api.w.org\/{rel}","templated":true}]}}