{"id":13555,"date":"2025-01-21T16:23:01","date_gmt":"2025-01-21T13:23:01","guid":{"rendered":"https:\/\/ceoparts.com\/?post_type=product&#038;p=13555"},"modified":"2026-05-16T18:57:44","modified_gmt":"2026-05-16T15:57:44","slug":"kontak-anahtari-seti-530-107ta1616","status":"publish","type":"product","link":"https:\/\/ceoparts.com\/tr\/urun\/kontak-anahtari-seti-530-107ta1616\/","title":{"rendered":"Kontak Anahtar\u0131 Seti 530 &#8211; 107TA1616"},"content":{"rendered":"<p>Kontak Anahtar\u0131 Seti 530 &#8211; 107TA1616<\/p>","protected":false},"excerpt":{"rendered":"<p data-start=\"78\" data-end=\"294\"><br data-start=\"83\" data-end=\"86\" \/>Kontak Anahtar\u0131 Seti 530, forkliftler i\u00e7in tasarlanm\u0131\u015f dayan\u0131kl\u0131 ve g\u00fcvenilir bir elektrik anahtar\u0131 setidir. Makinenizin elektrik sisteminde sorunsuz \u00e7al\u0131\u015fma sa\u011flar ve operat\u00f6re g\u00fcvenli kullan\u0131m imkan\u0131 sunar.<\/p>\n<p data-start=\"296\" data-end=\"552\"><strong data-start=\"296\" data-end=\"311\">\u00d6zellikler:<\/strong><br data-start=\"311\" data-end=\"314\" \/><strong data-start=\"314\" data-end=\"327\">\u00dcr\u00fcn Ad\u0131:<\/strong> Kontak Anahtar\u0131 Seti 530<br data-start=\"352\" data-end=\"355\" \/><strong data-start=\"355\" data-end=\"370\">Par\u00e7a Kodu:<\/strong> 107TA1616<br data-start=\"380\" data-end=\"383\" \/><strong data-start=\"383\" data-end=\"395\">Malzeme:<\/strong> Dayan\u0131kl\u0131 plastik ve metal<br data-start=\"422\" data-end=\"425\" \/><strong data-start=\"425\" data-end=\"444\">Kullan\u0131m Alan\u0131:<\/strong> Forklift elektrik sistemleri<br data-start=\"473\" data-end=\"476\" \/><strong data-start=\"476\" data-end=\"488\">Avantaj:<\/strong> Kolay montaj, g\u00fcvenilir elektrik ba\u011flant\u0131s\u0131, uzun \u00f6m\u00fcrl\u00fc yap\u0131<\/p>\n<p data-start=\"554\" data-end=\"758\">\n","protected":false},"featured_media":13547,"template":"","meta":[],"product_brand":[],"product_cat":[469],"product_tag":[],"class_list":{"0":"post-13555","1":"product","2":"type-product","3":"status-publish","4":"has-post-thumbnail","6":"product_cat-elektrik-ve-sistem-parcalari","8":"first","9":"instock","10":"taxable","11":"shipping-taxable","12":"purchasable","13":"product-type-simple"},"_links":{"self":[{"href":"https:\/\/ceoparts.com\/tr\/wp-json\/wp\/v2\/product\/13555","targetHints":{"allow":["GET"]}}],"collection":[{"href":"https:\/\/ceoparts.com\/tr\/wp-json\/wp\/v2\/product"}],"about":[{"href":"https:\/\/ceoparts.com\/tr\/wp-json\/wp\/v2\/types\/product"}],"wp:featuredmedia":[{"embeddable":true,"href":"https:\/\/ceoparts.com\/tr\/wp-json\/wp\/v2\/media\/13547"}],"wp:attachment":[{"href":"https:\/\/ceoparts.com\/tr\/wp-json\/wp\/v2\/media?parent=13555"}],"wp:term":[{"taxonomy":"product_brand","embeddable":true,"href":"https:\/\/ceoparts.com\/tr\/wp-json\/wp\/v2\/product_brand?post=13555"},{"taxonomy":"product_cat","embeddable":true,"href":"https:\/\/ceoparts.com\/tr\/wp-json\/wp\/v2\/product_cat?post=13555"},{"taxonomy":"product_tag","embeddable":true,"href":"https:\/\/ceoparts.com\/tr\/wp-json\/wp\/v2\/product_tag?post=13555"}],"curies":[{"name":"wp","href":"https:\/\/api.w.org\/{rel}","templated":true}]}}