{"id":13556,"date":"2025-01-21T16:59:52","date_gmt":"2025-01-21T13:59:52","guid":{"rendered":"https:\/\/ceoparts.com\/?post_type=product&#038;p=13556"},"modified":"2026-05-16T21:15:36","modified_gmt":"2026-05-16T18:15:36","slug":"albright-acil-stop-kontaktoru-250a-24v-111tr50","status":"publish","type":"product","link":"https:\/\/ceoparts.com\/tr\/urun\/albright-acil-stop-kontaktoru-250a-24v-111tr50\/","title":{"rendered":"ALBRIGHT Acil Stop Kontakt\u00f6r\u00fc 250A 24V"},"content":{"rendered":"<p>ALBRIGHT Acil Stop Kontakt\u00f6r\u00fc 250A 24V<\/p>","protected":false},"excerpt":{"rendered":"<p data-start=\"79\" data-end=\"310\"><br data-start=\"84\" data-end=\"87\" \/>ALBRIGHT Acil Stop Kontakt\u00f6r\u00fc 250A 24V, forklift ve i\u015f makineleri i\u00e7in y\u00fcksek ak\u0131m kapasiteli dayan\u0131kl\u0131 bir yedek par\u00e7ad\u0131r. 24V gerilimde \u00e7al\u0131\u015f\u0131r ve 250 amper ak\u0131m\u0131 g\u00fcvenli \u015fekilde keserek acil durdurma fonksiyonunu sa\u011flar.<\/p>\n<p data-start=\"312\" data-end=\"649\"><strong data-start=\"312\" data-end=\"327\">\u00d6zellikler:<\/strong><br data-start=\"327\" data-end=\"330\" \/><strong data-start=\"330\" data-end=\"343\">\u00dcr\u00fcn Ad\u0131:<\/strong> ALBRIGHT Acil Stop Kontakt\u00f6r\u00fc 250A 24V<br data-start=\"382\" data-end=\"385\" \/><strong data-start=\"385\" data-end=\"400\">Par\u00e7a Kodu:<\/strong> (Par\u00e7a kodu belirtilmemi\u015ftir)<br data-start=\"430\" data-end=\"433\" \/><strong data-start=\"433\" data-end=\"445\">Malzeme:<\/strong> Dayan\u0131kl\u0131 metal ve elektronik bile\u015fenler<br data-start=\"486\" data-end=\"489\" \/><strong data-start=\"489\" data-end=\"508\">Kullan\u0131m Alan\u0131:<\/strong> Forklift ve i\u015f makineleri acil durdurma sistemleri<br data-start=\"559\" data-end=\"562\" \/><strong data-start=\"562\" data-end=\"574\">Avantaj:<\/strong> Y\u00fcksek ak\u0131m kapasitesi, g\u00fcvenilir acil stop fonksiyonu, uzun \u00f6m\u00fcrl\u00fc yap\u0131<\/p>\n<p data-start=\"651\" data-end=\"905\">\n","protected":false},"featured_media":13557,"template":"","meta":[],"product_brand":[],"product_cat":[469],"product_tag":[],"class_list":{"0":"post-13556","1":"product","2":"type-product","3":"status-publish","4":"has-post-thumbnail","6":"product_cat-elektrik-ve-sistem-parcalari","8":"first","9":"instock","10":"taxable","11":"shipping-taxable","12":"purchasable","13":"product-type-simple"},"_links":{"self":[{"href":"https:\/\/ceoparts.com\/tr\/wp-json\/wp\/v2\/product\/13556","targetHints":{"allow":["GET"]}}],"collection":[{"href":"https:\/\/ceoparts.com\/tr\/wp-json\/wp\/v2\/product"}],"about":[{"href":"https:\/\/ceoparts.com\/tr\/wp-json\/wp\/v2\/types\/product"}],"wp:featuredmedia":[{"embeddable":true,"href":"https:\/\/ceoparts.com\/tr\/wp-json\/wp\/v2\/media\/13557"}],"wp:attachment":[{"href":"https:\/\/ceoparts.com\/tr\/wp-json\/wp\/v2\/media?parent=13556"}],"wp:term":[{"taxonomy":"product_brand","embeddable":true,"href":"https:\/\/ceoparts.com\/tr\/wp-json\/wp\/v2\/product_brand?post=13556"},{"taxonomy":"product_cat","embeddable":true,"href":"https:\/\/ceoparts.com\/tr\/wp-json\/wp\/v2\/product_cat?post=13556"},{"taxonomy":"product_tag","embeddable":true,"href":"https:\/\/ceoparts.com\/tr\/wp-json\/wp\/v2\/product_tag?post=13556"}],"curies":[{"name":"wp","href":"https:\/\/api.w.org\/{rel}","templated":true}]}}