{"id":13568,"date":"2025-01-21T17:20:47","date_gmt":"2025-01-21T14:20:47","guid":{"rendered":"https:\/\/ceoparts.com\/?post_type=product&#038;p=13568"},"modified":"2026-05-16T16:23:28","modified_gmt":"2026-05-16T13:23:28","slug":"bt-cesab-acil-stop-butonu-45627685-7636807","status":"publish","type":"product","link":"https:\/\/ceoparts.com\/tr\/urun\/bt-cesab-acil-stop-butonu-45627685-7636807\/","title":{"rendered":"BT \/ CESAB Acil Stop Butonu &#8211; 45627685 , 7636807"},"content":{"rendered":"<p>BT \/ CESAB Acil Stop Butonu &#8211; 45627685 , 7636807<\/p>\n<p><\/p>\n<ul>\n<li><strong>BT Toyota LWE140 (Seri numaras\u0131 6053221 ve \u00fczeri)<\/strong><\/li>\n<li><strong>BT Toyota LWE160 (Seri numaras\u0131 6053221 ve \u00fczeri)<\/strong><\/li>\n<li><strong>BT Toyota LWE180 (Seri numaras\u0131 6053221 ve \u00fczeri)<\/strong><\/li>\n<li><strong>BT Toyota LWE200 (Seri numaras\u0131 6053221 ve \u00fczeri)<\/strong><\/li>\n<\/ul>\n<p><\/p>","protected":false},"excerpt":{"rendered":"<p data-start=\"79\" data-end=\"281\"><br data-start=\"84\" data-end=\"87\" \/>BT \/ CESAB Acil Stop Butonu, forkliftler i\u00e7in tasarlanm\u0131\u015f g\u00fcvenlik odakl\u0131 dayan\u0131kl\u0131 bir yedek par\u00e7ad\u0131r. Operat\u00f6r\u00fcn acil durumlarda makineyi h\u0131zl\u0131ca durdurmas\u0131n\u0131 sa\u011flar ve i\u015f g\u00fcvenli\u011fini art\u0131r\u0131r.<\/p>\n<p data-start=\"283\" data-end=\"535\"><strong data-start=\"283\" data-end=\"298\">\u00d6zellikler:<\/strong><br data-start=\"298\" data-end=\"301\" \/><strong data-start=\"301\" data-end=\"314\">\u00dcr\u00fcn Ad\u0131:<\/strong> BT \/ CESAB Acil Stop Butonu<br data-start=\"342\" data-end=\"345\" \/><strong data-start=\"345\" data-end=\"360\">Par\u00e7a Kodu:<\/strong> 45627685, 7636807<br data-start=\"378\" data-end=\"381\" \/><strong data-start=\"381\" data-end=\"393\">Malzeme:<\/strong> Dayan\u0131kl\u0131 plastik ve metal<br data-start=\"420\" data-end=\"423\" \/><strong data-start=\"423\" data-end=\"442\">Kullan\u0131m Alan\u0131:<\/strong> BT ve CESAB forklift modelleri<br data-start=\"473\" data-end=\"476\" \/><strong data-start=\"476\" data-end=\"488\">Avantaj:<\/strong> H\u0131zl\u0131 tepki, g\u00fcvenli \u00e7al\u0131\u015fma, kolay kullan\u0131m<\/p>\n<p data-start=\"537\" data-end=\"735\">\n","protected":false},"featured_media":13570,"template":"","meta":[],"product_brand":[],"product_cat":[521,530,251,454,518],"product_tag":[],"class_list":{"0":"post-13568","1":"product","2":"type-product","3":"status-publish","4":"has-post-thumbnail","6":"product_cat-toyota","7":"product_cat-yedek-parca-toyota","8":"product_cat-bt","9":"product_cat-switch-ve-buton","10":"product_cat-yedek-parca-bt","12":"first","13":"instock","14":"taxable","15":"shipping-taxable","16":"purchasable","17":"product-type-simple"},"_links":{"self":[{"href":"https:\/\/ceoparts.com\/tr\/wp-json\/wp\/v2\/product\/13568","targetHints":{"allow":["GET"]}}],"collection":[{"href":"https:\/\/ceoparts.com\/tr\/wp-json\/wp\/v2\/product"}],"about":[{"href":"https:\/\/ceoparts.com\/tr\/wp-json\/wp\/v2\/types\/product"}],"wp:featuredmedia":[{"embeddable":true,"href":"https:\/\/ceoparts.com\/tr\/wp-json\/wp\/v2\/media\/13570"}],"wp:attachment":[{"href":"https:\/\/ceoparts.com\/tr\/wp-json\/wp\/v2\/media?parent=13568"}],"wp:term":[{"taxonomy":"product_brand","embeddable":true,"href":"https:\/\/ceoparts.com\/tr\/wp-json\/wp\/v2\/product_brand?post=13568"},{"taxonomy":"product_cat","embeddable":true,"href":"https:\/\/ceoparts.com\/tr\/wp-json\/wp\/v2\/product_cat?post=13568"},{"taxonomy":"product_tag","embeddable":true,"href":"https:\/\/ceoparts.com\/tr\/wp-json\/wp\/v2\/product_tag?post=13568"}],"curies":[{"name":"wp","href":"https:\/\/api.w.org\/{rel}","templated":true}]}}