{"id":13572,"date":"2025-01-21T17:43:19","date_gmt":"2025-01-21T14:43:19","guid":{"rendered":"https:\/\/ceoparts.com\/?post_type=product&#038;p=13572"},"modified":"2026-05-17T00:20:02","modified_gmt":"2026-05-16T21:20:02","slug":"tcm-heli-baoli-cin-4-soket","status":"publish","type":"product","link":"https:\/\/ceoparts.com\/tr\/urun\/tcm-heli-baoli-cin-4-soket\/","title":{"rendered":"Kontak Anahtar\u0131 Tcm Heli Baoli \u00c7in 4 Soket"},"content":{"rendered":"<p>Kontak Anahtar\u0131 Tcm Heli Baoli \u00c7in 4 Soket<\/p>","protected":false},"excerpt":{"rendered":"<p data-start=\"88\" data-end=\"326\"><br data-start=\"93\" data-end=\"96\" \/>Kontak Anahtar\u0131 Tcm Heli Baoli \u00c7in 4 Soket, \u00c7in men\u015feli forkliftler i\u00e7in tasarlanm\u0131\u015f dayan\u0131kl\u0131 ve g\u00fcvenilir bir yedek par\u00e7ad\u0131r. 4 soketli yap\u0131s\u0131 ile elektrik sisteminde sorunsuz ba\u011flant\u0131 sa\u011flar ve operat\u00f6re g\u00fcvenli kullan\u0131m sunar.<\/p>\n<p data-start=\"328\" data-end=\"652\"><strong data-start=\"328\" data-end=\"343\">\u00d6zellikler:<\/strong><br data-start=\"343\" data-end=\"346\" \/><strong data-start=\"346\" data-end=\"359\">\u00dcr\u00fcn Ad\u0131:<\/strong> Kontak Anahtar\u0131 Tcm Heli Baoli \u00c7in 4 Soket<br data-start=\"402\" data-end=\"405\" \/><strong data-start=\"405\" data-end=\"420\">Par\u00e7a Kodu:<\/strong> (Par\u00e7a kodu belirtilmemi\u015ftir)<br data-start=\"450\" data-end=\"453\" \/><strong data-start=\"453\" data-end=\"465\">Malzeme:<\/strong> Dayan\u0131kl\u0131 plastik ve metal<br data-start=\"492\" data-end=\"495\" \/><strong data-start=\"495\" data-end=\"514\">Kullan\u0131m Alan\u0131:<\/strong> Tcm, Heli, Baoli ve benzeri \u00c7in men\u015feli forklift modelleri<br data-start=\"573\" data-end=\"576\" \/><strong data-start=\"576\" data-end=\"588\">Avantaj:<\/strong> Kolay montaj, g\u00fcvenilir elektrik ba\u011flant\u0131s\u0131, uzun \u00f6m\u00fcrl\u00fc yap\u0131<\/p>\n<p data-start=\"654\" data-end=\"880\">\n","protected":false},"featured_media":13574,"template":"","meta":[],"product_brand":[],"product_cat":[469],"product_tag":[],"class_list":{"0":"post-13572","1":"product","2":"type-product","3":"status-publish","4":"has-post-thumbnail","6":"product_cat-elektrik-ve-sistem-parcalari","8":"first","9":"instock","10":"taxable","11":"shipping-taxable","12":"purchasable","13":"product-type-simple"},"_links":{"self":[{"href":"https:\/\/ceoparts.com\/tr\/wp-json\/wp\/v2\/product\/13572","targetHints":{"allow":["GET"]}}],"collection":[{"href":"https:\/\/ceoparts.com\/tr\/wp-json\/wp\/v2\/product"}],"about":[{"href":"https:\/\/ceoparts.com\/tr\/wp-json\/wp\/v2\/types\/product"}],"wp:featuredmedia":[{"embeddable":true,"href":"https:\/\/ceoparts.com\/tr\/wp-json\/wp\/v2\/media\/13574"}],"wp:attachment":[{"href":"https:\/\/ceoparts.com\/tr\/wp-json\/wp\/v2\/media?parent=13572"}],"wp:term":[{"taxonomy":"product_brand","embeddable":true,"href":"https:\/\/ceoparts.com\/tr\/wp-json\/wp\/v2\/product_brand?post=13572"},{"taxonomy":"product_cat","embeddable":true,"href":"https:\/\/ceoparts.com\/tr\/wp-json\/wp\/v2\/product_cat?post=13572"},{"taxonomy":"product_tag","embeddable":true,"href":"https:\/\/ceoparts.com\/tr\/wp-json\/wp\/v2\/product_tag?post=13572"}],"curies":[{"name":"wp","href":"https:\/\/api.w.org\/{rel}","templated":true}]}}