{"id":13577,"date":"2025-01-21T17:52:20","date_gmt":"2025-01-21T14:52:20","guid":{"rendered":"https:\/\/ceoparts.com\/?post_type=product&#038;p=13577"},"modified":"2026-05-16T16:18:20","modified_gmt":"2026-05-16T13:18:20","slug":"linde-530-soketli-kontak-anahtari","status":"publish","type":"product","link":"https:\/\/ceoparts.com\/tr\/urun\/linde-530-soketli-kontak-anahtari\/","title":{"rendered":"Linde 530 Soketli Kontak Anahtar\u0131"},"content":{"rendered":"<p>Linde 530 Soketli Kontak Anahtar\u0131<\/p>","protected":false},"excerpt":{"rendered":"<p data-start=\"78\" data-end=\"317\"><br data-start=\"83\" data-end=\"86\" \/>Linde 530 Soketli Kontak Anahtar\u0131, forklift makineleri i\u00e7in \u00f6zel olarak tasarlanm\u0131\u015f dayan\u0131kl\u0131 ve g\u00fcvenilir bir yedek par\u00e7ad\u0131r. Kolay montaj\u0131 ile makinenizin elektrik sisteminde sorunsuz \u00e7al\u0131\u015f\u0131r ve operat\u00f6re g\u00fcvenli kullan\u0131m sa\u011flar.<\/p>\n<p data-start=\"319\" data-end=\"600\"><strong data-start=\"319\" data-end=\"334\">\u00d6zellikler:<\/strong><br data-start=\"334\" data-end=\"337\" \/><strong data-start=\"337\" data-end=\"350\">\u00dcr\u00fcn Ad\u0131:<\/strong> Linde 530 Soketli Kontak Anahtar\u0131<br data-start=\"384\" data-end=\"387\" \/><strong data-start=\"387\" data-end=\"402\">Par\u00e7a Kodu:<\/strong> (Par\u00e7a kodu belirtilmemi\u015ftir)<br data-start=\"432\" data-end=\"435\" \/><strong data-start=\"435\" data-end=\"447\">Malzeme:<\/strong> Dayan\u0131kl\u0131 plastik ve metal<br data-start=\"474\" data-end=\"477\" \/><strong data-start=\"477\" data-end=\"496\">Kullan\u0131m Alan\u0131:<\/strong> Linde forklift modelleri<br data-start=\"521\" data-end=\"524\" \/><strong data-start=\"524\" data-end=\"536\">Avantaj:<\/strong> Kolay montaj, g\u00fcvenilir elektrik ba\u011flant\u0131s\u0131, uzun \u00f6m\u00fcrl\u00fc yap\u0131<\/p>\n<p data-start=\"602\" data-end=\"840\">\n","protected":false},"featured_media":13579,"template":"","meta":[],"product_brand":[],"product_cat":[246,469,523],"product_tag":[],"class_list":{"0":"post-13577","1":"product","2":"type-product","3":"status-publish","4":"has-post-thumbnail","6":"product_cat-linde","7":"product_cat-elektrik-ve-sistem-parcalari","8":"product_cat-yedek-parca-linde","10":"first","11":"instock","12":"taxable","13":"shipping-taxable","14":"purchasable","15":"product-type-simple"},"_links":{"self":[{"href":"https:\/\/ceoparts.com\/tr\/wp-json\/wp\/v2\/product\/13577","targetHints":{"allow":["GET"]}}],"collection":[{"href":"https:\/\/ceoparts.com\/tr\/wp-json\/wp\/v2\/product"}],"about":[{"href":"https:\/\/ceoparts.com\/tr\/wp-json\/wp\/v2\/types\/product"}],"wp:featuredmedia":[{"embeddable":true,"href":"https:\/\/ceoparts.com\/tr\/wp-json\/wp\/v2\/media\/13579"}],"wp:attachment":[{"href":"https:\/\/ceoparts.com\/tr\/wp-json\/wp\/v2\/media?parent=13577"}],"wp:term":[{"taxonomy":"product_brand","embeddable":true,"href":"https:\/\/ceoparts.com\/tr\/wp-json\/wp\/v2\/product_brand?post=13577"},{"taxonomy":"product_cat","embeddable":true,"href":"https:\/\/ceoparts.com\/tr\/wp-json\/wp\/v2\/product_cat?post=13577"},{"taxonomy":"product_tag","embeddable":true,"href":"https:\/\/ceoparts.com\/tr\/wp-json\/wp\/v2\/product_tag?post=13577"}],"curies":[{"name":"wp","href":"https:\/\/api.w.org\/{rel}","templated":true}]}}