{"id":13600,"date":"2025-01-23T17:14:13","date_gmt":"2025-01-23T14:14:13","guid":{"rendered":"https:\/\/ceoparts.com\/?post_type=product&#038;p=13600"},"modified":"2026-05-16T12:02:46","modified_gmt":"2026-05-16T09:02:46","slug":"still-joystick-kontrol-paneli-57314306124","status":"publish","type":"product","link":"https:\/\/ceoparts.com\/tr\/urun\/still-joystick-kontrol-paneli-57314306124\/","title":{"rendered":"Still Joystick Kontrol Paneli 2.El &#8211; 57314306124"},"content":{"rendered":"<p>Still Joystick Kontrol Paneli 2.El &#8211; 57314306124<\/p>\n<p>STILL TYPU<br \/>\nRX20 6210-6217<br \/>\nRX60-18-20 6311-13-15<br \/>\nRX70-22D-35D R7321-7324 R7329-7330<br \/>\nRX70-22T-35T 7325-7328<br \/>\nRX60-25-35 6321-6325<br \/>\nR70 7081-7083 T<br \/>\nR70 7071-7073 D<br \/>\nRX70-16D-20D 7311-7313<br \/>\nRX70-16T-20T 7314-7316<br \/>\nRX50 5061-5066<br \/>\nRX70-22T-35T R7365-68<br \/>\nRX60-25-35 6345-48 6353-56<br \/>\nRX70-20D-35D 7300-7305<br \/>\nRX70-20T-35T R7306-09<\/p>","protected":false},"excerpt":{"rendered":"<p data-start=\"78\" data-end=\"328\"><br data-start=\"83\" data-end=\"86\" \/>Still Joystick Kontrol Paneli 2.El, forklift makineleri i\u00e7in tasarlanm\u0131\u015f dayan\u0131kl\u0131 ve kullan\u0131\u015fl\u0131 bir yedek par\u00e7ad\u0131r. Operat\u00f6rlere hassas kontrol imkan\u0131 sunar ve makinenin performans\u0131n\u0131 art\u0131r\u0131r. Uzun \u00f6m\u00fcrl\u00fc yap\u0131s\u0131yla g\u00fcvenilir kullan\u0131m sa\u011flar.<\/p>\n<p data-start=\"330\" data-end=\"597\"><strong data-start=\"330\" data-end=\"345\">\u00d6zellikler:<\/strong><br data-start=\"345\" data-end=\"348\" \/><strong data-start=\"348\" data-end=\"361\">\u00dcr\u00fcn Ad\u0131:<\/strong> Still Joystick Kontrol Paneli 2.El<br data-start=\"396\" data-end=\"399\" \/><strong data-start=\"399\" data-end=\"414\">Par\u00e7a Kodu:<\/strong> 57314306124<br data-start=\"426\" data-end=\"429\" \/><strong data-start=\"429\" data-end=\"441\">Malzeme:<\/strong> Dayan\u0131kl\u0131 plastik ve elektronik bile\u015fenler<br data-start=\"484\" data-end=\"487\" \/><strong data-start=\"487\" data-end=\"506\">Kullan\u0131m Alan\u0131:<\/strong> Still forklift modelleri<br data-start=\"531\" data-end=\"534\" \/><strong data-start=\"534\" data-end=\"546\">Avantaj:<\/strong> Hassas kontrol, kolay kullan\u0131m, uzun \u00f6m\u00fcrl\u00fc yap\u0131<\/p>\n<p data-start=\"599\" data-end=\"836\">\n","protected":false},"featured_media":13604,"template":"","meta":[],"product_brand":[],"product_cat":[241,433,471,524],"product_tag":[],"class_list":{"0":"post-13600","1":"product","2":"type-product","3":"status-publish","4":"has-post-thumbnail","6":"product_cat-still","7":"product_cat-ikinci-el-urunler","8":"product_cat-joystick-pedal-yedek-parca","9":"product_cat-yedek-parca-still","11":"first","12":"instock","13":"taxable","14":"shipping-taxable","15":"purchasable","16":"product-type-simple"},"_links":{"self":[{"href":"https:\/\/ceoparts.com\/tr\/wp-json\/wp\/v2\/product\/13600","targetHints":{"allow":["GET"]}}],"collection":[{"href":"https:\/\/ceoparts.com\/tr\/wp-json\/wp\/v2\/product"}],"about":[{"href":"https:\/\/ceoparts.com\/tr\/wp-json\/wp\/v2\/types\/product"}],"wp:featuredmedia":[{"embeddable":true,"href":"https:\/\/ceoparts.com\/tr\/wp-json\/wp\/v2\/media\/13604"}],"wp:attachment":[{"href":"https:\/\/ceoparts.com\/tr\/wp-json\/wp\/v2\/media?parent=13600"}],"wp:term":[{"taxonomy":"product_brand","embeddable":true,"href":"https:\/\/ceoparts.com\/tr\/wp-json\/wp\/v2\/product_brand?post=13600"},{"taxonomy":"product_cat","embeddable":true,"href":"https:\/\/ceoparts.com\/tr\/wp-json\/wp\/v2\/product_cat?post=13600"},{"taxonomy":"product_tag","embeddable":true,"href":"https:\/\/ceoparts.com\/tr\/wp-json\/wp\/v2\/product_tag?post=13600"}],"curies":[{"name":"wp","href":"https:\/\/api.w.org\/{rel}","templated":true}]}}