{"id":13617,"date":"2025-01-24T09:13:21","date_gmt":"2025-01-24T06:13:21","guid":{"rendered":"https:\/\/ceoparts.com\/?post_type=product&#038;p=13617"},"modified":"2026-05-16T18:39:10","modified_gmt":"2026-05-16T15:39:10","slug":"linde-fmx-f25-51323608700","status":"publish","type":"product","link":"https:\/\/ceoparts.com\/tr\/urun\/linde-fmx-f25-51323608700\/","title":{"rendered":"Linde FMX F25 2.El &#8211; 51323608700"},"content":{"rendered":"<p>Linde FMX F25 2.El &#8211; 51323608700<\/p>","protected":false},"excerpt":{"rendered":"<p data-start=\"77\" data-end=\"329\"><br data-start=\"82\" data-end=\"85\" \/>Linde FMX F25 2.El, forklift makineleri i\u00e7in geli\u015ftirilmi\u015f kaliteli ve ekonomik bir 2. el yedek par\u00e7ad\u0131r. Operat\u00f6re hassas ve g\u00fcvenli kullan\u0131m imkan\u0131 sa\u011flar. Sa\u011flam g\u00f6vde yap\u0131s\u0131 ile makinenin performans\u0131n\u0131 art\u0131r\u0131r ve uzun \u00f6m\u00fcrl\u00fc kullan\u0131m sunar.<\/p>\n<p data-start=\"331\" data-end=\"582\"><strong data-start=\"331\" data-end=\"346\">\u00d6zellikler:<\/strong><br data-start=\"346\" data-end=\"349\" \/><strong data-start=\"349\" data-end=\"362\">\u00dcr\u00fcn Ad\u0131:<\/strong> Linde FMX F25 2.El<br data-start=\"381\" data-end=\"384\" \/><strong data-start=\"384\" data-end=\"399\">Par\u00e7a Kodu:<\/strong> 51323608700<br data-start=\"411\" data-end=\"414\" \/><strong data-start=\"414\" data-end=\"426\">Malzeme:<\/strong> D\u00f6k\u00fcm metal ve dayan\u0131kl\u0131 plastik<br data-start=\"459\" data-end=\"462\" \/><strong data-start=\"462\" data-end=\"481\">Kullan\u0131m Alan\u0131:<\/strong> Linde FMX forklift modelleri<br data-start=\"510\" data-end=\"513\" \/><strong data-start=\"513\" data-end=\"525\">Avantaj:<\/strong> Ekonomik 2. el \u00e7\u00f6z\u00fcm, hassas kontrol, uzun \u00f6m\u00fcrl\u00fc yap\u0131<\/p>\n<p data-start=\"584\" data-end=\"830\">\n","protected":false},"featured_media":13618,"template":"","meta":[],"product_brand":[],"product_cat":[246,433,523],"product_tag":[],"class_list":{"0":"post-13617","1":"product","2":"type-product","3":"status-publish","4":"has-post-thumbnail","6":"product_cat-linde","7":"product_cat-ikinci-el-urunler","8":"product_cat-yedek-parca-linde","10":"first","11":"instock","12":"taxable","13":"shipping-taxable","14":"purchasable","15":"product-type-simple"},"_links":{"self":[{"href":"https:\/\/ceoparts.com\/tr\/wp-json\/wp\/v2\/product\/13617","targetHints":{"allow":["GET"]}}],"collection":[{"href":"https:\/\/ceoparts.com\/tr\/wp-json\/wp\/v2\/product"}],"about":[{"href":"https:\/\/ceoparts.com\/tr\/wp-json\/wp\/v2\/types\/product"}],"wp:featuredmedia":[{"embeddable":true,"href":"https:\/\/ceoparts.com\/tr\/wp-json\/wp\/v2\/media\/13618"}],"wp:attachment":[{"href":"https:\/\/ceoparts.com\/tr\/wp-json\/wp\/v2\/media?parent=13617"}],"wp:term":[{"taxonomy":"product_brand","embeddable":true,"href":"https:\/\/ceoparts.com\/tr\/wp-json\/wp\/v2\/product_brand?post=13617"},{"taxonomy":"product_cat","embeddable":true,"href":"https:\/\/ceoparts.com\/tr\/wp-json\/wp\/v2\/product_cat?post=13617"},{"taxonomy":"product_tag","embeddable":true,"href":"https:\/\/ceoparts.com\/tr\/wp-json\/wp\/v2\/product_tag?post=13617"}],"curies":[{"name":"wp","href":"https:\/\/api.w.org\/{rel}","templated":true}]}}