{"id":13634,"date":"2025-01-24T16:52:48","date_gmt":"2025-01-24T13:52:48","guid":{"rendered":"https:\/\/ceoparts.com\/?post_type=product&#038;p=13634"},"modified":"2026-05-16T17:09:05","modified_gmt":"2026-05-16T14:09:05","slug":"linde-housing-assy-3095406448","status":"publish","type":"product","link":"https:\/\/ceoparts.com\/tr\/urun\/linde-housing-assy-3095406448\/","title":{"rendered":"Linde Housing Assy &#8211; 3095406448"},"content":{"rendered":"<p>Linde Housing Assy &#8211; 3095406448<\/p>\n","protected":false},"excerpt":{"rendered":"<p data-start=\"133\" data-end=\"351\"><br data-start=\"138\" data-end=\"141\" \/>Linde Housing Assy, forklift makineleri i\u00e7in \u00f6zel olarak \u00fcretilmi\u015f sa\u011flam ve kaliteli bir yedek par\u00e7ad\u0131r. Dayan\u0131kl\u0131 g\u00f6vde yap\u0131s\u0131 sayesinde makinenin \u00e7al\u0131\u015fma performans\u0131n\u0131 art\u0131r\u0131r ve uzun s\u00fcreli kullan\u0131m sa\u011flar.<\/p>\n<p data-start=\"353\" data-end=\"591\"><strong data-start=\"353\" data-end=\"368\">\u00d6zellikler:<\/strong><br data-start=\"368\" data-end=\"371\" \/><strong data-start=\"371\" data-end=\"384\">\u00dcr\u00fcn Ad\u0131:<\/strong> Linde Housing Assy<br data-start=\"403\" data-end=\"406\" \/><strong data-start=\"406\" data-end=\"421\">Par\u00e7a Kodu:<\/strong> 3095406448<br data-start=\"432\" data-end=\"435\" \/><strong data-start=\"435\" data-end=\"447\">Malzeme:<\/strong> D\u00f6k\u00fcm metal ve dayan\u0131kl\u0131 plastik<br data-start=\"480\" data-end=\"483\" \/><strong data-start=\"483\" data-end=\"502\">Kullan\u0131m Alan\u0131:<\/strong> Linde forklift modelleri<br data-start=\"527\" data-end=\"530\" \/><strong data-start=\"530\" data-end=\"542\">Avantaj:<\/strong> Uzun \u00f6m\u00fcrl\u00fc yap\u0131, kolay montaj, y\u00fcksek dayan\u0131m<\/p>\n<p data-start=\"593\" data-end=\"797\">\n","protected":false},"featured_media":13636,"template":"","meta":[],"product_brand":[],"product_cat":[246,450,523],"product_tag":[],"class_list":{"0":"post-13634","1":"product","2":"type-product","3":"status-publish","4":"has-post-thumbnail","6":"product_cat-linde","7":"product_cat-direksiyon-sistemleri","8":"product_cat-yedek-parca-linde","10":"first","11":"instock","12":"taxable","13":"shipping-taxable","14":"purchasable","15":"product-type-simple"},"_links":{"self":[{"href":"https:\/\/ceoparts.com\/tr\/wp-json\/wp\/v2\/product\/13634","targetHints":{"allow":["GET"]}}],"collection":[{"href":"https:\/\/ceoparts.com\/tr\/wp-json\/wp\/v2\/product"}],"about":[{"href":"https:\/\/ceoparts.com\/tr\/wp-json\/wp\/v2\/types\/product"}],"wp:featuredmedia":[{"embeddable":true,"href":"https:\/\/ceoparts.com\/tr\/wp-json\/wp\/v2\/media\/13636"}],"wp:attachment":[{"href":"https:\/\/ceoparts.com\/tr\/wp-json\/wp\/v2\/media?parent=13634"}],"wp:term":[{"taxonomy":"product_brand","embeddable":true,"href":"https:\/\/ceoparts.com\/tr\/wp-json\/wp\/v2\/product_brand?post=13634"},{"taxonomy":"product_cat","embeddable":true,"href":"https:\/\/ceoparts.com\/tr\/wp-json\/wp\/v2\/product_cat?post=13634"},{"taxonomy":"product_tag","embeddable":true,"href":"https:\/\/ceoparts.com\/tr\/wp-json\/wp\/v2\/product_tag?post=13634"}],"curies":[{"name":"wp","href":"https:\/\/api.w.org\/{rel}","templated":true}]}}