{"id":13650,"date":"2025-01-25T09:13:25","date_gmt":"2025-01-25T06:13:25","guid":{"rendered":"https:\/\/ceoparts.com\/?post_type=product&#038;p=13650"},"modified":"2026-05-16T17:28:32","modified_gmt":"2026-05-16T14:28:32","slug":"finger-532596044","status":"publish","type":"product","link":"https:\/\/ceoparts.com\/tr\/urun\/finger-532596044\/","title":{"rendered":"Finger 2.El &#8211; 532596044"},"content":{"rendered":"<p>Finger 2.El &#8211; 532596044<\/p>","protected":false},"excerpt":{"rendered":"<p data-start=\"166\" data-end=\"384\"><br data-start=\"171\" data-end=\"174\" \/>Finger 2.El, forklift makineleri i\u00e7in ideal, 2. el yedek par\u00e7alardan biridir. Dayan\u0131kl\u0131 yap\u0131s\u0131 ve ekonomik fiyat avantaj\u0131 ile makinenizin performans\u0131n\u0131 art\u0131r\u0131r. Hassas kontrol ve sorunsuz kullan\u0131m imkan\u0131 sunar.<\/p>\n<p data-start=\"386\" data-end=\"631\"><strong data-start=\"386\" data-end=\"401\">\u00d6zellikler:<\/strong><br data-start=\"401\" data-end=\"404\" \/><strong data-start=\"404\" data-end=\"417\">\u00dcr\u00fcn Ad\u0131:<\/strong> Finger 2.El<br data-start=\"429\" data-end=\"432\" \/><strong data-start=\"432\" data-end=\"447\">Par\u00e7a Kodu:<\/strong> 532596044<br data-start=\"457\" data-end=\"460\" \/><strong data-start=\"460\" data-end=\"472\">Malzeme:<\/strong> Dayan\u0131kl\u0131 \u00e7elik ve plastik kar\u0131\u015f\u0131m\u0131<br data-start=\"508\" data-end=\"511\" \/><strong data-start=\"511\" data-end=\"530\">Kullan\u0131m Alan\u0131:<\/strong> Forklift par\u00e7a sistemleri<br data-start=\"556\" data-end=\"559\" \/><strong data-start=\"559\" data-end=\"571\">Avantaj:<\/strong> Uygun fiyatl\u0131 2. el \u00e7\u00f6z\u00fcm, uzun \u00f6m\u00fcrl\u00fc yap\u0131, h\u0131zl\u0131 montaj<\/p>\n<p data-start=\"633\" data-end=\"866\">\n","protected":false},"featured_media":13651,"template":"","meta":[],"product_brand":[],"product_cat":[433],"product_tag":[],"class_list":{"0":"post-13650","1":"product","2":"type-product","3":"status-publish","4":"has-post-thumbnail","6":"product_cat-ikinci-el-urunler","8":"first","9":"instock","10":"taxable","11":"shipping-taxable","12":"purchasable","13":"product-type-simple"},"_links":{"self":[{"href":"https:\/\/ceoparts.com\/tr\/wp-json\/wp\/v2\/product\/13650","targetHints":{"allow":["GET"]}}],"collection":[{"href":"https:\/\/ceoparts.com\/tr\/wp-json\/wp\/v2\/product"}],"about":[{"href":"https:\/\/ceoparts.com\/tr\/wp-json\/wp\/v2\/types\/product"}],"wp:featuredmedia":[{"embeddable":true,"href":"https:\/\/ceoparts.com\/tr\/wp-json\/wp\/v2\/media\/13651"}],"wp:attachment":[{"href":"https:\/\/ceoparts.com\/tr\/wp-json\/wp\/v2\/media?parent=13650"}],"wp:term":[{"taxonomy":"product_brand","embeddable":true,"href":"https:\/\/ceoparts.com\/tr\/wp-json\/wp\/v2\/product_brand?post=13650"},{"taxonomy":"product_cat","embeddable":true,"href":"https:\/\/ceoparts.com\/tr\/wp-json\/wp\/v2\/product_cat?post=13650"},{"taxonomy":"product_tag","embeddable":true,"href":"https:\/\/ceoparts.com\/tr\/wp-json\/wp\/v2\/product_tag?post=13650"}],"curies":[{"name":"wp","href":"https:\/\/api.w.org\/{rel}","templated":true}]}}