{"id":13654,"date":"2025-01-25T09:18:27","date_gmt":"2025-01-25T06:18:27","guid":{"rendered":"https:\/\/ceoparts.com\/?post_type=product&#038;p=13654"},"modified":"2026-05-16T15:28:28","modified_gmt":"2026-05-16T12:28:28","slug":"still-rx-joystick-50636305500","status":"publish","type":"product","link":"https:\/\/ceoparts.com\/tr\/urun\/still-rx-joystick-50636305500\/","title":{"rendered":"Still RX Joyst\u0131ck 2.El- 50634305500"},"content":{"rendered":"<p>Still RX Joyst\u0131ck 2.El- 50634305500<\/p>","protected":false},"excerpt":{"rendered":"<p data-start=\"156\" data-end=\"362\"><br data-start=\"161\" data-end=\"164\" \/>Still RX Joystick, forklift modellerinde kullan\u0131m i\u00e7in tasarlanm\u0131\u015f, 2. el kaliteli bir yedek par\u00e7ad\u0131r. \u00d6zellikle hassas kontrol ve s\u00fcr\u00fc\u015f konforu sa\u011flayan bu joystick, makinenizin verimini art\u0131r\u0131r.<\/p>\n<p data-start=\"364\" data-end=\"622\"><strong data-start=\"364\" data-end=\"379\">\u00d6zellikler:<\/strong><br data-start=\"379\" data-end=\"382\" \/><strong data-start=\"382\" data-end=\"395\">\u00dcr\u00fcn Ad\u0131:<\/strong> Still RX Joystick 2.El<br data-start=\"418\" data-end=\"421\" \/><strong data-start=\"421\" data-end=\"436\">Par\u00e7a Kodu:<\/strong> 50634305500<br data-start=\"448\" data-end=\"451\" \/><strong data-start=\"451\" data-end=\"463\">Malzeme:<\/strong> Dayan\u0131kl\u0131 plastik ve metal kar\u0131\u015f\u0131m\u0131<br data-start=\"499\" data-end=\"502\" \/><strong data-start=\"502\" data-end=\"521\">Kullan\u0131m Alan\u0131:<\/strong> Still RX forklift modelleri<br data-start=\"549\" data-end=\"552\" \/><strong data-start=\"552\" data-end=\"564\">Avantaj:<\/strong> Hassas kontrol, uygun fiyatl\u0131 2. el \u00e7\u00f6z\u00fcm, h\u0131zl\u0131 montaj<\/p>\n<hr data-start=\"624\" data-end=\"627\" \/>\n<p data-start=\"629\" data-end=\"832\">\n","protected":false},"featured_media":13656,"template":"","meta":[],"product_brand":[],"product_cat":[241,433,524],"product_tag":[],"class_list":{"0":"post-13654","1":"product","2":"type-product","3":"status-publish","4":"has-post-thumbnail","6":"product_cat-still","7":"product_cat-ikinci-el-urunler","8":"product_cat-yedek-parca-still","10":"first","11":"instock","12":"taxable","13":"shipping-taxable","14":"purchasable","15":"product-type-simple"},"_links":{"self":[{"href":"https:\/\/ceoparts.com\/tr\/wp-json\/wp\/v2\/product\/13654","targetHints":{"allow":["GET"]}}],"collection":[{"href":"https:\/\/ceoparts.com\/tr\/wp-json\/wp\/v2\/product"}],"about":[{"href":"https:\/\/ceoparts.com\/tr\/wp-json\/wp\/v2\/types\/product"}],"wp:featuredmedia":[{"embeddable":true,"href":"https:\/\/ceoparts.com\/tr\/wp-json\/wp\/v2\/media\/13656"}],"wp:attachment":[{"href":"https:\/\/ceoparts.com\/tr\/wp-json\/wp\/v2\/media?parent=13654"}],"wp:term":[{"taxonomy":"product_brand","embeddable":true,"href":"https:\/\/ceoparts.com\/tr\/wp-json\/wp\/v2\/product_brand?post=13654"},{"taxonomy":"product_cat","embeddable":true,"href":"https:\/\/ceoparts.com\/tr\/wp-json\/wp\/v2\/product_cat?post=13654"},{"taxonomy":"product_tag","embeddable":true,"href":"https:\/\/ceoparts.com\/tr\/wp-json\/wp\/v2\/product_tag?post=13654"}],"curies":[{"name":"wp","href":"https:\/\/api.w.org\/{rel}","templated":true}]}}