{"id":13661,"date":"2025-01-25T09:29:48","date_gmt":"2025-01-25T06:29:48","guid":{"rendered":"https:\/\/ceoparts.com\/?post_type=product&#038;p=13661"},"modified":"2026-05-16T15:28:52","modified_gmt":"2026-05-16T12:28:52","slug":"still-rx-su2-kart-48v-56323602608","status":"publish","type":"product","link":"https:\/\/ceoparts.com\/tr\/urun\/still-rx-su2-kart-48v-56323602608\/","title":{"rendered":"Still RX SU2 Kart 48V 2.El &#8211; 56323602608"},"content":{"rendered":"<p>Still RX SU2 Kart 48V 2.El &#8211; 56323602608<\/p>","protected":false},"excerpt":{"rendered":"<p data-start=\"0\" data-end=\"245\"><br data-start=\"5\" data-end=\"8\" \/>Still RX SU2 Kart 48V 2.El, Still forklift modelleri i\u00e7in \u00f6zel olarak \u00fcretilmi\u015f ikinci el, 48V \u00e7al\u0131\u015fma gerilimli sa\u011flam ve dayan\u0131kl\u0131 bir karts\u0131z s\u00fcr\u00fcc\u00fc kontrol \u00fcnitesidir. Forklift performans\u0131n\u0131 optimize eder ve g\u00fcvenilir \u00e7al\u0131\u015fma sa\u011flar.<\/p>\n<p data-start=\"247\" data-end=\"524\"><strong data-start=\"247\" data-end=\"262\">\u00d6zellikler:<\/strong><br data-start=\"262\" data-end=\"265\" \/><strong data-start=\"265\" data-end=\"278\">\u00dcr\u00fcn Ad\u0131:<\/strong> Still RX SU2 Kart 48V 2.El<br data-start=\"305\" data-end=\"308\" \/><strong data-start=\"308\" data-end=\"323\">Par\u00e7a Kodu:<\/strong> 56323602608<br data-start=\"335\" data-end=\"338\" \/><strong data-start=\"338\" data-end=\"350\">Malzeme:<\/strong> Dayan\u0131kl\u0131 elektronik ve metal bile\u015fenler<br data-start=\"391\" data-end=\"394\" \/><strong data-start=\"394\" data-end=\"413\">Kullan\u0131m Alan\u0131:<\/strong> Still RX SU2 forklift kontrol sistemleri<br data-start=\"454\" data-end=\"457\" \/><strong data-start=\"457\" data-end=\"469\">Avantaj:<\/strong> G\u00fcvenilir ikinci el \u00fcr\u00fcn, y\u00fcksek performans, uzun \u00f6m\u00fcr<\/p>\n<p data-start=\"526\" data-end=\"739\">\n","protected":false},"featured_media":13663,"template":"","meta":[],"product_brand":[],"product_cat":[241,433,524],"product_tag":[],"class_list":{"0":"post-13661","1":"product","2":"type-product","3":"status-publish","4":"has-post-thumbnail","6":"product_cat-still","7":"product_cat-ikinci-el-urunler","8":"product_cat-yedek-parca-still","10":"first","11":"instock","12":"taxable","13":"shipping-taxable","14":"purchasable","15":"product-type-simple"},"_links":{"self":[{"href":"https:\/\/ceoparts.com\/tr\/wp-json\/wp\/v2\/product\/13661","targetHints":{"allow":["GET"]}}],"collection":[{"href":"https:\/\/ceoparts.com\/tr\/wp-json\/wp\/v2\/product"}],"about":[{"href":"https:\/\/ceoparts.com\/tr\/wp-json\/wp\/v2\/types\/product"}],"wp:featuredmedia":[{"embeddable":true,"href":"https:\/\/ceoparts.com\/tr\/wp-json\/wp\/v2\/media\/13663"}],"wp:attachment":[{"href":"https:\/\/ceoparts.com\/tr\/wp-json\/wp\/v2\/media?parent=13661"}],"wp:term":[{"taxonomy":"product_brand","embeddable":true,"href":"https:\/\/ceoparts.com\/tr\/wp-json\/wp\/v2\/product_brand?post=13661"},{"taxonomy":"product_cat","embeddable":true,"href":"https:\/\/ceoparts.com\/tr\/wp-json\/wp\/v2\/product_cat?post=13661"},{"taxonomy":"product_tag","embeddable":true,"href":"https:\/\/ceoparts.com\/tr\/wp-json\/wp\/v2\/product_tag?post=13661"}],"curies":[{"name":"wp","href":"https:\/\/api.w.org\/{rel}","templated":true}]}}