{"id":13679,"date":"2025-01-27T10:27:57","date_gmt":"2025-01-27T07:27:57","guid":{"rendered":"https:\/\/ceoparts.com\/?post_type=product&#038;p=13679"},"modified":"2026-05-16T15:00:52","modified_gmt":"2026-05-16T12:00:52","slug":"bt-sensor-706-241868-266706","status":"publish","type":"product","link":"https:\/\/ceoparts.com\/tr\/urun\/bt-sensor-706-241868-266706\/","title":{"rendered":"BT Sens\u00f6r 706 &#8211; 241868 , 266706"},"content":{"rendered":"<p>BT Sens\u00f6r 706 &#8211; 241868 , 266706<\/p>\n","protected":false},"excerpt":{"rendered":"<p data-start=\"0\" data-end=\"274\"><br data-start=\"5\" data-end=\"8\" \/>BT forklift modelleri i\u00e7in \u00f6zel olarak \u00fcretilmi\u015f olan BT Sens\u00f6r 706, forkliftin elektronik sistemlerinde hassas ve g\u00fcvenilir sens\u00f6r performans\u0131 sa\u011flar. Y\u00fcksek kaliteli malzemeler kullan\u0131larak \u00fcretilmi\u015f olup uzun \u00f6m\u00fcrl\u00fcd\u00fcr ve forkliftin \u00e7al\u0131\u015fma verimlili\u011fini art\u0131r\u0131r.<\/p>\n<p data-start=\"276\" data-end=\"520\"><strong data-start=\"276\" data-end=\"291\">\u00d6zellikler:<\/strong><br data-start=\"291\" data-end=\"294\" \/><strong data-start=\"294\" data-end=\"307\">\u00dcr\u00fcn Ad\u0131:<\/strong> BT Sens\u00f6r 706<br data-start=\"321\" data-end=\"324\" \/><strong data-start=\"324\" data-end=\"339\">Par\u00e7a Kodu:<\/strong> 241868, 266706<br data-start=\"354\" data-end=\"357\" \/><strong data-start=\"357\" data-end=\"369\">Malzeme:<\/strong> Dayan\u0131kl\u0131 elektronik bile\u015fenler<br data-start=\"401\" data-end=\"404\" \/><strong data-start=\"404\" data-end=\"423\">Kullan\u0131m Alan\u0131:<\/strong> BT forklift elektronik sistemleri<br data-start=\"457\" data-end=\"460\" \/><strong data-start=\"460\" data-end=\"472\">Avantaj:<\/strong> Y\u00fcksek hassasiyet, g\u00fcvenilir \u00e7al\u0131\u015fma, uzun \u00f6m\u00fcr<\/p>\n<p data-start=\"522\" data-end=\"789\">\n","protected":false},"featured_media":13677,"template":"","meta":[],"product_brand":[],"product_cat":[251,469,518],"product_tag":[],"class_list":{"0":"post-13679","1":"product","2":"type-product","3":"status-publish","4":"has-post-thumbnail","6":"product_cat-bt","7":"product_cat-elektrik-ve-sistem-parcalari","8":"product_cat-yedek-parca-bt","10":"first","11":"instock","12":"taxable","13":"shipping-taxable","14":"purchasable","15":"product-type-simple"},"_links":{"self":[{"href":"https:\/\/ceoparts.com\/tr\/wp-json\/wp\/v2\/product\/13679","targetHints":{"allow":["GET"]}}],"collection":[{"href":"https:\/\/ceoparts.com\/tr\/wp-json\/wp\/v2\/product"}],"about":[{"href":"https:\/\/ceoparts.com\/tr\/wp-json\/wp\/v2\/types\/product"}],"wp:featuredmedia":[{"embeddable":true,"href":"https:\/\/ceoparts.com\/tr\/wp-json\/wp\/v2\/media\/13677"}],"wp:attachment":[{"href":"https:\/\/ceoparts.com\/tr\/wp-json\/wp\/v2\/media?parent=13679"}],"wp:term":[{"taxonomy":"product_brand","embeddable":true,"href":"https:\/\/ceoparts.com\/tr\/wp-json\/wp\/v2\/product_brand?post=13679"},{"taxonomy":"product_cat","embeddable":true,"href":"https:\/\/ceoparts.com\/tr\/wp-json\/wp\/v2\/product_cat?post=13679"},{"taxonomy":"product_tag","embeddable":true,"href":"https:\/\/ceoparts.com\/tr\/wp-json\/wp\/v2\/product_tag?post=13679"}],"curies":[{"name":"wp","href":"https:\/\/api.w.org\/{rel}","templated":true}]}}