{"id":13683,"date":"2025-01-27T11:13:47","date_gmt":"2025-01-27T08:13:47","guid":{"rendered":"https:\/\/ceoparts.com\/?post_type=product&#038;p=13683"},"modified":"2026-05-16T14:02:30","modified_gmt":"2026-05-16T11:02:30","slug":"bt-toyota-lp200-catal-mekanizmasi-bos-7591742-261271-132523","status":"publish","type":"product","link":"https:\/\/ceoparts.com\/tr\/urun\/bt-toyota-lp200-catal-mekanizmasi-bos-7591742-261271-132523\/","title":{"rendered":"BT Toyota LPE200 \u00c7atal Mekanizmas\u0131 (Tekerleksiz) &#8211; 7591742, 261271, 132523"},"content":{"rendered":"<p>BT Toyota LPE200 \u00c7atal Mekanizmas\u0131 (Tekerleksiz) &#8211; 7591742, 261271, 132523<\/p>\n<p>BT 7591742, 261271<\/p>","protected":false},"excerpt":{"rendered":"<p data-start=\"0\" data-end=\"274\"><br data-start=\"5\" data-end=\"8\" \/>BT Toyota LPE200 forklift modelleri i\u00e7in \u00f6zel olarak \u00fcretilmi\u015f bu tekerleksiz \u00e7atal mekanizmas\u0131, forkliftin \u00e7atal sisteminde sa\u011flam ve g\u00fcvenilir performans sa\u011flar. Y\u00fck ta\u015f\u0131ma i\u015flemlerinde y\u00fcksek verimlilik sunar. Dayan\u0131kl\u0131 malzemelerden \u00fcretilmi\u015f olup uzun \u00f6m\u00fcrl\u00fcd\u00fcr.<\/p>\n<p data-start=\"276\" data-end=\"599\"><strong data-start=\"276\" data-end=\"291\">\u00d6zellikler:<\/strong><br data-start=\"291\" data-end=\"294\" \/><strong data-start=\"294\" data-end=\"307\">\u00dcr\u00fcn Ad\u0131:<\/strong> BT Toyota LPE200 \u00c7atal Mekanizmas\u0131 (Tekerleksiz)<br data-start=\"355\" data-end=\"358\" \/><strong data-start=\"358\" data-end=\"373\">Par\u00e7a Kodu:<\/strong> 7591742, 261271, 132523<br data-start=\"397\" data-end=\"400\" \/><strong data-start=\"400\" data-end=\"412\">Malzeme:<\/strong> Y\u00fcksek dayan\u0131kl\u0131l\u0131\u011fa sahip \u00e7elik ve ala\u015f\u0131ml\u0131 malzeme<br data-start=\"465\" data-end=\"468\" \/><strong data-start=\"468\" data-end=\"487\">Kullan\u0131m Alan\u0131:<\/strong> BT Toyota LPE200 forklift \u00e7atal sistemleri<br data-start=\"529\" data-end=\"532\" \/><strong data-start=\"532\" data-end=\"544\">Avantaj:<\/strong> Sa\u011flam yap\u0131, y\u00fcksek dayan\u0131kl\u0131l\u0131k, uzun \u00f6m\u00fcrl\u00fc kullan\u0131m<\/p>\n<p data-start=\"601\" data-end=\"886\">\n","protected":false},"featured_media":13685,"template":"","meta":[],"product_brand":[],"product_cat":[251,406,407,521,531],"product_tag":[],"class_list":{"0":"post-13683","1":"product","2":"type-product","3":"status-publish","4":"has-post-thumbnail","6":"product_cat-bt","7":"product_cat-catal-mekanizma","8":"product_cat-bt-catal-mekanizmalari","9":"product_cat-toyota","10":"product_cat-mekanizmalar-toyota","12":"first","13":"instock","14":"taxable","15":"shipping-taxable","16":"purchasable","17":"product-type-simple"},"_links":{"self":[{"href":"https:\/\/ceoparts.com\/tr\/wp-json\/wp\/v2\/product\/13683","targetHints":{"allow":["GET"]}}],"collection":[{"href":"https:\/\/ceoparts.com\/tr\/wp-json\/wp\/v2\/product"}],"about":[{"href":"https:\/\/ceoparts.com\/tr\/wp-json\/wp\/v2\/types\/product"}],"wp:featuredmedia":[{"embeddable":true,"href":"https:\/\/ceoparts.com\/tr\/wp-json\/wp\/v2\/media\/13685"}],"wp:attachment":[{"href":"https:\/\/ceoparts.com\/tr\/wp-json\/wp\/v2\/media?parent=13683"}],"wp:term":[{"taxonomy":"product_brand","embeddable":true,"href":"https:\/\/ceoparts.com\/tr\/wp-json\/wp\/v2\/product_brand?post=13683"},{"taxonomy":"product_cat","embeddable":true,"href":"https:\/\/ceoparts.com\/tr\/wp-json\/wp\/v2\/product_cat?post=13683"},{"taxonomy":"product_tag","embeddable":true,"href":"https:\/\/ceoparts.com\/tr\/wp-json\/wp\/v2\/product_tag?post=13683"}],"curies":[{"name":"wp","href":"https:\/\/api.w.org\/{rel}","templated":true}]}}