{"id":13735,"date":"2025-01-28T16:02:24","date_gmt":"2025-01-28T13:02:24","guid":{"rendered":"https:\/\/ceoparts.com\/?post_type=product&#038;p=13735"},"modified":"2026-05-16T08:30:07","modified_gmt":"2026-05-16T05:30:07","slug":"bt-ose-250-denge-mekanizmasi-212030","status":"publish","type":"product","link":"https:\/\/ceoparts.com\/tr\/urun\/bt-ose-250-denge-mekanizmasi-212030\/","title":{"rendered":"BT OSE 250 Denge Mekanizmas\u0131 &#8211; 212030"},"content":{"rendered":"<p>BT OSE 250 Denge Mekanizmas\u0131 &#8211; 212030<\/p>\n<p>BT OL20\/OL25<\/p>\n<p>BT \u0130\u015fletim Sistemi<\/p>\n<p>BT OSE120\/OSE180\/OSE250<\/p>\n<p>&nbsp;<\/p>\n<p>BT 212030<\/p>","protected":false},"excerpt":{"rendered":"<p data-start=\"0\" data-end=\"265\"><br data-start=\"5\" data-end=\"8\" \/>BT OSE forklift modelleri i\u00e7in \u00f6zel olarak \u00fcretilen bu denge mekanizmas\u0131, forkliftin denge sisteminde g\u00fcvenli ve stabil \u00e7al\u0131\u015fma sa\u011flar. Y\u00fck\u00fcn ve ekipman\u0131n dengeli hareketini destekler. Dayan\u0131kl\u0131 \u00e7elik ve ala\u015f\u0131ml\u0131 malzemelerden \u00fcretilmi\u015f olup uzun \u00f6m\u00fcrl\u00fcd\u00fcr.<\/p>\n<p data-start=\"267\" data-end=\"537\"><strong data-start=\"267\" data-end=\"282\">\u00d6zellikler:<\/strong><br data-start=\"282\" data-end=\"285\" \/><strong data-start=\"285\" data-end=\"298\">\u00dcr\u00fcn Ad\u0131:<\/strong> BT OSE 250 Denge Mekanizmas\u0131<br data-start=\"327\" data-end=\"330\" \/><strong data-start=\"330\" data-end=\"345\">Par\u00e7a Kodu:<\/strong> 212030<br data-start=\"352\" data-end=\"355\" \/><strong data-start=\"355\" data-end=\"367\">Malzeme:<\/strong> Y\u00fcksek mukavemetli \u00e7elik ve ala\u015f\u0131ml\u0131 malzeme<br data-start=\"412\" data-end=\"415\" \/><strong data-start=\"415\" data-end=\"434\">Kullan\u0131m Alan\u0131:<\/strong> BT OSE forklift denge sistemleri<br data-start=\"467\" data-end=\"470\" \/><strong data-start=\"470\" data-end=\"482\">Avantaj:<\/strong> Sa\u011flam yap\u0131, y\u00fcksek dayan\u0131kl\u0131l\u0131k, uzun \u00f6m\u00fcrl\u00fc kullan\u0131m<\/p>\n<p data-start=\"539\" data-end=\"815\">\n","protected":false},"featured_media":13847,"template":"","meta":[],"product_brand":[],"product_cat":[251,420,426],"product_tag":[],"class_list":{"0":"post-13735","1":"product","2":"type-product","3":"status-publish","4":"has-post-thumbnail","6":"product_cat-bt","7":"product_cat-denge-mekanizmalar","8":"product_cat-bt-denge-mekanizma","10":"first","11":"instock","12":"taxable","13":"shipping-taxable","14":"purchasable","15":"product-type-simple"},"_links":{"self":[{"href":"https:\/\/ceoparts.com\/tr\/wp-json\/wp\/v2\/product\/13735","targetHints":{"allow":["GET"]}}],"collection":[{"href":"https:\/\/ceoparts.com\/tr\/wp-json\/wp\/v2\/product"}],"about":[{"href":"https:\/\/ceoparts.com\/tr\/wp-json\/wp\/v2\/types\/product"}],"wp:featuredmedia":[{"embeddable":true,"href":"https:\/\/ceoparts.com\/tr\/wp-json\/wp\/v2\/media\/13847"}],"wp:attachment":[{"href":"https:\/\/ceoparts.com\/tr\/wp-json\/wp\/v2\/media?parent=13735"}],"wp:term":[{"taxonomy":"product_brand","embeddable":true,"href":"https:\/\/ceoparts.com\/tr\/wp-json\/wp\/v2\/product_brand?post=13735"},{"taxonomy":"product_cat","embeddable":true,"href":"https:\/\/ceoparts.com\/tr\/wp-json\/wp\/v2\/product_cat?post=13735"},{"taxonomy":"product_tag","embeddable":true,"href":"https:\/\/ceoparts.com\/tr\/wp-json\/wp\/v2\/product_tag?post=13735"}],"curies":[{"name":"wp","href":"https:\/\/api.w.org\/{rel}","templated":true}]}}