{"id":13743,"date":"2025-01-28T16:43:40","date_gmt":"2025-01-28T13:43:40","guid":{"rendered":"https:\/\/ceoparts.com\/?post_type=product&#038;p=13743"},"modified":"2026-05-16T15:00:15","modified_gmt":"2026-05-16T12:00:15","slug":"bt-toyota-lpe-spe-denge-mekanizmasi-tekerleksiz-76111200-7593193","status":"publish","type":"product","link":"https:\/\/ceoparts.com\/tr\/urun\/bt-toyota-lpe-spe-denge-mekanizmasi-tekerleksiz-76111200-7593193\/","title":{"rendered":"BT Toyota LPE\/SPE\/SWE Denge Mekanizmas\u0131 (Tekerleksiz) &#8211; 76111200 , 7593193"},"content":{"rendered":"<p>BT Toyota LPE\/SPE\/SWE Denge Mekanizmas\u0131 (Tekerleksiz) &#8211; 76111200 , 7593193<\/p>\n<p>BT Toyota LPE200 LPE220 LPE250<\/p>\n<p>SPE120L<br \/>\nSPE140L<br \/>\nSPE160L<br \/>\nSPE200D<br \/>\nSPE200L<br \/>\nSWE145L<br \/>\nSWE160L<br \/>\nSWE200L<\/p>","protected":false},"excerpt":{"rendered":"<p data-start=\"137\" data-end=\"446\"><br data-start=\"142\" data-end=\"145\" \/>BT Toyota LPE, SPE ve SWE forklift modelleri i\u00e7in \u00f6zel olarak tasarlanm\u0131\u015f bu denge mekanizmas\u0131, tekerleksiz yap\u0131s\u0131yla forkliftin denge sisteminde g\u00fcvenli ve stabil \u00e7al\u0131\u015fma sa\u011flar. Y\u00fck\u00fcn ve ekipman\u0131n dengeli hareketini destekler. Dayan\u0131kl\u0131 \u00e7elik ve ala\u015f\u0131ml\u0131 malzemelerden \u00fcretilmi\u015f olup uzun \u00f6m\u00fcrl\u00fcd\u00fcr.<\/p>\n<p data-start=\"448\" data-end=\"771\"><strong data-start=\"448\" data-end=\"463\">\u00d6zellikler:<\/strong><br data-start=\"463\" data-end=\"466\" \/><strong data-start=\"466\" data-end=\"479\">\u00dcr\u00fcn Ad\u0131:<\/strong> BT Toyota LPE\/SPE\/SWE Denge Mekanizmas\u0131 (Tekerleksiz)<br data-start=\"533\" data-end=\"536\" \/><strong data-start=\"536\" data-end=\"551\">Par\u00e7a Kodu:<\/strong> 76111200, 7593193<br data-start=\"569\" data-end=\"572\" \/><strong data-start=\"572\" data-end=\"584\">Malzeme:<\/strong> Y\u00fcksek mukavemetli \u00e7elik ve ala\u015f\u0131ml\u0131 malzeme<br data-start=\"629\" data-end=\"632\" \/><strong data-start=\"632\" data-end=\"651\">Kullan\u0131m Alan\u0131:<\/strong> BT Toyota LPE, SPE, SWE forklift denge sistemleri<br data-start=\"701\" data-end=\"704\" \/><strong data-start=\"704\" data-end=\"716\">Avantaj:<\/strong> Sa\u011flam yap\u0131, y\u00fcksek dayan\u0131kl\u0131l\u0131k, uzun \u00f6m\u00fcrl\u00fc kullan\u0131m<\/p>\n<p data-start=\"773\" data-end=\"1081\">\n","protected":false},"featured_media":19991,"template":"","meta":[],"product_brand":[],"product_cat":[251,420,426,521,530],"product_tag":[],"class_list":{"0":"post-13743","1":"product","2":"type-product","3":"status-publish","4":"has-post-thumbnail","6":"product_cat-bt","7":"product_cat-denge-mekanizmalar","8":"product_cat-bt-denge-mekanizma","9":"product_cat-toyota","10":"product_cat-yedek-parca-toyota","12":"first","13":"instock","14":"taxable","15":"shipping-taxable","16":"purchasable","17":"product-type-simple"},"_links":{"self":[{"href":"https:\/\/ceoparts.com\/tr\/wp-json\/wp\/v2\/product\/13743","targetHints":{"allow":["GET"]}}],"collection":[{"href":"https:\/\/ceoparts.com\/tr\/wp-json\/wp\/v2\/product"}],"about":[{"href":"https:\/\/ceoparts.com\/tr\/wp-json\/wp\/v2\/types\/product"}],"wp:featuredmedia":[{"embeddable":true,"href":"https:\/\/ceoparts.com\/tr\/wp-json\/wp\/v2\/media\/19991"}],"wp:attachment":[{"href":"https:\/\/ceoparts.com\/tr\/wp-json\/wp\/v2\/media?parent=13743"}],"wp:term":[{"taxonomy":"product_brand","embeddable":true,"href":"https:\/\/ceoparts.com\/tr\/wp-json\/wp\/v2\/product_brand?post=13743"},{"taxonomy":"product_cat","embeddable":true,"href":"https:\/\/ceoparts.com\/tr\/wp-json\/wp\/v2\/product_cat?post=13743"},{"taxonomy":"product_tag","embeddable":true,"href":"https:\/\/ceoparts.com\/tr\/wp-json\/wp\/v2\/product_tag?post=13743"}],"curies":[{"name":"wp","href":"https:\/\/api.w.org\/{rel}","templated":true}]}}