{"id":13750,"date":"2025-01-29T15:09:47","date_gmt":"2025-01-29T12:09:47","guid":{"rendered":"https:\/\/ceoparts.com\/?post_type=product&#038;p=13750"},"modified":"2026-05-16T21:10:54","modified_gmt":"2026-05-16T18:10:54","slug":"hyster-wicke-denge-mekanizmasi-tekerleksiz-4006485","status":"publish","type":"product","link":"https:\/\/ceoparts.com\/tr\/urun\/hyster-wicke-denge-mekanizmasi-tekerleksiz-4006485\/","title":{"rendered":"Hyster Wicke Denge Mekanizmas\u0131 ( Tekerleksiz) &#8211; 4006485"},"content":{"rendered":"<p>Hyster Wicke Denge Mekanizmas\u0131 ( Tekerleksiz) &#8211; 4006485<\/p>","protected":false},"excerpt":{"rendered":"<p data-start=\"119\" data-end=\"450\"><br data-start=\"124\" data-end=\"127\" \/>Hyster forklift modelleri i\u00e7in \u00f6zel olarak \u00fcretilen bu Wicke denge mekanizmas\u0131, tekerlekli modellerin mekanizma yap\u0131s\u0131na uyumlu, tekerleksiz versiyonudur. Denge sistemi i\u00e7inde y\u00fck\u00fcn ve ekipman\u0131n dengeli hareketini sa\u011flayarak i\u015f g\u00fcvenli\u011fi ve ekipman \u00f6mr\u00fcn\u00fc art\u0131r\u0131r. Dayan\u0131kl\u0131 \u00e7elik ve \u00f6zel ala\u015f\u0131ml\u0131 malzeme ile \u00fcretilmi\u015ftir.<\/p>\n<p data-start=\"452\" data-end=\"761\"><strong data-start=\"452\" data-end=\"467\">\u00d6zellikler:<\/strong><br data-start=\"467\" data-end=\"470\" \/><strong data-start=\"470\" data-end=\"483\">\u00dcr\u00fcn Ad\u0131:<\/strong> Hyster Wicke Denge Mekanizmas\u0131 (Tekerleksiz)<br data-start=\"528\" data-end=\"531\" \/><strong data-start=\"531\" data-end=\"546\">Par\u00e7a Kodu:<\/strong> 4006485<br data-start=\"554\" data-end=\"557\" \/><strong data-start=\"557\" data-end=\"569\">Malzeme:<\/strong> Y\u00fcksek mukavemetli \u00e7elik ve ala\u015f\u0131ml\u0131 malzeme<br data-start=\"614\" data-end=\"617\" \/><strong data-start=\"617\" data-end=\"636\">Kullan\u0131m Alan\u0131:<\/strong> Hyster forklift denge mekanizma sistemleri<br data-start=\"679\" data-end=\"682\" \/><strong data-start=\"682\" data-end=\"694\">Avantaj:<\/strong> Sa\u011flam yap\u0131, y\u00fcksek darbe ve a\u015f\u0131nma dayan\u0131m\u0131, uzun \u00f6m\u00fcrl\u00fc kullan\u0131m<\/p>\n<p data-start=\"763\" data-end=\"1108\">\n","protected":false},"featured_media":13762,"template":"","meta":[],"product_brand":[],"product_cat":[421,532,256,401,420],"product_tag":[],"class_list":{"0":"post-13750","1":"product","2":"type-product","3":"status-publish","4":"has-post-thumbnail","6":"product_cat-hyster-denge-mekanizma","7":"product_cat-mekanizmalar-wicke","8":"product_cat-hyster","9":"product_cat-wicke","10":"product_cat-denge-mekanizmalar","12":"first","13":"instock","14":"taxable","15":"shipping-taxable","16":"purchasable","17":"product-type-simple"},"_links":{"self":[{"href":"https:\/\/ceoparts.com\/tr\/wp-json\/wp\/v2\/product\/13750","targetHints":{"allow":["GET"]}}],"collection":[{"href":"https:\/\/ceoparts.com\/tr\/wp-json\/wp\/v2\/product"}],"about":[{"href":"https:\/\/ceoparts.com\/tr\/wp-json\/wp\/v2\/types\/product"}],"wp:featuredmedia":[{"embeddable":true,"href":"https:\/\/ceoparts.com\/tr\/wp-json\/wp\/v2\/media\/13762"}],"wp:attachment":[{"href":"https:\/\/ceoparts.com\/tr\/wp-json\/wp\/v2\/media?parent=13750"}],"wp:term":[{"taxonomy":"product_brand","embeddable":true,"href":"https:\/\/ceoparts.com\/tr\/wp-json\/wp\/v2\/product_brand?post=13750"},{"taxonomy":"product_cat","embeddable":true,"href":"https:\/\/ceoparts.com\/tr\/wp-json\/wp\/v2\/product_cat?post=13750"},{"taxonomy":"product_tag","embeddable":true,"href":"https:\/\/ceoparts.com\/tr\/wp-json\/wp\/v2\/product_tag?post=13750"}],"curies":[{"name":"wp","href":"https:\/\/api.w.org\/{rel}","templated":true}]}}