{"id":13763,"date":"2025-01-29T15:24:26","date_gmt":"2025-01-29T12:24:26","guid":{"rendered":"https:\/\/ceoparts.com\/?post_type=product&#038;p=13763"},"modified":"2026-05-16T18:58:19","modified_gmt":"2026-05-16T15:58:19","slug":"hyster-denge-mekanizma-tampon-takimi-4024052","status":"publish","type":"product","link":"https:\/\/ceoparts.com\/tr\/urun\/hyster-denge-mekanizma-tampon-takimi-4024052\/","title":{"rendered":"Hyster Denge Mekanizma Tampon Tak\u0131m\u0131 &#8211; 4024052"},"content":{"rendered":"<p>Hyster Denge Mekanizma Tampon Tak\u0131m\u0131 &#8211; 4024052<\/p>","protected":false},"excerpt":{"rendered":"<p data-start=\"110\" data-end=\"437\"><br data-start=\"115\" data-end=\"118\" \/>Hyster forklift modelleri i\u00e7in \u00f6zel olarak \u00fcretilen bu denge mekanizma tampon tak\u0131m\u0131, forkliftin denge sisteminde olu\u015fabilecek darbe ve titre\u015fimleri absorbe ederek ekipman\u0131n g\u00fcvenli ve dengeli \u00e7al\u0131\u015fmas\u0131n\u0131 sa\u011flar. Dayan\u0131kl\u0131 kau\u00e7uk ve metal malzemelerden \u00fcretilen tak\u0131m, uzun \u00f6m\u00fcrl\u00fc ve y\u00fcksek performansl\u0131 kullan\u0131m sunar.<\/p>\n<p data-start=\"439\" data-end=\"732\"><strong data-start=\"439\" data-end=\"454\">\u00d6zellikler:<\/strong><br data-start=\"454\" data-end=\"457\" \/><strong data-start=\"457\" data-end=\"470\">\u00dcr\u00fcn Ad\u0131:<\/strong> Hyster Denge Mekanizma Tampon Tak\u0131m\u0131<br data-start=\"507\" data-end=\"510\" \/><strong data-start=\"510\" data-end=\"525\">Par\u00e7a Kodu:<\/strong> 4024052<br data-start=\"533\" data-end=\"536\" \/><strong data-start=\"536\" data-end=\"548\">Malzeme:<\/strong> Dayan\u0131kl\u0131 kau\u00e7uk ve \u00e7elik<br data-start=\"574\" data-end=\"577\" \/><strong data-start=\"577\" data-end=\"596\">Kullan\u0131m Alan\u0131:<\/strong> Hyster forklift denge mekanizma sistemleri<br data-start=\"639\" data-end=\"642\" \/><strong data-start=\"642\" data-end=\"654\">Avantaj:<\/strong> Darbe emici yap\u0131, titre\u015fim azalt\u0131c\u0131 \u00f6zellik, uzun \u00f6m\u00fcrl\u00fc ve sa\u011flam kullan\u0131m<\/p>\n<p data-start=\"734\" data-end=\"1021\">\n","protected":false},"featured_media":13764,"template":"","meta":[],"product_brand":[],"product_cat":[256,470,520],"product_tag":[],"class_list":{"0":"post-13763","1":"product","2":"type-product","3":"status-publish","4":"has-post-thumbnail","6":"product_cat-hyster","7":"product_cat-diger-yedek-parcalar","8":"product_cat-yedek-parca-hyster","10":"first","11":"instock","12":"taxable","13":"shipping-taxable","14":"purchasable","15":"product-type-simple"},"_links":{"self":[{"href":"https:\/\/ceoparts.com\/tr\/wp-json\/wp\/v2\/product\/13763","targetHints":{"allow":["GET"]}}],"collection":[{"href":"https:\/\/ceoparts.com\/tr\/wp-json\/wp\/v2\/product"}],"about":[{"href":"https:\/\/ceoparts.com\/tr\/wp-json\/wp\/v2\/types\/product"}],"wp:featuredmedia":[{"embeddable":true,"href":"https:\/\/ceoparts.com\/tr\/wp-json\/wp\/v2\/media\/13764"}],"wp:attachment":[{"href":"https:\/\/ceoparts.com\/tr\/wp-json\/wp\/v2\/media?parent=13763"}],"wp:term":[{"taxonomy":"product_brand","embeddable":true,"href":"https:\/\/ceoparts.com\/tr\/wp-json\/wp\/v2\/product_brand?post=13763"},{"taxonomy":"product_cat","embeddable":true,"href":"https:\/\/ceoparts.com\/tr\/wp-json\/wp\/v2\/product_cat?post=13763"},{"taxonomy":"product_tag","embeddable":true,"href":"https:\/\/ceoparts.com\/tr\/wp-json\/wp\/v2\/product_tag?post=13763"}],"curies":[{"name":"wp","href":"https:\/\/api.w.org\/{rel}","templated":true}]}}