{"id":13766,"date":"2025-01-29T15:29:27","date_gmt":"2025-01-29T12:29:27","guid":{"rendered":"https:\/\/ceoparts.com\/?post_type=product&#038;p=13766"},"modified":"2026-05-17T00:19:12","modified_gmt":"2026-05-16T21:19:12","slug":"hyster-mekanizma-100x40-denge-teker-pimi-4010123","status":"publish","type":"product","link":"https:\/\/ceoparts.com\/tr\/urun\/hyster-mekanizma-100x40-denge-teker-pimi-4010123\/","title":{"rendered":"Hyster Mekanizma 100&#215;40 Denge Teker Pimi &#8211; 4010123"},"content":{"rendered":"<p>Hyster Mekanizma 100&#215;40 Denge Teker Pimi &#8211; 4010123<\/p>","protected":false},"excerpt":{"rendered":"<p data-start=\"171\" data-end=\"467\"><br data-start=\"176\" data-end=\"179\" \/>Hyster forklift ve i\u015f makineleri i\u00e7in \u00f6zel olarak \u00fcretilen bu 100\u00d740 \u00f6l\u00e7\u00fclerindeki denge teker pimi, tekerleklerin mekanizma ba\u011flant\u0131s\u0131n\u0131 sa\u011flamla\u015ft\u0131rarak g\u00fcvenli ve sorunsuz \u00e7al\u0131\u015fma sa\u011flar. Y\u00fcksek mukavemetli \u00e7elikten \u00fcretilmi\u015f olup, darbelere ve a\u015f\u0131nmaya kar\u015f\u0131 \u00fcst\u00fcn dayan\u0131kl\u0131l\u0131k sunar.<\/p>\n<p data-start=\"469\" data-end=\"760\"><strong data-start=\"469\" data-end=\"484\">\u00d6zellikler:<\/strong><br data-start=\"484\" data-end=\"487\" \/><strong data-start=\"487\" data-end=\"500\">\u00dcr\u00fcn Ad\u0131:<\/strong> Hyster Mekanizma 100\u00d740 Denge Teker Pimi<br data-start=\"541\" data-end=\"544\" \/><strong data-start=\"544\" data-end=\"559\">Par\u00e7a Kodu:<\/strong> 4010123<br data-start=\"567\" data-end=\"570\" \/><strong data-start=\"570\" data-end=\"582\">Malzeme:<\/strong> Y\u00fcksek mukavemetli \u00e7elik<br data-start=\"607\" data-end=\"610\" \/><strong data-start=\"610\" data-end=\"629\">Kullan\u0131m Alan\u0131:<\/strong> Hyster forklift denge teker mekanizma sistemleri<br data-start=\"678\" data-end=\"681\" \/><strong data-start=\"681\" data-end=\"693\">Avantaj:<\/strong> Sa\u011flam yap\u0131, y\u00fcksek darbe ve a\u015f\u0131nma dayan\u0131m\u0131, uzun \u00f6m\u00fcrl\u00fc kullan\u0131m<\/p>\n<p data-start=\"762\" data-end=\"1038\">\n","protected":false},"featured_media":13768,"template":"","meta":[],"product_brand":[],"product_cat":[256,464,467,520],"product_tag":[],"class_list":{"0":"post-13766","1":"product","2":"type-product","3":"status-publish","4":"has-post-thumbnail","6":"product_cat-hyster","7":"product_cat-burc-ve-mill-grubu","8":"product_cat-mil-grubu","9":"product_cat-yedek-parca-hyster","11":"first","12":"instock","13":"taxable","14":"shipping-taxable","15":"purchasable","16":"product-type-simple"},"_links":{"self":[{"href":"https:\/\/ceoparts.com\/tr\/wp-json\/wp\/v2\/product\/13766","targetHints":{"allow":["GET"]}}],"collection":[{"href":"https:\/\/ceoparts.com\/tr\/wp-json\/wp\/v2\/product"}],"about":[{"href":"https:\/\/ceoparts.com\/tr\/wp-json\/wp\/v2\/types\/product"}],"wp:featuredmedia":[{"embeddable":true,"href":"https:\/\/ceoparts.com\/tr\/wp-json\/wp\/v2\/media\/13768"}],"wp:attachment":[{"href":"https:\/\/ceoparts.com\/tr\/wp-json\/wp\/v2\/media?parent=13766"}],"wp:term":[{"taxonomy":"product_brand","embeddable":true,"href":"https:\/\/ceoparts.com\/tr\/wp-json\/wp\/v2\/product_brand?post=13766"},{"taxonomy":"product_cat","embeddable":true,"href":"https:\/\/ceoparts.com\/tr\/wp-json\/wp\/v2\/product_cat?post=13766"},{"taxonomy":"product_tag","embeddable":true,"href":"https:\/\/ceoparts.com\/tr\/wp-json\/wp\/v2\/product_tag?post=13766"}],"curies":[{"name":"wp","href":"https:\/\/api.w.org\/{rel}","templated":true}]}}