{"id":13770,"date":"2025-01-29T15:35:17","date_gmt":"2025-01-29T12:35:17","guid":{"rendered":"https:\/\/ceoparts.com\/?post_type=product&#038;p=13770"},"modified":"2026-05-16T17:05:15","modified_gmt":"2026-05-16T14:05:15","slug":"hyster-mekanizma-aks-mili-4010124","status":"publish","type":"product","link":"https:\/\/ceoparts.com\/tr\/urun\/hyster-mekanizma-aks-mili-4010124\/","title":{"rendered":"Hyster Mekanizma Aks Mili &#8211; 4010124"},"content":{"rendered":"<p>Hyster Mekanizma Aks Mili &#8211; 4010124<\/p>","protected":false},"excerpt":{"rendered":"<p data-start=\"141\" data-end=\"410\"><br data-start=\"146\" data-end=\"149\" \/>Hyster forklift ve i\u015f makineleri i\u00e7in \u00f6zel olarak \u00fcretilen bu mekanizma aks mili, hareketli par\u00e7alar\u0131n birbirine sa\u011flam ve g\u00fcvenli \u015fekilde ba\u011flanmas\u0131n\u0131 sa\u011flar. Y\u00fcksek mukavemetli \u00e7elik malzemeden \u00fcretilerek uzun \u00f6m\u00fcrl\u00fc, darbe ve a\u015f\u0131nma dayan\u0131ml\u0131 kullan\u0131m sunar.<\/p>\n<p data-start=\"412\" data-end=\"688\"><strong data-start=\"412\" data-end=\"427\">\u00d6zellikler:<\/strong><br data-start=\"427\" data-end=\"430\" \/><strong data-start=\"430\" data-end=\"443\">\u00dcr\u00fcn Ad\u0131:<\/strong> Hyster Mekanizma Aks Mili<br data-start=\"469\" data-end=\"472\" \/><strong data-start=\"472\" data-end=\"487\">Par\u00e7a Kodu:<\/strong> 4010124<br data-start=\"495\" data-end=\"498\" \/><strong data-start=\"498\" data-end=\"510\">Malzeme:<\/strong> Y\u00fcksek mukavemetli \u00e7elik<br data-start=\"535\" data-end=\"538\" \/><strong data-start=\"538\" data-end=\"557\">Kullan\u0131m Alan\u0131:<\/strong> Hyster forklift mekanizma ve ba\u011flant\u0131 sistemleri<br data-start=\"606\" data-end=\"609\" \/><strong data-start=\"609\" data-end=\"621\">Avantaj:<\/strong> Sa\u011flam yap\u0131, y\u00fcksek darbe ve a\u015f\u0131nma dayan\u0131m\u0131, uzun \u00f6m\u00fcrl\u00fc kullan\u0131m<\/p>\n<p data-start=\"690\" data-end=\"916\">\n","protected":false},"featured_media":13771,"template":"","meta":[],"product_brand":[],"product_cat":[256,470,520],"product_tag":[],"class_list":{"0":"post-13770","1":"product","2":"type-product","3":"status-publish","4":"has-post-thumbnail","6":"product_cat-hyster","7":"product_cat-diger-yedek-parcalar","8":"product_cat-yedek-parca-hyster","10":"first","11":"instock","12":"taxable","13":"shipping-taxable","14":"purchasable","15":"product-type-simple"},"_links":{"self":[{"href":"https:\/\/ceoparts.com\/tr\/wp-json\/wp\/v2\/product\/13770","targetHints":{"allow":["GET"]}}],"collection":[{"href":"https:\/\/ceoparts.com\/tr\/wp-json\/wp\/v2\/product"}],"about":[{"href":"https:\/\/ceoparts.com\/tr\/wp-json\/wp\/v2\/types\/product"}],"wp:featuredmedia":[{"embeddable":true,"href":"https:\/\/ceoparts.com\/tr\/wp-json\/wp\/v2\/media\/13771"}],"wp:attachment":[{"href":"https:\/\/ceoparts.com\/tr\/wp-json\/wp\/v2\/media?parent=13770"}],"wp:term":[{"taxonomy":"product_brand","embeddable":true,"href":"https:\/\/ceoparts.com\/tr\/wp-json\/wp\/v2\/product_brand?post=13770"},{"taxonomy":"product_cat","embeddable":true,"href":"https:\/\/ceoparts.com\/tr\/wp-json\/wp\/v2\/product_cat?post=13770"},{"taxonomy":"product_tag","embeddable":true,"href":"https:\/\/ceoparts.com\/tr\/wp-json\/wp\/v2\/product_tag?post=13770"}],"curies":[{"name":"wp","href":"https:\/\/api.w.org\/{rel}","templated":true}]}}