{"id":13772,"date":"2025-01-29T15:46:37","date_gmt":"2025-01-29T12:46:37","guid":{"rendered":"https:\/\/ceoparts.com\/?post_type=product&#038;p=13772"},"modified":"2026-05-16T17:17:20","modified_gmt":"2026-05-16T14:17:20","slug":"sapkali-vida-4010126","status":"publish","type":"product","link":"https:\/\/ceoparts.com\/tr\/urun\/sapkali-vida-4010126\/","title":{"rendered":"\u015eapkal\u0131 Vida &#8211; 4010126"},"content":{"rendered":"<p>\u015eapkal\u0131 Vida &#8211; 4010126<\/p>","protected":false},"excerpt":{"rendered":"<p data-start=\"113\" data-end=\"351\"><br data-start=\"118\" data-end=\"121\" \/>Forklift ve i\u015f makineleri i\u00e7in kullan\u0131lan bu \u015fapkal\u0131 vida, y\u00fcksek mukavemetli yap\u0131s\u0131 ve sa\u011flam di\u015f yap\u0131s\u0131 ile ba\u011flant\u0131 noktalar\u0131nda g\u00fcvenli sabitleme sa\u011flar. Paslanmaz ve dayan\u0131kl\u0131 malzemeden \u00fcretilerek uzun \u00f6m\u00fcrl\u00fc kullan\u0131m sunar.<\/p>\n<p data-start=\"353\" data-end=\"603\"><strong data-start=\"353\" data-end=\"368\">\u00d6zellikler:<\/strong><br data-start=\"368\" data-end=\"371\" \/><strong data-start=\"371\" data-end=\"384\">\u00dcr\u00fcn Ad\u0131:<\/strong> \u015eapkal\u0131 Vida<br data-start=\"397\" data-end=\"400\" \/><strong data-start=\"400\" data-end=\"415\">Par\u00e7a Kodu:<\/strong> 4010126<br data-start=\"423\" data-end=\"426\" \/><strong data-start=\"426\" data-end=\"438\">Malzeme:<\/strong> Paslanmaz \u00e7elik<br data-start=\"454\" data-end=\"457\" \/><strong data-start=\"457\" data-end=\"476\">Kullan\u0131m Alan\u0131:<\/strong> Forklift ve i\u015f makinesi ba\u011flant\u0131 sistemleri<br data-start=\"520\" data-end=\"523\" \/><strong data-start=\"523\" data-end=\"535\">Avantaj:<\/strong> Y\u00fcksek dayan\u0131kl\u0131l\u0131k, sa\u011flam ba\u011flant\u0131, uzun \u00f6m\u00fcrl\u00fc ve paslanmaz yap\u0131<\/p>\n<p data-start=\"605\" data-end=\"837\">\n","protected":false},"featured_media":13773,"template":"","meta":[],"product_brand":[],"product_cat":[470],"product_tag":[],"class_list":{"0":"post-13772","1":"product","2":"type-product","3":"status-publish","4":"has-post-thumbnail","6":"product_cat-diger-yedek-parcalar","8":"first","9":"instock","10":"taxable","11":"shipping-taxable","12":"purchasable","13":"product-type-simple"},"_links":{"self":[{"href":"https:\/\/ceoparts.com\/tr\/wp-json\/wp\/v2\/product\/13772","targetHints":{"allow":["GET"]}}],"collection":[{"href":"https:\/\/ceoparts.com\/tr\/wp-json\/wp\/v2\/product"}],"about":[{"href":"https:\/\/ceoparts.com\/tr\/wp-json\/wp\/v2\/types\/product"}],"wp:featuredmedia":[{"embeddable":true,"href":"https:\/\/ceoparts.com\/tr\/wp-json\/wp\/v2\/media\/13773"}],"wp:attachment":[{"href":"https:\/\/ceoparts.com\/tr\/wp-json\/wp\/v2\/media?parent=13772"}],"wp:term":[{"taxonomy":"product_brand","embeddable":true,"href":"https:\/\/ceoparts.com\/tr\/wp-json\/wp\/v2\/product_brand?post=13772"},{"taxonomy":"product_cat","embeddable":true,"href":"https:\/\/ceoparts.com\/tr\/wp-json\/wp\/v2\/product_cat?post=13772"},{"taxonomy":"product_tag","embeddable":true,"href":"https:\/\/ceoparts.com\/tr\/wp-json\/wp\/v2\/product_tag?post=13772"}],"curies":[{"name":"wp","href":"https:\/\/api.w.org\/{rel}","templated":true}]}}