{"id":13775,"date":"2025-01-29T15:50:56","date_gmt":"2025-01-29T12:50:56","guid":{"rendered":"https:\/\/ceoparts.com\/?post_type=product&#038;p=13775"},"modified":"2026-05-16T16:19:01","modified_gmt":"2026-05-16T13:19:01","slug":"hyster-100x40-mekanizma-baglanti-pimi-4010119","status":"publish","type":"product","link":"https:\/\/ceoparts.com\/tr\/urun\/hyster-100x40-mekanizma-baglanti-pimi-4010119\/","title":{"rendered":"Hyster 100&#215;40 Mekanizma Ba\u011flant\u0131 Pimi -4010119"},"content":{"rendered":"<p>Hyster 100&#215;40 Mekanizma Ba\u011flant\u0131 Pimi -4010119<\/p>","protected":false},"excerpt":{"rendered":"<p data-start=\"163\" data-end=\"423\"><br data-start=\"168\" data-end=\"171\" \/>Hyster forklift modelleri i\u00e7in \u00f6zel olarak \u00fcretilen bu 100\u00d740 \u00f6l\u00e7\u00fclerindeki mekanizma ba\u011flant\u0131 pimi, hareketli par\u00e7alar\u0131n g\u00fcvenli ve sa\u011flam \u015fekilde sabitlenmesini sa\u011flar. Y\u00fcksek mukavemetli malzemeden \u00fcretilerek uzun \u00f6m\u00fcrl\u00fc ve dayan\u0131kl\u0131 kullan\u0131m sunar.<\/p>\n<p data-start=\"425\" data-end=\"690\"><strong data-start=\"425\" data-end=\"440\">\u00d6zellikler:<\/strong><br data-start=\"440\" data-end=\"443\" \/><strong data-start=\"443\" data-end=\"456\">\u00dcr\u00fcn Ad\u0131:<\/strong> Hyster 100\u00d740 Mekanizma Ba\u011flant\u0131 Pimi<br data-start=\"494\" data-end=\"497\" \/><strong data-start=\"497\" data-end=\"512\">Par\u00e7a Kodu:<\/strong> 4010119<br data-start=\"520\" data-end=\"523\" \/><strong data-start=\"523\" data-end=\"535\">Malzeme:<\/strong> Y\u00fcksek dayan\u0131ml\u0131 \u00e7elik<br data-start=\"558\" data-end=\"561\" \/><strong data-start=\"561\" data-end=\"580\">Kullan\u0131m Alan\u0131:<\/strong> Hyster forklift mekanizma ba\u011flant\u0131 sistemleri<br data-start=\"626\" data-end=\"629\" \/><strong data-start=\"629\" data-end=\"641\">Avantaj:<\/strong> Sa\u011flam yap\u0131, uzun \u00f6m\u00fcr, a\u015f\u0131nma ve darbe dayan\u0131m\u0131<\/p>\n<p data-start=\"692\" data-end=\"887\">\n","protected":false},"featured_media":13776,"template":"","meta":[],"product_brand":[],"product_cat":[256,470,520],"product_tag":[],"class_list":{"0":"post-13775","1":"product","2":"type-product","3":"status-publish","4":"has-post-thumbnail","6":"product_cat-hyster","7":"product_cat-diger-yedek-parcalar","8":"product_cat-yedek-parca-hyster","10":"first","11":"instock","12":"taxable","13":"shipping-taxable","14":"purchasable","15":"product-type-simple"},"_links":{"self":[{"href":"https:\/\/ceoparts.com\/tr\/wp-json\/wp\/v2\/product\/13775","targetHints":{"allow":["GET"]}}],"collection":[{"href":"https:\/\/ceoparts.com\/tr\/wp-json\/wp\/v2\/product"}],"about":[{"href":"https:\/\/ceoparts.com\/tr\/wp-json\/wp\/v2\/types\/product"}],"wp:featuredmedia":[{"embeddable":true,"href":"https:\/\/ceoparts.com\/tr\/wp-json\/wp\/v2\/media\/13776"}],"wp:attachment":[{"href":"https:\/\/ceoparts.com\/tr\/wp-json\/wp\/v2\/media?parent=13775"}],"wp:term":[{"taxonomy":"product_brand","embeddable":true,"href":"https:\/\/ceoparts.com\/tr\/wp-json\/wp\/v2\/product_brand?post=13775"},{"taxonomy":"product_cat","embeddable":true,"href":"https:\/\/ceoparts.com\/tr\/wp-json\/wp\/v2\/product_cat?post=13775"},{"taxonomy":"product_tag","embeddable":true,"href":"https:\/\/ceoparts.com\/tr\/wp-json\/wp\/v2\/product_tag?post=13775"}],"curies":[{"name":"wp","href":"https:\/\/api.w.org\/{rel}","templated":true}]}}