{"id":13831,"date":"2025-01-31T10:18:40","date_gmt":"2025-01-31T07:18:40","guid":{"rendered":"https:\/\/ceoparts.com\/?post_type=product&#038;p=13831"},"modified":"2026-05-16T10:51:01","modified_gmt":"2026-05-16T07:51:01","slug":"linde-still-exvsf-denge-mekanizmasi-tekerleksiz-3794505500","status":"publish","type":"product","link":"https:\/\/ceoparts.com\/tr\/urun\/linde-still-exvsf-denge-mekanizmasi-tekerleksiz-3794505500\/","title":{"rendered":"Linde\/Still EXVSF Denge Mekanizmas\u0131 (Tekerleksiz) &#8211; 3794505500"},"content":{"rendered":"<p>Linde\/Still EXVSF Denge Mekanizmas\u0131 (Tekerleksiz) &#8211; 3794505500<\/p>\n<p>Linde 3794505500<\/p>\n<p>&nbsp;<\/p>\n<table border=\"0\" width=\"128\" cellspacing=\"0\" cellpadding=\"0\">\n<colgroup>\n<col span=\"2\" width=\"64\" \/><\/colgroup>\n<tbody>\n<tr>\n<td class=\"xl63\" width=\"64\" height=\"20\"><span style=\"font-family: tim;\">Family<\/span><\/td>\n<td class=\"xl63\" width=\"64\"><span style=\"font-family: tim;\">Model<\/span><\/td>\n<\/tr>\n<tr>\n<td class=\"xl63\" height=\"20\"><span style=\"font-family: tim;\">1173<\/span><\/td>\n<td class=\"xl63\"><span style=\"font-family: tim;\">L14\/L16\/L20<\/span><\/td>\n<\/tr>\n<tr>\n<td class=\"xl63\" height=\"20\"><span style=\"font-family: tim;\">372<\/span><\/td>\n<td class=\"xl63\"><span style=\"font-family: tim;\">L14\/16<\/span><\/td>\n<\/tr>\n<tr>\n<td class=\"xl63\" height=\"20\"><span style=\"font-family: tim;\">372<\/span><\/td>\n<td class=\"xl63\"><span style=\"font-family: tim;\">L14\/16\/L14AP\/16AP<\/span><\/td>\n<\/tr>\n<tr>\n<td class=\"xl63\" height=\"20\"><span style=\"font-family: tim;\">379<\/span><\/td>\n<td class=\"xl63\"><span style=\"font-family: tim;\">L10\/12-L10\/12AS<\/span><\/td>\n<\/tr>\n<\/tbody>\n<\/table>","protected":false},"excerpt":{"rendered":"<p data-start=\"194\" data-end=\"446\"><br data-start=\"199\" data-end=\"202\" \/>Linde ve Still forklift modelleri i\u00e7in \u00f6zel olarak tasarlanan EXVSF denge mekanizmas\u0131, tekerleksiz yap\u0131s\u0131yla forkliftin denge ve stabilitesini sa\u011flayan \u00f6nemli bir par\u00e7a i\u015flevi g\u00f6r\u00fcr. Dayan\u0131kl\u0131 malzemesiyle uzun \u00f6m\u00fcrl\u00fc ve g\u00fcvenli kullan\u0131m sunar.<\/p>\n<p data-start=\"448\" data-end=\"738\"><strong data-start=\"448\" data-end=\"463\">\u00d6zellikler:<\/strong><br data-start=\"463\" data-end=\"466\" \/><strong data-start=\"466\" data-end=\"479\">\u00dcr\u00fcn Ad\u0131:<\/strong> Linde\/Still EXVSF Denge Mekanizmas\u0131 (Tekerleksiz)<br data-start=\"529\" data-end=\"532\" \/><strong data-start=\"532\" data-end=\"547\">Par\u00e7a Kodu:<\/strong> 3794505500<br data-start=\"558\" data-end=\"561\" \/><strong data-start=\"561\" data-end=\"573\">Malzeme:<\/strong> Y\u00fcksek mukavemetli metal ala\u015f\u0131m<br data-start=\"605\" data-end=\"608\" \/><strong data-start=\"608\" data-end=\"627\">Kullan\u0131m Alan\u0131:<\/strong> Linde ve Still forklift denge ve destek sistemi<br data-start=\"675\" data-end=\"678\" \/><strong data-start=\"678\" data-end=\"690\">Avantaj:<\/strong> Sa\u011flam yap\u0131, uzun \u00f6m\u00fcrl\u00fc kullan\u0131m, kolay montaj<\/p>\n<p data-start=\"740\" data-end=\"972\">\n","protected":false},"featured_media":13834,"template":"","meta":[],"product_brand":[],"product_cat":[423,425,523,524,241,246,420],"product_tag":[],"class_list":{"0":"post-13831","1":"product","2":"type-product","3":"status-publish","4":"has-post-thumbnail","6":"product_cat-still-denge-mekanizma","7":"product_cat-linde-denge-mekanizma","8":"product_cat-yedek-parca-linde","9":"product_cat-yedek-parca-still","10":"product_cat-still","11":"product_cat-linde","12":"product_cat-denge-mekanizmalar","14":"first","15":"instock","16":"taxable","17":"shipping-taxable","18":"purchasable","19":"product-type-simple"},"_links":{"self":[{"href":"https:\/\/ceoparts.com\/tr\/wp-json\/wp\/v2\/product\/13831","targetHints":{"allow":["GET"]}}],"collection":[{"href":"https:\/\/ceoparts.com\/tr\/wp-json\/wp\/v2\/product"}],"about":[{"href":"https:\/\/ceoparts.com\/tr\/wp-json\/wp\/v2\/types\/product"}],"wp:featuredmedia":[{"embeddable":true,"href":"https:\/\/ceoparts.com\/tr\/wp-json\/wp\/v2\/media\/13834"}],"wp:attachment":[{"href":"https:\/\/ceoparts.com\/tr\/wp-json\/wp\/v2\/media?parent=13831"}],"wp:term":[{"taxonomy":"product_brand","embeddable":true,"href":"https:\/\/ceoparts.com\/tr\/wp-json\/wp\/v2\/product_brand?post=13831"},{"taxonomy":"product_cat","embeddable":true,"href":"https:\/\/ceoparts.com\/tr\/wp-json\/wp\/v2\/product_cat?post=13831"},{"taxonomy":"product_tag","embeddable":true,"href":"https:\/\/ceoparts.com\/tr\/wp-json\/wp\/v2\/product_tag?post=13831"}],"curies":[{"name":"wp","href":"https:\/\/api.w.org\/{rel}","templated":true}]}}