{"id":13858,"date":"2025-02-03T13:28:10","date_gmt":"2025-02-03T10:28:10","guid":{"rendered":"https:\/\/ceoparts.com\/?post_type=product&#038;p=13858"},"modified":"2026-05-16T18:12:53","modified_gmt":"2026-05-16T15:12:53","slug":"hyster-h-ayak-2770656","status":"publish","type":"product","link":"https:\/\/ceoparts.com\/tr\/urun\/hyster-h-ayak-2770656\/","title":{"rendered":"Hyster H Ayak (Tekerleksiz) &#8211; 2770656"},"content":{"rendered":"<p>Hyster H Ayak (Tekerleksiz) &#8211; 2770656<\/p>","protected":false},"excerpt":{"rendered":"<p data-start=\"117\" data-end=\"336\"><br data-start=\"122\" data-end=\"125\" \/>Hyster forklift modelleri i\u00e7in \u00f6zel olarak tasarlanan H ayak, sa\u011flam yap\u0131s\u0131 ve uzun \u00f6m\u00fcrl\u00fc malzemesiyle g\u00fcvenli kullan\u0131m sunar. Y\u00fcksek darbe dayan\u0131m\u0131 ve kolay montaj \u00f6zelli\u011fiyle forkliftin stabilitesini art\u0131r\u0131r.<\/p>\n<p data-start=\"338\" data-end=\"585\"><strong data-start=\"338\" data-end=\"353\">\u00d6zellikler:<\/strong><br data-start=\"353\" data-end=\"356\" \/><strong data-start=\"356\" data-end=\"369\">\u00dcr\u00fcn Ad\u0131:<\/strong> Hyster H Ayak<br data-start=\"383\" data-end=\"386\" \/><strong data-start=\"386\" data-end=\"401\">Par\u00e7a Kodu:<\/strong> 2770656<br data-start=\"409\" data-end=\"412\" \/><strong data-start=\"412\" data-end=\"424\">Malzeme:<\/strong> Y\u00fcksek mukavemetli metal ala\u015f\u0131m<br data-start=\"456\" data-end=\"459\" \/><strong data-start=\"459\" data-end=\"478\">Kullan\u0131m Alan\u0131:<\/strong> Hyster forklift denge ve destek sistemi<br data-start=\"518\" data-end=\"521\" \/><strong data-start=\"521\" data-end=\"533\">Avantaj:<\/strong> Dayan\u0131kl\u0131 yap\u0131, y\u00fcksek darbe dayan\u0131m\u0131, kolay montaj<\/p>\n<p data-start=\"587\" data-end=\"803\">\n","protected":false},"featured_media":13861,"template":"","meta":[],"product_brand":[],"product_cat":[256,406],"product_tag":[],"class_list":{"0":"post-13858","1":"product","2":"type-product","3":"status-publish","4":"has-post-thumbnail","6":"product_cat-hyster","7":"product_cat-catal-mekanizma","9":"first","10":"instock","11":"taxable","12":"shipping-taxable","13":"purchasable","14":"product-type-simple"},"_links":{"self":[{"href":"https:\/\/ceoparts.com\/tr\/wp-json\/wp\/v2\/product\/13858","targetHints":{"allow":["GET"]}}],"collection":[{"href":"https:\/\/ceoparts.com\/tr\/wp-json\/wp\/v2\/product"}],"about":[{"href":"https:\/\/ceoparts.com\/tr\/wp-json\/wp\/v2\/types\/product"}],"wp:featuredmedia":[{"embeddable":true,"href":"https:\/\/ceoparts.com\/tr\/wp-json\/wp\/v2\/media\/13861"}],"wp:attachment":[{"href":"https:\/\/ceoparts.com\/tr\/wp-json\/wp\/v2\/media?parent=13858"}],"wp:term":[{"taxonomy":"product_brand","embeddable":true,"href":"https:\/\/ceoparts.com\/tr\/wp-json\/wp\/v2\/product_brand?post=13858"},{"taxonomy":"product_cat","embeddable":true,"href":"https:\/\/ceoparts.com\/tr\/wp-json\/wp\/v2\/product_cat?post=13858"},{"taxonomy":"product_tag","embeddable":true,"href":"https:\/\/ceoparts.com\/tr\/wp-json\/wp\/v2\/product_tag?post=13858"}],"curies":[{"name":"wp","href":"https:\/\/api.w.org\/{rel}","templated":true}]}}