{"id":13863,"date":"2025-02-03T14:10:15","date_gmt":"2025-02-03T11:10:15","guid":{"rendered":"https:\/\/ceoparts.com\/?post_type=product&#038;p=13863"},"modified":"2026-05-16T10:50:58","modified_gmt":"2026-05-16T07:50:58","slug":"frotek-forklift-aku-baglanti-kablosu-25x75","status":"publish","type":"product","link":"https:\/\/ceoparts.com\/tr\/urun\/frotek-forklift-aku-baglanti-kablosu-25x75\/","title":{"rendered":"Fr\u00f6tek Ak\u00fc H\u00fccre Ba\u011flant\u0131 Kablosu 25\u00d775"},"content":{"rendered":"<p>Fr\u00f6tek Ak\u00fc H\u00fccre Ba\u011flant\u0131 Kablosu 25\u00d775<\/p>","protected":false},"excerpt":{"rendered":"<p data-start=\"146\" data-end=\"380\"><br data-start=\"151\" data-end=\"154\" \/>Fr\u00f6tek marka ak\u00fc h\u00fccre ba\u011flant\u0131 kablosu 25\u00d775 \u00f6l\u00e7\u00fclerinde olup, y\u00fcksek kaliteli bak\u0131r iletken ve dayan\u0131kl\u0131 izolasyon malzemesi kullan\u0131larak \u00fcretilmi\u015ftir. Ak\u00fc h\u00fccreleri aras\u0131nda g\u00fcvenli ve kesintisiz elektrik ba\u011flant\u0131s\u0131 sa\u011flar.<\/p>\n<p data-start=\"382\" data-end=\"669\"><strong data-start=\"382\" data-end=\"397\">\u00d6zellikler:<\/strong><br data-start=\"397\" data-end=\"400\" \/><strong data-start=\"400\" data-end=\"413\">\u00dcr\u00fcn Ad\u0131:<\/strong> Fr\u00f6tek Ak\u00fc H\u00fccre Ba\u011flant\u0131 Kablosu 25\u00d775<br data-start=\"453\" data-end=\"456\" \/><strong data-start=\"456\" data-end=\"471\">Par\u00e7a Kodu:<\/strong> &#8211;<br data-start=\"473\" data-end=\"476\" \/><strong data-start=\"476\" data-end=\"488\">Malzeme:<\/strong> Y\u00fcksek kaliteli bak\u0131r iletken, dayan\u0131kl\u0131 izolasyon<br data-start=\"539\" data-end=\"542\" \/><strong data-start=\"542\" data-end=\"561\">Kullan\u0131m Alan\u0131:<\/strong> Ak\u00fc h\u00fccreleri ba\u011flant\u0131lar\u0131 i\u00e7in<br data-start=\"593\" data-end=\"596\" \/><strong data-start=\"596\" data-end=\"608\">Avantaj:<\/strong> G\u00fc\u00e7l\u00fc iletkenlik, uzun \u00f6m\u00fcrl\u00fc dayan\u0131kl\u0131l\u0131k, g\u00fcvenli ba\u011flant\u0131<\/p>\n<p data-start=\"671\" data-end=\"895\">\n","protected":false},"featured_media":13865,"template":"","meta":[],"product_brand":[],"product_cat":[442,446],"product_tag":[],"class_list":{"0":"post-13863","1":"product","2":"type-product","3":"status-publish","4":"has-post-thumbnail","6":"product_cat-aku-yedek-parcalari","7":"product_cat-aku-bar","9":"first","10":"instock","11":"taxable","12":"shipping-taxable","13":"purchasable","14":"product-type-simple"},"_links":{"self":[{"href":"https:\/\/ceoparts.com\/tr\/wp-json\/wp\/v2\/product\/13863","targetHints":{"allow":["GET"]}}],"collection":[{"href":"https:\/\/ceoparts.com\/tr\/wp-json\/wp\/v2\/product"}],"about":[{"href":"https:\/\/ceoparts.com\/tr\/wp-json\/wp\/v2\/types\/product"}],"wp:featuredmedia":[{"embeddable":true,"href":"https:\/\/ceoparts.com\/tr\/wp-json\/wp\/v2\/media\/13865"}],"wp:attachment":[{"href":"https:\/\/ceoparts.com\/tr\/wp-json\/wp\/v2\/media?parent=13863"}],"wp:term":[{"taxonomy":"product_brand","embeddable":true,"href":"https:\/\/ceoparts.com\/tr\/wp-json\/wp\/v2\/product_brand?post=13863"},{"taxonomy":"product_cat","embeddable":true,"href":"https:\/\/ceoparts.com\/tr\/wp-json\/wp\/v2\/product_cat?post=13863"},{"taxonomy":"product_tag","embeddable":true,"href":"https:\/\/ceoparts.com\/tr\/wp-json\/wp\/v2\/product_tag?post=13863"}],"curies":[{"name":"wp","href":"https:\/\/api.w.org\/{rel}","templated":true}]}}