{"id":13868,"date":"2025-02-03T15:02:34","date_gmt":"2025-02-03T12:02:34","guid":{"rendered":"https:\/\/ceoparts.com\/?post_type=product&#038;p=13868"},"modified":"2026-05-16T17:33:09","modified_gmt":"2026-05-16T14:33:09","slug":"50a-forklift-sigortasi","status":"publish","type":"product","link":"https:\/\/ceoparts.com\/tr\/urun\/50a-forklift-sigortasi\/","title":{"rendered":"50 A ANL Sigorta"},"content":{"rendered":"<p>50 A ANL Sigorta<\/p>","protected":false},"excerpt":{"rendered":"<p data-start=\"97\" data-end=\"292\"><br data-start=\"102\" data-end=\"105\" \/>50 ANL sigorta, d\u00fc\u015f\u00fck ve orta ak\u0131m korumas\u0131 sa\u011flayarak elektrik sistemlerini a\u015f\u0131r\u0131 y\u00fck ve k\u0131sa devrelerden korur. Dayan\u0131kl\u0131 yap\u0131s\u0131 ve g\u00fcvenilir performans\u0131 ile uzun \u00f6m\u00fcrl\u00fc kullan\u0131m sunar.<\/p>\n<p data-start=\"294\" data-end=\"552\"><strong data-start=\"294\" data-end=\"309\">\u00d6zellikler:<\/strong><br data-start=\"309\" data-end=\"312\" \/><strong data-start=\"312\" data-end=\"325\">\u00dcr\u00fcn Ad\u0131:<\/strong> 50 ANL Sigorta<br data-start=\"340\" data-end=\"343\" \/><strong data-start=\"343\" data-end=\"358\">Par\u00e7a Kodu:<\/strong> &#8211;<br data-start=\"360\" data-end=\"363\" \/><strong data-start=\"363\" data-end=\"375\">Malzeme:<\/strong> Metal ala\u015f\u0131m ve kaliteli sigorta malzemesi<br data-start=\"418\" data-end=\"421\" \/><strong data-start=\"421\" data-end=\"440\">Kullan\u0131m Alan\u0131:<\/strong> Elektrik devrelerinde a\u015f\u0131r\u0131 ak\u0131m korumas\u0131<br data-start=\"482\" data-end=\"485\" \/><strong data-start=\"485\" data-end=\"497\">Avantaj:<\/strong> G\u00fcvenilir koruma, dayan\u0131kl\u0131 yap\u0131, uzun \u00f6m\u00fcrl\u00fc kullan\u0131m<\/p>\n<p data-start=\"554\" data-end=\"764\">\n","protected":false},"featured_media":13871,"template":"","meta":[],"product_brand":[],"product_cat":[442,443],"product_tag":[],"class_list":{"0":"post-13868","1":"product","2":"type-product","3":"status-publish","4":"has-post-thumbnail","6":"product_cat-aku-yedek-parcalari","7":"product_cat-aku-parcalari","9":"first","10":"instock","11":"taxable","12":"shipping-taxable","13":"purchasable","14":"product-type-simple"},"_links":{"self":[{"href":"https:\/\/ceoparts.com\/tr\/wp-json\/wp\/v2\/product\/13868","targetHints":{"allow":["GET"]}}],"collection":[{"href":"https:\/\/ceoparts.com\/tr\/wp-json\/wp\/v2\/product"}],"about":[{"href":"https:\/\/ceoparts.com\/tr\/wp-json\/wp\/v2\/types\/product"}],"wp:featuredmedia":[{"embeddable":true,"href":"https:\/\/ceoparts.com\/tr\/wp-json\/wp\/v2\/media\/13871"}],"wp:attachment":[{"href":"https:\/\/ceoparts.com\/tr\/wp-json\/wp\/v2\/media?parent=13868"}],"wp:term":[{"taxonomy":"product_brand","embeddable":true,"href":"https:\/\/ceoparts.com\/tr\/wp-json\/wp\/v2\/product_brand?post=13868"},{"taxonomy":"product_cat","embeddable":true,"href":"https:\/\/ceoparts.com\/tr\/wp-json\/wp\/v2\/product_cat?post=13868"},{"taxonomy":"product_tag","embeddable":true,"href":"https:\/\/ceoparts.com\/tr\/wp-json\/wp\/v2\/product_tag?post=13868"}],"curies":[{"name":"wp","href":"https:\/\/api.w.org\/{rel}","templated":true}]}}