{"id":13872,"date":"2025-02-03T15:06:47","date_gmt":"2025-02-03T12:06:47","guid":{"rendered":"https:\/\/ceoparts.com\/?post_type=product&#038;p=13872"},"modified":"2026-05-16T17:05:27","modified_gmt":"2026-05-16T14:05:27","slug":"250a-forklift-sigortasi","status":"publish","type":"product","link":"https:\/\/ceoparts.com\/tr\/urun\/250a-forklift-sigortasi\/","title":{"rendered":"250 A ANL Sigorta"},"content":{"rendered":"<p>250 A ANL Sigorta<\/p>","protected":false},"excerpt":{"rendered":"<p data-start=\"99\" data-end=\"276\"><br data-start=\"104\" data-end=\"107\" \/>250 ANL sigorta, elektrik sistemlerinde a\u015f\u0131r\u0131 ak\u0131m ve k\u0131sa devre korumas\u0131 sa\u011flar. Dayan\u0131kl\u0131 yap\u0131s\u0131 ve y\u00fcksek g\u00fcvenilirli\u011fi ile elektrik devrelerinin g\u00fcvenli\u011fini art\u0131r\u0131r.<\/p>\n<p data-start=\"278\" data-end=\"534\"><strong data-start=\"278\" data-end=\"293\">\u00d6zellikler:<\/strong><br data-start=\"293\" data-end=\"296\" \/><strong data-start=\"296\" data-end=\"309\">\u00dcr\u00fcn Ad\u0131:<\/strong> 250 ANL Sigorta<br data-start=\"325\" data-end=\"328\" \/><strong data-start=\"328\" data-end=\"343\">Par\u00e7a Kodu:<\/strong> &#8211;<br data-start=\"345\" data-end=\"348\" \/><strong data-start=\"348\" data-end=\"360\">Malzeme:<\/strong> Metal ala\u015f\u0131m ve kaliteli sigorta malzemesi<br data-start=\"403\" data-end=\"406\" \/><strong data-start=\"406\" data-end=\"425\">Kullan\u0131m Alan\u0131:<\/strong> Elektrik devrelerinde a\u015f\u0131r\u0131 ak\u0131m korumas\u0131<br data-start=\"467\" data-end=\"470\" \/><strong data-start=\"470\" data-end=\"482\">Avantaj:<\/strong> Y\u00fcksek koruma, dayan\u0131kl\u0131 yap\u0131, uzun \u00f6m\u00fcrl\u00fc kullan\u0131m<\/p>\n<p data-start=\"536\" data-end=\"703\">\n","protected":false},"featured_media":13873,"template":"","meta":[],"product_brand":[],"product_cat":[442,443],"product_tag":[],"class_list":{"0":"post-13872","1":"product","2":"type-product","3":"status-publish","4":"has-post-thumbnail","6":"product_cat-aku-yedek-parcalari","7":"product_cat-aku-parcalari","9":"first","10":"instock","11":"taxable","12":"shipping-taxable","13":"purchasable","14":"product-type-simple"},"_links":{"self":[{"href":"https:\/\/ceoparts.com\/tr\/wp-json\/wp\/v2\/product\/13872","targetHints":{"allow":["GET"]}}],"collection":[{"href":"https:\/\/ceoparts.com\/tr\/wp-json\/wp\/v2\/product"}],"about":[{"href":"https:\/\/ceoparts.com\/tr\/wp-json\/wp\/v2\/types\/product"}],"wp:featuredmedia":[{"embeddable":true,"href":"https:\/\/ceoparts.com\/tr\/wp-json\/wp\/v2\/media\/13873"}],"wp:attachment":[{"href":"https:\/\/ceoparts.com\/tr\/wp-json\/wp\/v2\/media?parent=13872"}],"wp:term":[{"taxonomy":"product_brand","embeddable":true,"href":"https:\/\/ceoparts.com\/tr\/wp-json\/wp\/v2\/product_brand?post=13872"},{"taxonomy":"product_cat","embeddable":true,"href":"https:\/\/ceoparts.com\/tr\/wp-json\/wp\/v2\/product_cat?post=13872"},{"taxonomy":"product_tag","embeddable":true,"href":"https:\/\/ceoparts.com\/tr\/wp-json\/wp\/v2\/product_tag?post=13872"}],"curies":[{"name":"wp","href":"https:\/\/api.w.org\/{rel}","templated":true}]}}