{"id":13876,"date":"2025-02-03T15:09:24","date_gmt":"2025-02-03T12:09:24","guid":{"rendered":"https:\/\/ceoparts.com\/?post_type=product&#038;p=13876"},"modified":"2026-05-17T01:32:28","modified_gmt":"2026-05-16T22:32:28","slug":"300a-forklift-sigortasi","status":"publish","type":"product","link":"https:\/\/ceoparts.com\/tr\/urun\/300a-forklift-sigortasi\/","title":{"rendered":"300 A ANL Sigorta"},"content":{"rendered":"<p>300 A ANL Sigorta<\/p>","protected":false},"excerpt":{"rendered":"<p data-start=\"99\" data-end=\"262\"><br data-start=\"104\" data-end=\"107\" \/>300 ANL sigorta, elektrik sistemlerinde a\u015f\u0131r\u0131 ak\u0131m ve k\u0131sa devre korumas\u0131 sa\u011flar. Dayan\u0131kl\u0131 yap\u0131s\u0131 ve g\u00fcvenilir performans\u0131 ile sistem g\u00fcvenli\u011fini art\u0131r\u0131r.<\/p>\n<p data-start=\"264\" data-end=\"526\"><strong data-start=\"264\" data-end=\"279\">\u00d6zellikler:<\/strong><br data-start=\"279\" data-end=\"282\" \/><strong data-start=\"282\" data-end=\"295\">\u00dcr\u00fcn Ad\u0131:<\/strong> 300 ANL Sigorta<br data-start=\"311\" data-end=\"314\" \/><strong data-start=\"314\" data-end=\"329\">Par\u00e7a Kodu:<\/strong> &#8211;<br data-start=\"331\" data-end=\"334\" \/><strong data-start=\"334\" data-end=\"346\">Malzeme:<\/strong> Metal ala\u015f\u0131m ve y\u00fcksek kaliteli sigorta malzemesi<br data-start=\"396\" data-end=\"399\" \/><strong data-start=\"399\" data-end=\"418\">Kullan\u0131m Alan\u0131:<\/strong> Elektrik devrelerinde a\u015f\u0131r\u0131 ak\u0131m korumas\u0131<br data-start=\"460\" data-end=\"463\" \/><strong data-start=\"463\" data-end=\"475\">Avantaj:<\/strong> G\u00fc\u00e7l\u00fc koruma, dayan\u0131kl\u0131 yap\u0131, uzun \u00f6m\u00fcrl\u00fc kullan\u0131m<\/p>\n<p data-start=\"528\" data-end=\"698\">\n","protected":false},"featured_media":13877,"template":"","meta":[],"product_brand":[],"product_cat":[442,443],"product_tag":[],"class_list":{"0":"post-13876","1":"product","2":"type-product","3":"status-publish","4":"has-post-thumbnail","6":"product_cat-aku-yedek-parcalari","7":"product_cat-aku-parcalari","9":"first","10":"instock","11":"taxable","12":"shipping-taxable","13":"purchasable","14":"product-type-simple"},"_links":{"self":[{"href":"https:\/\/ceoparts.com\/tr\/wp-json\/wp\/v2\/product\/13876","targetHints":{"allow":["GET"]}}],"collection":[{"href":"https:\/\/ceoparts.com\/tr\/wp-json\/wp\/v2\/product"}],"about":[{"href":"https:\/\/ceoparts.com\/tr\/wp-json\/wp\/v2\/types\/product"}],"wp:featuredmedia":[{"embeddable":true,"href":"https:\/\/ceoparts.com\/tr\/wp-json\/wp\/v2\/media\/13877"}],"wp:attachment":[{"href":"https:\/\/ceoparts.com\/tr\/wp-json\/wp\/v2\/media?parent=13876"}],"wp:term":[{"taxonomy":"product_brand","embeddable":true,"href":"https:\/\/ceoparts.com\/tr\/wp-json\/wp\/v2\/product_brand?post=13876"},{"taxonomy":"product_cat","embeddable":true,"href":"https:\/\/ceoparts.com\/tr\/wp-json\/wp\/v2\/product_cat?post=13876"},{"taxonomy":"product_tag","embeddable":true,"href":"https:\/\/ceoparts.com\/tr\/wp-json\/wp\/v2\/product_tag?post=13876"}],"curies":[{"name":"wp","href":"https:\/\/api.w.org\/{rel}","templated":true}]}}