{"id":13880,"date":"2025-02-03T15:14:41","date_gmt":"2025-02-03T12:14:41","guid":{"rendered":"https:\/\/ceoparts.com\/?post_type=product&#038;p=13880"},"modified":"2026-05-16T11:46:26","modified_gmt":"2026-05-16T08:46:26","slug":"400a-forklift-sigortasi","status":"publish","type":"product","link":"https:\/\/ceoparts.com\/tr\/urun\/400a-forklift-sigortasi\/","title":{"rendered":"400 A ANL Sigorta"},"content":{"rendered":"<p>400 A ANL Sigorta<\/p>","protected":false},"excerpt":{"rendered":"<p data-start=\"99\" data-end=\"283\"><br data-start=\"104\" data-end=\"107\" \/>Y\u00fcksek ak\u0131m korumas\u0131 sa\u011flayan 400 ANL sigorta, elektrik devrelerini a\u015f\u0131r\u0131 y\u00fcklenme ve k\u0131sa devreye kar\u015f\u0131 g\u00fcvenli \u015fekilde korur. Dayan\u0131kl\u0131 yap\u0131s\u0131 ile uzun \u00f6m\u00fcrl\u00fc kullan\u0131m sunar.<\/p>\n<p data-start=\"285\" data-end=\"556\"><strong data-start=\"285\" data-end=\"300\">\u00d6zellikler:<\/strong><br data-start=\"300\" data-end=\"303\" \/><strong data-start=\"303\" data-end=\"316\">\u00dcr\u00fcn Ad\u0131:<\/strong> 400 ANL Sigorta<br data-start=\"332\" data-end=\"335\" \/><strong data-start=\"335\" data-end=\"350\">Par\u00e7a Kodu:<\/strong> &#8211;<br data-start=\"352\" data-end=\"355\" \/><strong data-start=\"355\" data-end=\"367\">Malzeme:<\/strong> Metal ala\u015f\u0131m ve y\u00fcksek kaliteli sigorta malzemesi<br data-start=\"417\" data-end=\"420\" \/><strong data-start=\"420\" data-end=\"439\">Kullan\u0131m Alan\u0131:<\/strong> Elektrik sistemlerinde a\u015f\u0131r\u0131 ak\u0131m korumas\u0131<br data-start=\"482\" data-end=\"485\" \/><strong data-start=\"485\" data-end=\"497\">Avantaj:<\/strong> Y\u00fcksek ak\u0131m korumas\u0131, dayan\u0131kl\u0131 yap\u0131, g\u00fcvenilir performans<\/p>\n<p data-start=\"558\" data-end=\"743\">\n","protected":false},"featured_media":13881,"template":"","meta":[],"product_brand":[],"product_cat":[442,443],"product_tag":[],"class_list":{"0":"post-13880","1":"product","2":"type-product","3":"status-publish","4":"has-post-thumbnail","6":"product_cat-aku-yedek-parcalari","7":"product_cat-aku-parcalari","9":"first","10":"instock","11":"taxable","12":"shipping-taxable","13":"purchasable","14":"product-type-simple"},"_links":{"self":[{"href":"https:\/\/ceoparts.com\/tr\/wp-json\/wp\/v2\/product\/13880","targetHints":{"allow":["GET"]}}],"collection":[{"href":"https:\/\/ceoparts.com\/tr\/wp-json\/wp\/v2\/product"}],"about":[{"href":"https:\/\/ceoparts.com\/tr\/wp-json\/wp\/v2\/types\/product"}],"wp:featuredmedia":[{"embeddable":true,"href":"https:\/\/ceoparts.com\/tr\/wp-json\/wp\/v2\/media\/13881"}],"wp:attachment":[{"href":"https:\/\/ceoparts.com\/tr\/wp-json\/wp\/v2\/media?parent=13880"}],"wp:term":[{"taxonomy":"product_brand","embeddable":true,"href":"https:\/\/ceoparts.com\/tr\/wp-json\/wp\/v2\/product_brand?post=13880"},{"taxonomy":"product_cat","embeddable":true,"href":"https:\/\/ceoparts.com\/tr\/wp-json\/wp\/v2\/product_cat?post=13880"},{"taxonomy":"product_tag","embeddable":true,"href":"https:\/\/ceoparts.com\/tr\/wp-json\/wp\/v2\/product_tag?post=13880"}],"curies":[{"name":"wp","href":"https:\/\/api.w.org\/{rel}","templated":true}]}}