{"id":13884,"date":"2025-02-03T15:40:38","date_gmt":"2025-02-03T12:40:38","guid":{"rendered":"https:\/\/ceoparts.com\/?post_type=product&#038;p=13884"},"modified":"2026-05-16T18:34:48","modified_gmt":"2026-05-16T15:34:48","slug":"toyota-motor-devir-sensoru-141801324071","status":"publish","type":"product","link":"https:\/\/ceoparts.com\/tr\/urun\/toyota-motor-devir-sensoru-141801324071\/","title":{"rendered":"Toyota Motor Devir Sens\u00f6r\u00fc &#8211; 141801324071"},"content":{"rendered":"<p>Toyota Motor Devir Sens\u00f6r\u00fc &#8211; 141801324071<\/p>","protected":false},"excerpt":{"rendered":"<p data-start=\"136\" data-end=\"349\"><br data-start=\"141\" data-end=\"144\" \/>Toyota forklift ve i\u015f makineleri i\u00e7in \u00f6zel olarak \u00fcretilen motor devir sens\u00f6r\u00fc, motorun d\u00f6n\u00fc\u015f h\u0131z\u0131n\u0131 hassas \u015fekilde \u00f6l\u00e7er ve do\u011fru performans takibi sa\u011flar. Dayan\u0131kl\u0131 yap\u0131s\u0131 ile uzun \u00f6m\u00fcrl\u00fc kullan\u0131m sunar.<\/p>\n<p data-start=\"351\" data-end=\"643\"><strong data-start=\"351\" data-end=\"366\">\u00d6zellikler:<\/strong><br data-start=\"366\" data-end=\"369\" \/><strong data-start=\"369\" data-end=\"382\">\u00dcr\u00fcn Ad\u0131:<\/strong> Toyota Motor Devir Sens\u00f6r\u00fc<br data-start=\"409\" data-end=\"412\" \/><strong data-start=\"412\" data-end=\"427\">Par\u00e7a Kodu:<\/strong> 141801324071<br data-start=\"440\" data-end=\"443\" \/><strong data-start=\"443\" data-end=\"455\">Malzeme:<\/strong> Y\u00fcksek kaliteli elektronik ve metal bile\u015fenler<br data-start=\"502\" data-end=\"505\" \/><strong data-start=\"505\" data-end=\"524\">Kullan\u0131m Alan\u0131:<\/strong> Toyota forklift ve i\u015f makinelerinin motor h\u0131z \u00f6l\u00e7\u00fcm\u00fc<br data-start=\"577\" data-end=\"580\" \/><strong data-start=\"580\" data-end=\"592\">Avantaj:<\/strong> Hassas \u00f6l\u00e7\u00fcm, dayan\u0131kl\u0131 yap\u0131, uzun \u00f6m\u00fcrl\u00fc kullan\u0131m<\/p>\n<p data-start=\"645\" data-end=\"886\">\n","protected":false},"featured_media":13885,"template":"","meta":[],"product_brand":[],"product_cat":[469,521,530],"product_tag":[],"class_list":{"0":"post-13884","1":"product","2":"type-product","3":"status-publish","4":"has-post-thumbnail","6":"product_cat-elektrik-ve-sistem-parcalari","7":"product_cat-toyota","8":"product_cat-yedek-parca-toyota","10":"first","11":"instock","12":"taxable","13":"shipping-taxable","14":"purchasable","15":"product-type-simple"},"_links":{"self":[{"href":"https:\/\/ceoparts.com\/tr\/wp-json\/wp\/v2\/product\/13884","targetHints":{"allow":["GET"]}}],"collection":[{"href":"https:\/\/ceoparts.com\/tr\/wp-json\/wp\/v2\/product"}],"about":[{"href":"https:\/\/ceoparts.com\/tr\/wp-json\/wp\/v2\/types\/product"}],"wp:featuredmedia":[{"embeddable":true,"href":"https:\/\/ceoparts.com\/tr\/wp-json\/wp\/v2\/media\/13885"}],"wp:attachment":[{"href":"https:\/\/ceoparts.com\/tr\/wp-json\/wp\/v2\/media?parent=13884"}],"wp:term":[{"taxonomy":"product_brand","embeddable":true,"href":"https:\/\/ceoparts.com\/tr\/wp-json\/wp\/v2\/product_brand?post=13884"},{"taxonomy":"product_cat","embeddable":true,"href":"https:\/\/ceoparts.com\/tr\/wp-json\/wp\/v2\/product_cat?post=13884"},{"taxonomy":"product_tag","embeddable":true,"href":"https:\/\/ceoparts.com\/tr\/wp-json\/wp\/v2\/product_tag?post=13884"}],"curies":[{"name":"wp","href":"https:\/\/api.w.org\/{rel}","templated":true}]}}