{"id":13889,"date":"2025-02-03T16:13:52","date_gmt":"2025-02-03T13:13:52","guid":{"rendered":"https:\/\/ceoparts.com\/?post_type=product&#038;p=13889"},"modified":"2026-05-16T19:30:33","modified_gmt":"2026-05-16T16:30:33","slug":"linde-elektrik-motoru-18425458-50163570400","status":"publish","type":"product","link":"https:\/\/ceoparts.com\/tr\/urun\/linde-elektrik-motoru-18425458-50163570400\/","title":{"rendered":"Linde Elektrik Motoru &#8211; 18425458 , 50163570400"},"content":{"rendered":"<p>Linde Elektrik Motoru &#8211; 18425458 , 50163570400<\/p>","protected":false},"excerpt":{"rendered":"<p data-start=\"135\" data-end=\"415\"><br data-start=\"140\" data-end=\"143\" \/>Linde forklift modelleri i\u00e7in \u00f6zel olarak \u00fcretilen bu elektrik motoru, g\u00fc\u00e7l\u00fc performans\u0131 ve dayan\u0131kl\u0131 yap\u0131s\u0131 ile uzun \u00f6m\u00fcrl\u00fc kullan\u0131m sa\u011flar. Y\u00fcksek verimli tasar\u0131m\u0131 sayesinde enerji tasarrufu sa\u011flarken, forkliftin s\u00fcr\u00fc\u015f ve kald\u0131rma i\u015flemlerinde maksimum verimlilik sunar.<\/p>\n<p data-start=\"417\" data-end=\"712\"><strong data-start=\"417\" data-end=\"432\">\u00d6zellikler:<\/strong><br data-start=\"432\" data-end=\"435\" \/><strong data-start=\"435\" data-end=\"448\">\u00dcr\u00fcn Ad\u0131:<\/strong> Linde Elektrik Motoru<br data-start=\"470\" data-end=\"473\" \/><strong data-start=\"473\" data-end=\"488\">Par\u00e7a Kodu:<\/strong> 18425458, 50163570400<br data-start=\"510\" data-end=\"513\" \/><strong data-start=\"513\" data-end=\"525\">Malzeme:<\/strong> Y\u00fcksek kaliteli metal ve bak\u0131r sarg\u0131<br data-start=\"562\" data-end=\"565\" \/><strong data-start=\"565\" data-end=\"584\">Kullan\u0131m Alan\u0131:<\/strong> Linde forklift tahrik ve kald\u0131rma sistemleri<br data-start=\"629\" data-end=\"632\" \/><strong data-start=\"632\" data-end=\"644\">Avantaj:<\/strong> G\u00fc\u00e7l\u00fc performans, enerji verimlili\u011fi, uzun \u00f6m\u00fcrl\u00fc ve dayan\u0131kl\u0131 yap\u0131<\/p>\n<p data-start=\"714\" data-end=\"994\">\n","protected":false},"featured_media":13890,"template":"","meta":[],"product_brand":[],"product_cat":[246,470,523],"product_tag":[],"class_list":{"0":"post-13889","1":"product","2":"type-product","3":"status-publish","4":"has-post-thumbnail","6":"product_cat-linde","7":"product_cat-diger-yedek-parcalar","8":"product_cat-yedek-parca-linde","10":"first","11":"instock","12":"taxable","13":"shipping-taxable","14":"purchasable","15":"product-type-simple"},"_links":{"self":[{"href":"https:\/\/ceoparts.com\/tr\/wp-json\/wp\/v2\/product\/13889","targetHints":{"allow":["GET"]}}],"collection":[{"href":"https:\/\/ceoparts.com\/tr\/wp-json\/wp\/v2\/product"}],"about":[{"href":"https:\/\/ceoparts.com\/tr\/wp-json\/wp\/v2\/types\/product"}],"wp:featuredmedia":[{"embeddable":true,"href":"https:\/\/ceoparts.com\/tr\/wp-json\/wp\/v2\/media\/13890"}],"wp:attachment":[{"href":"https:\/\/ceoparts.com\/tr\/wp-json\/wp\/v2\/media?parent=13889"}],"wp:term":[{"taxonomy":"product_brand","embeddable":true,"href":"https:\/\/ceoparts.com\/tr\/wp-json\/wp\/v2\/product_brand?post=13889"},{"taxonomy":"product_cat","embeddable":true,"href":"https:\/\/ceoparts.com\/tr\/wp-json\/wp\/v2\/product_cat?post=13889"},{"taxonomy":"product_tag","embeddable":true,"href":"https:\/\/ceoparts.com\/tr\/wp-json\/wp\/v2\/product_tag?post=13889"}],"curies":[{"name":"wp","href":"https:\/\/api.w.org\/{rel}","templated":true}]}}